{"id":11,"date":"2011-01-02T21:16:57","date_gmt":"2011-01-02T21:16:57","guid":{"rendered":"http:\/\/www.musical-ensemble-erft.de\/wordpress\/?page_id=11"},"modified":"2022-10-27T09:16:36","modified_gmt":"2022-10-27T07:16:36","slug":"kontakt","status":"publish","type":"page","link":"https:\/\/www.musical-ensemble-erft.de\/wordpress\/kontakt\/","title":{"rendered":"Kontakt"},"content":{"rendered":"<p>Sie interessieren sich f\u00fcr eine Mitgliedschaft in unserem Verein? Dann haben wir <a href=\"https:\/\/www.musical-ensemble-erft.de\/wordpress\/verein\/mitglied-werden\/\">hier<\/a> alle Infos f\u00fcr Sie.<\/p>\n<p>Sie m\u00f6chten uns aus anderen Gr\u00fcnden erreichen, etwa unser Ensemble f\u00fcr einen Gastauftritt buchen oder mehr \u00fcber unsere Arbeit erfahren? Gerne! Da gibt es mehrere Wege:<\/p>\n<p><strong>Per Post:<\/strong> Musical Ensemble Erft e.V., c\/o Miguel Schlang, Zum Breitmaar 72, 50170 Kerpen<br \/>\n<strong>Per E-Mail: <\/strong>kontakt (at) musical-ensemble-erft.de<\/p>\n","protected":false},"excerpt":{"rendered":"<p>Sie interessieren sich f\u00fcr eine Mitgliedschaft in unserem Verein? Dann haben wir hier alle Infos f\u00fcr Sie. Sie m\u00f6chten uns aus anderen Gr\u00fcnden erreichen, etwa unser Ensemble f\u00fcr einen Gastauftritt buchen oder mehr \u00fcber unsere Arbeit erfahren? Gerne! Da gibt es mehrere Wege: Per Post: Musical Ensemble Erft e.V., c\/o Miguel Schlang, Zum Breitmaar 72, [&hellip;]<\/p>\n","protected":false},"author":1,"featured_media":0,"parent":0,"menu_order":12,"comment_status":"closed","ping_status":"closed","template":"","meta":{"footnotes":""},"class_list":["post-11","page","type-page","status-publish","hentry","post-preview"],"_links":{"self":[{"href":"https:\/\/www.musical-ensemble-erft.de\/wordpress\/wp-json\/wp\/v2\/pages\/11","targetHints":{"allow":["GET"]}}],"collection":[{"href":"https:\/\/www.musical-ensemble-erft.de\/wordpress\/wp-json\/wp\/v2\/pages"}],"about":[{"href":"https:\/\/www.musical-ensemble-erft.de\/wordpress\/wp-json\/wp\/v2\/types\/page"}],"author":[{"embeddable":true,"href":"https:\/\/www.musical-ensemble-erft.de\/wordpress\/wp-json\/wp\/v2\/users\/1"}],"replies":[{"embeddable":true,"href":"https:\/\/www.musical-ensemble-erft.de\/wordpress\/wp-json\/wp\/v2\/comments?post=11"}],"version-history":[{"count":4,"href":"https:\/\/www.musical-ensemble-erft.de\/wordpress\/wp-json\/wp\/v2\/pages\/11\/revisions"}],"predecessor-version":[{"id":5503,"href":"https:\/\/www.musical-ensemble-erft.de\/wordpress\/wp-json\/wp\/v2\/pages\/11\/revisions\/5503"}],"wp:attachment":[{"href":"https:\/\/www.musical-ensemble-erft.de\/wordpress\/wp-json\/wp\/v2\/media?parent=11"}],"curies":[{"name":"wp","href":"https:\/\/api.w.org\/{rel}","templated":true}]}}