{"id":1139,"date":"2012-08-29T13:07:17","date_gmt":"2012-08-29T13:07:17","guid":{"rendered":"http:\/\/www.musical-ensemble-erft.de\/wordpress\/?page_id=1139"},"modified":"2019-05-03T09:45:18","modified_gmt":"2019-05-03T07:45:18","slug":"videos","status":"publish","type":"page","link":"https:\/\/www.musical-ensemble-erft.de\/wordpress\/videos\/","title":{"rendered":"Videos"},"content":{"rendered":"Unsere Probenarbeit und Auftritte begleiten wir regelm\u00e4\u00dfig mit der Kamera &#8211; vom kurzen Einblick in das Warmup vor der Probe bis hin zu kompletten Songs bei unseren Konzerten. Mittlerweile gibt es in unserem Videokanal \u00fcber 50 Clips von &#8218;RENT&#8216;, &#8218;THE ADDAMS FAMILY&#8216;, den Shows &#8222;From the Soul&#8220; und den Konzertprojekten &#8218;Starlight Express&#8216;, &#8218;Musical meets Movies&#8216; und &#8218;Sternstunden&#8216; &#8211; \u00fcber 70.000 Mal sind diese Videos insgesamt schon angesehen worden!\n\n\n\n<strong>&#8218;FIRST DATE&#8216; (Mai 2019): Trailer, Einblicke in die Probenarbeit und hinter die Kulissen<\/strong>\n\n  <iframe loading=\"lazy\" src=\"https:\/\/www.youtube.com\/embed\/videoseries?list=PL0ZbeZRSJWI3lnX2tTR46mx9rJH_oYetI\" width=\"560\" height=\"315\" frameborder=\"0\" allowfullscreen=\"allowfullscreen\" data-mce-fragment=\"1\"><\/iframe> \n\n<strong>NEXT TO NORMAL: Trailer, Teaser-Videos und Probeneinblicke<\/strong>\n\n<iframe loading=\"lazy\" src=\"\/\/www.youtube.com\/embed\/videoseries?list=PL0ZbeZRSJWI0j3AZC_MnJ97L6Ki9HgcGo\" width=\"600\" height=\"338\" frameborder=\"0\" allowfullscreen=\"allowfullscreen\"><\/iframe>\n\n<strong>MAGIC TO DO: Einblicke in die Probenarbeit und die Konzerte<\/strong>\n\n<iframe loading=\"lazy\" src=\"\/\/www.youtube.com\/embed\/videoseries?list=PL0ZbeZRSJWI2OSSqjU7MmM3-mbrguqSSf\" width=\"600\" height=\"338\" frameborder=\"0\" allowfullscreen=\"allowfullscreen\"><\/iframe>\n\n<strong>THE ADDAMS FAMILY: Einblicke in die Proben und hinter die Kulissen<\/strong>\n\n<iframe loading=\"lazy\" src=\"\/\/www.youtube.com\/embed\/videoseries?list=PL0ZbeZRSJWI32yfcmgeUkzkyneBMXVsUz\" width=\"600\" height=\"338\" frameborder=\"0\" allowfullscreen=\"allowfullscreen\"><\/iframe>\n\n<strong>STARLIGHT EXPRESS Chorwoche: Einblicke in das Projekt<\/strong>\n\n<iframe loading=\"lazy\" src=\"\/\/www.youtube.com\/embed\/videoseries?list=PL0ZbeZRSJWI3sDo2A12U3NrQMgqHvyAuC\" width=\"600\" height=\"338\" frameborder=\"0\" allowfullscreen=\"allowfullscreen\"><\/iframe>\n<strong>&#8222;FROM THE SOUL &#8211; MUSICAL UNPLUGGED&#8220;: Einblicke in die Probenarbeit und Shows<\/strong>\n\n<iframe loading=\"lazy\" src=\"\/\/www.youtube.com\/embed\/videoseries?list=PL0ZbeZRSJWI28BBqUowpZ9oLw-zMijxw4\" width=\"600\" height=\"338\" frameborder=\"0\" allowfullscreen=\"allowfullscreen\"><\/iframe>\n<strong>&#8222;Songs For A New World &#8211; Lieder f\u00fcr eine neue Welt&#8220;: Einblicke in die Probenarbeit<\/strong>\n\n<iframe loading=\"lazy\" src=\"\/\/www.youtube.com\/embed\/videoseries?list=PL0ZbeZRSJWI2QwbtyPR11LPlkvDYLAaUb\" width=\"600\" height=\"338\" frameborder=\"0\" allowfullscreen=\"allowfullscreen\"><\/iframe>\n<strong>Die Weihnachtskonzerte &#8222;Sternstunden&#8220;, Dezember 2013: Hier gibt es Einblicke in Proben und Auftritte:<\/strong>\n\n<iframe loading=\"lazy\" src=\"\/\/www.youtube.com\/embed\/videoseries?list=PL0ZbeZRSJWI2zvk9UHtMjjT5buwPRUVlF\" width=\"600\" height=\"338\" frameborder=\"0\" allowfullscreen=\"allowfullscreen\"><\/iframe>\n<strong>Unser Konzertprogramm &#8218;Musical meets Movies&#8216; war im Mai und Juli 2013 zu sehen: Kleine Einblicke in Proben und Auftritte gibt es hier:<\/strong>\n\n<iframe loading=\"lazy\" src=\"\/\/www.youtube.com\/embed\/videoseries?list=PL0ZbeZRSJWI2NxI4evVjdjuPlsV9Bbp2a\" width=\"600\" height=\"338\" frameborder=\"0\" allowfullscreen=\"allowfullscreen\"><\/iframe>\n\n<strong>&#8218;RENT&#8216;: Seit Juni 2011 begleiteten wir die Probenarbeit f\u00fcr RENT mit der Kamera &#8211; hier gibt&#8217;s einige ausgew\u00e4hlte H\u00f6hepunkte und Musical Videos!<\/strong>\n\n<iframe loading=\"lazy\" src=\"\/\/www.youtube.com\/embed\/videoseries?list=PL0ZbeZRSJWI0BEkko6SyrxeIAyveIo20A\" width=\"600\" height=\"338\" frameborder=\"0\" allowfullscreen=\"allowfullscreen\"><\/iframe>","protected":false},"excerpt":{"rendered":"<p>Unsere Probenarbeit und Auftritte begleiten wir regelm\u00e4\u00dfig mit der Kamera &#8211; vom kurzen Einblick in das Warmup vor der Probe bis hin zu kompletten Songs bei unseren Konzerten. Mittlerweile gibt es in unserem Videokanal \u00fcber 50 Clips von &#8218;RENT&#8216;, &#8218;THE ADDAMS FAMILY&#8216;, den Shows &#8222;From the Soul&#8220; und den Konzertprojekten &#8218;Starlight Express&#8216;, &#8218;Musical meets Movies&#8216; [&hellip;]<\/p>\n","protected":false},"author":1,"featured_media":2196,"parent":0,"menu_order":9,"comment_status":"closed","ping_status":"closed","template":"","meta":{"footnotes":""},"class_list":["post-1139","page","type-page","status-publish","has-post-thumbnail","hentry","post-preview"],"_links":{"self":[{"href":"https:\/\/www.musical-ensemble-erft.de\/wordpress\/wp-json\/wp\/v2\/pages\/1139","targetHints":{"allow":["GET"]}}],"collection":[{"href":"https:\/\/www.musical-ensemble-erft.de\/wordpress\/wp-json\/wp\/v2\/pages"}],"about":[{"href":"https:\/\/www.musical-ensemble-erft.de\/wordpress\/wp-json\/wp\/v2\/types\/page"}],"author":[{"embeddable":true,"href":"https:\/\/www.musical-ensemble-erft.de\/wordpress\/wp-json\/wp\/v2\/users\/1"}],"replies":[{"embeddable":true,"href":"https:\/\/www.musical-ensemble-erft.de\/wordpress\/wp-json\/wp\/v2\/comments?post=1139"}],"version-history":[{"count":31,"href":"https:\/\/www.musical-ensemble-erft.de\/wordpress\/wp-json\/wp\/v2\/pages\/1139\/revisions"}],"predecessor-version":[{"id":5341,"href":"https:\/\/www.musical-ensemble-erft.de\/wordpress\/wp-json\/wp\/v2\/pages\/1139\/revisions\/5341"}],"wp:featuredmedia":[{"embeddable":true,"href":"https:\/\/www.musical-ensemble-erft.de\/wordpress\/wp-json\/wp\/v2\/media\/2196"}],"wp:attachment":[{"href":"https:\/\/www.musical-ensemble-erft.de\/wordpress\/wp-json\/wp\/v2\/media?parent=1139"}],"curies":[{"name":"wp","href":"https:\/\/api.w.org\/{rel}","templated":true}]}}