{"id":1187,"date":"2012-09-04T07:18:20","date_gmt":"2012-09-04T07:18:20","guid":{"rendered":"http:\/\/www.musical-ensemble-erft.de\/wordpress\/?page_id=1187"},"modified":"2012-09-04T07:18:20","modified_gmt":"2012-09-04T07:18:20","slug":"philipp-polzin-keys","status":"publish","type":"page","link":"https:\/\/www.musical-ensemble-erft.de\/wordpress\/projekte\/rent\/band\/philipp-polzin-keys\/","title":{"rendered":"Philipp Polzin (Keys &#038; musikalische Leitung)"},"content":{"rendered":"<p>Nach &#8218;tick, tick&#8230;BOOM!&#8216; 2010 ist Philipp bereits zum zweiten Mal als musikalischer Leiter beim Musical Ensemble Erft im Einsatz. Soeben hat der 27-J\u00e4hrige sein Studium der Ton- und Bildtechnik mit dem Hauptfach Klavier an der Robert-Schumann-Hochschule D\u00fcsseldorf abgeschlossen, jedoch auch schon viel Erfahrung im Profi-Gesch\u00e4ft sammeln k\u00f6nnen: Zuletzt war er als Korrepetitor f\u00fcr &#8218;Anatevka&#8216; bei den Bad Hersfelder Festspielen engagiert; 2011 arrangierte und produzierte Philipp die erfolgreiche Weihnachts-CD des Tenors Chris Murray und wird den Musicalstar im Herbst bei mehreren Konzerten am Klavier begleiten. <\/p>\n<p>Auch als Komponist ist das Multitalent gefragt: Philipp schrieb die Musik f\u00fcr zahlreiche B\u00fchnenst\u00fccke unter anderem an der Studiob\u00fchne K\u00f6ln, am Theater Harlekin und f\u00fcr das Ensemble Cajka. Gemeinsam mit Christian Dellacher komponierte er sein eigenes Musical &#8222;Der fliegende Holl\u00e4nder&#8220;, aus dem Ausschnitte unter anderem auf CD der Jubil\u00e4umsausgabe der Fachzeitschrift &#8222;Blickpunkt Musical&#8220; ver\u00f6ffentlicht wurden. Auch auf der B\u00fchne kann man den 27-J\u00e4hrigen regelm\u00e4\u00dfig erleben: Gemeinsam mit Angela Schl\u00fcter und Sascha Kollarz singt er im Musicalensemble &#8222;4Tunes&#8220;; als Schauspieler war er bereits am Theater Harlekin Frechen,  beim Matchboxtheater Leverkusen oder am Globe Theatre Neuss aktiv. <\/p>\n<p><a href=\"http:\/\/www.philipp-polzin.de\">www.philipp-polzin.de<\/a><\/p>\n","protected":false},"excerpt":{"rendered":"<p>Nach &#8218;tick, tick&#8230;BOOM!&#8216; 2010 ist Philipp bereits zum zweiten Mal als musikalischer Leiter beim Musical Ensemble Erft im Einsatz. Soeben hat der 27-J\u00e4hrige sein Studium der Ton- und Bildtechnik mit dem Hauptfach Klavier an der Robert-Schumann-Hochschule D\u00fcsseldorf abgeschlossen, jedoch auch schon viel Erfahrung im Profi-Gesch\u00e4ft sammeln k\u00f6nnen: Zuletzt war er als Korrepetitor f\u00fcr &#8218;Anatevka&#8216; bei [&hellip;]<\/p>\n","protected":false},"author":1,"featured_media":0,"parent":392,"menu_order":0,"comment_status":"open","ping_status":"open","template":"","meta":{"footnotes":""},"class_list":["post-1187","page","type-page","status-publish","hentry","post-preview"],"_links":{"self":[{"href":"https:\/\/www.musical-ensemble-erft.de\/wordpress\/wp-json\/wp\/v2\/pages\/1187","targetHints":{"allow":["GET"]}}],"collection":[{"href":"https:\/\/www.musical-ensemble-erft.de\/wordpress\/wp-json\/wp\/v2\/pages"}],"about":[{"href":"https:\/\/www.musical-ensemble-erft.de\/wordpress\/wp-json\/wp\/v2\/types\/page"}],"author":[{"embeddable":true,"href":"https:\/\/www.musical-ensemble-erft.de\/wordpress\/wp-json\/wp\/v2\/users\/1"}],"replies":[{"embeddable":true,"href":"https:\/\/www.musical-ensemble-erft.de\/wordpress\/wp-json\/wp\/v2\/comments?post=1187"}],"version-history":[{"count":0,"href":"https:\/\/www.musical-ensemble-erft.de\/wordpress\/wp-json\/wp\/v2\/pages\/1187\/revisions"}],"up":[{"embeddable":true,"href":"https:\/\/www.musical-ensemble-erft.de\/wordpress\/wp-json\/wp\/v2\/pages\/392"}],"wp:attachment":[{"href":"https:\/\/www.musical-ensemble-erft.de\/wordpress\/wp-json\/wp\/v2\/media?parent=1187"}],"curies":[{"name":"wp","href":"https:\/\/api.w.org\/{rel}","templated":true}]}}