{"id":122,"date":"2011-03-29T15:19:38","date_gmt":"2011-03-29T15:19:38","guid":{"rendered":"http:\/\/www.musical-ensemble-erft.de\/wordpress\/?page_id=122"},"modified":"2025-02-14T09:52:32","modified_gmt":"2025-02-14T07:52:32","slug":"impressum","status":"publish","type":"page","link":"https:\/\/www.musical-ensemble-erft.de\/wordpress\/kontakt\/impressum\/","title":{"rendered":"Impressum"},"content":{"rendered":"\n<p><span style=\"text-decoration: underline;\"><strong>Angaben gem\u00e4\u00df \u00a7 5 TMG:<\/strong><\/span><\/p>\n\n\n\n<p><strong>Betreiber der Website:<\/strong><br>Musical Ensemble Erft e.V.<br>&#8211; c\/o Miguel Schlang &#8211;<br>Zum Breitmaar 72<br>50170 Kerpen<\/p>\n\n\n\n<p><strong>Kontakt:<\/strong><br>Email: kontakt (at ) musical-ensemble-erft.de<\/p>\n\n\n\n<p><strong>Vertreten durch:<\/strong><br>Alexander Geiger<br>Barbara K\u00f6rner-Franck<br>Marco Maciejewski<br>Simone Rothkegel<br>Miguel Schlang<br>Joshua Vithayathil<br>Sarah Wichmann<\/p>\n\n\n\n<p><\/p>\n\n\n\n<p><strong>Registereintrag:<\/strong><br>Vereinsregister K\u00f6ln<br>Registernummer: VR17060<\/p>\n\n\n\n<p><strong>Verantwortlich f\u00fcr den Inhalt nach \u00a7 55 Abs. 2 RStV:<\/strong><br>Barbara K\u00f6rner-Franck<\/p>\n\n\n\n<p>Layout basierend auf dem WordPress Template &#8218;Stargazer&#8216;<br>Design und Programmierung: Barbara K\u00f6rner-Franck<\/p>\n\n\n\n<p><strong>Haftungsausschluss:<\/strong><br>Haftung f\u00fcr Inhalte<\/p>\n\n\n\n<p>Gem\u00e4\u00df \u00a7 7 Abs.1 TMG tragen wir nach den allgemeinen Gesetzen die Verantwortung f\u00fcr eigene Inhalte auf diesen Seiten. Allerdings sind wir als Dienstanbieter nach \u00a7\u00a7 8 bis 10 TMG nicht verpflichtet, \u00fcbermittelte oder gespeicherte fremde Informationen zu \u00fcberwachen oder nach Umst\u00e4nden zu forschen, die auf eine rechtswidrige T\u00e4tigkeit hindeuten. Davon ausgeschlossen sind die Verpflichtungen zur Entfernung bzw. Sperrung der Nutzung von Informationen nach den allgemeinen Gesetzen. Diesbez\u00fcglich ist eine Haftung allerdings erst ab dem Zeitpunkt der Kenntnis einer konkreten Rechtsverletzung m\u00f6glich. Sollten wir von einer entsprechenden Rechtsverletzung erfahren, werden wir die betreffenden Inhalte umgehend entfernen.<\/p>\n\n\n\n<p>Haftung f\u00fcr Links<\/p>\n\n\n\n<p>Trotz sorgf\u00e4ltiger Kontrolle \u00fcbernehmen wir keine Haftung f\u00fcr externe Links, auf deren Inhalt wir keinen Einfluss haben. F\u00fcr den Inhalt der verlinkten Seiten sind ausschlie\u00dflich deren Betreiber verantwortlich. Zum Zeitpunkt der Verlinkung haben wir die externen Links auf m\u00f6gliche Rechtsverst\u00f6\u00dfe \u00fcberpr\u00fcft und konnten keine rechtswidrigen Inhalte feststellen. Ohne konkrete Anhaltspunkte ist eine durchgehende Kontrolle der Inhalte jedoch nicht zumutbar. Sollten wir diesbez\u00fcglich von einer Rechtsverletzung erfahren, werden wir die betreffenden Links umgehend entfernen.<\/p>\n\n\n\n<p>Urheberrecht<\/p>\n\n\n\n<p>Die Inhalte und Werke auf diesen Seiten, die durch die Seitenbetreiber erstellt wurden, unterliegen dem deutschen Urheberrecht. F\u00fcr die Vervielf\u00e4ltigung, Bearbeitung, Verbreitung und jede Art der Verwertung au\u00dferhalb des Urheberrechts ist in jedem Fall die schriftliche Zustimmung des Verfassers notwendig. Downloads und Kopien sind ausschlie\u00dflich f\u00fcr den privaten, nicht kommerziellen Gebrauch zugelassen. Inhalte Dritter werden als solche gekennzeichnet und unterliegen den Urheberrechten Dritter. Sollten wir diesbez\u00fcglich von einer Rechtsverletzung erfahren, werden wir die betreffenden Inhalte umgehend entfernen.<\/p>\n\n\n\n<p>Datenschutz<\/p>\n\n\n\n<p>Als Betreiber dieser Seiten nehmen wir den Schutz Ihrer pers\u00f6nlichen Daten sehr ernst. Ihre personenbezogenen Daten werden von uns entsprechend der gesetzlichen Datenschutzvorschriften stets vertraulich behandelt. Personenbezogene Daten werden auf unseren Seiten, soweit m\u00f6glich, nur auf freiwilliger Basis erhoben und ohne Ihre ausdr\u00fcckliche Zustimmung nicht an Dritte weitergegeben. Wir m\u00f6chten Sie darauf hinweisen, dass die Daten\u00fcbertragung im Internet Sicherheitsl\u00fccken aufweisen kann und wir daher keinen hundertprozentigen Schutz der Daten vor dem Zugriff durch Dritte gew\u00e4hrleisten k\u00f6nnen.<\/p>\n\n\n\n<p>Datenschutzerkl\u00e4rung f\u00fcr die Nutzung von Facebook-Plugins<\/p>\n\n\n\n<p>Unsere Website enth\u00e4lt Plugins der Social Media Plattform Facebook, 1 Hacker Way, Menlo Park, California 94025, USA. Die Facebook-Plugins erscheinen in Form des Facebook-Logos und des Like-Buttons. Eine vollst\u00e4ndige \u00dcbersicht zu den verwendeten Plugins erhalten Sie unter: <a href=\"http:\/\/developers.facebook.com\/docs\/plugins\/\">http:\/\/developers.facebook.com\/docs\/plugins\/<\/a>.<\/p>\n\n\n\n<p>Durch Facebook-Plugins wird beim Besuch unserer Seite eine direkte Verbindung zwischen Ihrem Browser und dem Server des sozialen Netzwerks hergestellt. Dabei wird \u00fcbermittelt, mit welcher IP-Adresse Sie auf unserer Seite waren. Des Weiteren kann der Inhalt unserer Seite direkt mit Ihrem Facebook-Profil verlinkt werden, wenn Sie auf den \u201eGef\u00e4llt-mir\u201c-Button klicken. Dazu m\u00fcssen Sie zeitgleich bei Facebook eingeloggt sein. \u00dcber den Inhalt und die Nutzung der Daten, die \u00fcbermittelt werden, erhalten wir als Anbieter der Seite keine Kenntnis.<\/p>\n\n\n\n<p>Soll der Besuch unserer Seite nicht Ihrem Facebook-Konto zugeordnet werden, m\u00fcssen Sie sich vorab ausloggen. Ausf\u00fchrliche Informationen erhalten Sie in der Datenschutzerkl\u00e4rung von Facebook: <a href=\"http:\/\/de-de.facebook.com\/policy.php\">http:\/\/de-de.facebook.com\/policy.php<\/a>.<\/p>\n\n\n\n<p>Datenschutzerkl\u00e4rung f\u00fcr die Nutzung von Google Analytics<\/p>\n\n\n\n<p>Unsere Website verwendet Funktionen des Webanalysedienstes Google Analytics, Google Inc. 1600 Amphitheatre Parkway Mountain View, CA 94043, USA. Um die Nutzung unserer Website zu analysieren werden sogenannte \u201eCookies\u201c eingesetzt. Die dadurch generierten Informationen werden \u00fcblicherweise an einen Server von Google in den USA weitergeleitet und dort gespeichert.<\/p>\n\n\n\n<p>Vor der \u00dcbertragung wird ihre volle IP-Adresse in der Regel, innerhalb von Mitgliedsstaaten der Europ\u00e4ischen Union oder in anderen Vertragsstaaten des Abkommens \u00fcber den Europ\u00e4ischen Wirtschaftsraum, gek\u00fcrzt. In unserem Auftrag werden die Informationen genutzt, um Reports \u00fcber die Websiteaktivit\u00e4ten zu erstellen und um diesbez\u00fcglich weitere Dienstleistungen zu erbringen. Ihre IP-Adresse wird dabei nicht mit anderen Daten von Google zusammengebracht.<\/p>\n\n\n\n<p>Wenn Sie keine Speicherung der Cookies w\u00fcnschen, k\u00f6nnen sie dies durch eine entsprechende Einstellung Ihrer Browser-Software unterbinden. In diesem Fall k\u00f6nnen gegebenenfalls jedoch nicht alle Funktionen unserer Website genutzt werden. Mit dem unter folgendem Link verf\u00fcgbaren Browser-Plugin k\u00f6nnen Sie die Erfassung und die Verarbeitung der durch das Cookie erzeugten Daten verhindern: <a href=\"http:\/\/tools.google.com\/dlpage\/gaoptout?hl=de\">http:\/\/tools.google.com\/dlpage\/gaoptout?hl=de<\/a><\/p>\n\n\n\n<p><a href=\"https:\/\/www.rechtsanwalt.com\/anwaltsmarketing\" target=\"_blank\" rel=\"noopener\">Impressum erstellt von rechtsanwalt.com<\/a><\/p>\n","protected":false},"excerpt":{"rendered":"<p>Angaben gem\u00e4\u00df \u00a7 5 TMG: Betreiber der Website:Musical Ensemble Erft e.V.&#8211; c\/o Miguel Schlang &#8211;Zum Breitmaar 7250170 Kerpen Kontakt:Email: kontakt (at ) musical-ensemble-erft.de Vertreten durch:Alexander GeigerBarbara K\u00f6rner-FranckMarco MaciejewskiSimone RothkegelMiguel SchlangJoshua VithayathilSarah Wichmann Registereintrag:Vereinsregister K\u00f6lnRegisternummer: VR17060 Verantwortlich f\u00fcr den Inhalt nach \u00a7 55 Abs. 2 RStV:Barbara K\u00f6rner-Franck Layout basierend auf dem WordPress Template &#8218;Stargazer&#8216;Design und Programmierung: [&hellip;]<\/p>\n","protected":false},"author":1,"featured_media":0,"parent":11,"menu_order":5,"comment_status":"closed","ping_status":"closed","template":"","meta":{"footnotes":""},"class_list":["post-122","page","type-page","status-publish","hentry","post-preview"],"_links":{"self":[{"href":"https:\/\/www.musical-ensemble-erft.de\/wordpress\/wp-json\/wp\/v2\/pages\/122","targetHints":{"allow":["GET"]}}],"collection":[{"href":"https:\/\/www.musical-ensemble-erft.de\/wordpress\/wp-json\/wp\/v2\/pages"}],"about":[{"href":"https:\/\/www.musical-ensemble-erft.de\/wordpress\/wp-json\/wp\/v2\/types\/page"}],"author":[{"embeddable":true,"href":"https:\/\/www.musical-ensemble-erft.de\/wordpress\/wp-json\/wp\/v2\/users\/1"}],"replies":[{"embeddable":true,"href":"https:\/\/www.musical-ensemble-erft.de\/wordpress\/wp-json\/wp\/v2\/comments?post=122"}],"version-history":[{"count":8,"href":"https:\/\/www.musical-ensemble-erft.de\/wordpress\/wp-json\/wp\/v2\/pages\/122\/revisions"}],"predecessor-version":[{"id":5761,"href":"https:\/\/www.musical-ensemble-erft.de\/wordpress\/wp-json\/wp\/v2\/pages\/122\/revisions\/5761"}],"up":[{"embeddable":true,"href":"https:\/\/www.musical-ensemble-erft.de\/wordpress\/wp-json\/wp\/v2\/pages\/11"}],"wp:attachment":[{"href":"https:\/\/www.musical-ensemble-erft.de\/wordpress\/wp-json\/wp\/v2\/media?parent=122"}],"curies":[{"name":"wp","href":"https:\/\/api.w.org\/{rel}","templated":true}]}}