{"id":1261,"date":"2012-11-28T21:57:51","date_gmt":"2012-11-28T21:57:51","guid":{"rendered":"http:\/\/www.musical-ensemble-erft.de\/wordpress\/?page_id=1261"},"modified":"2017-04-04T09:49:20","modified_gmt":"2017-04-04T09:49:20","slug":"rent","status":"publish","type":"page","link":"https:\/\/www.musical-ensemble-erft.de\/wordpress\/projekte\/rent\/","title":{"rendered":"RENT"},"content":{"rendered":"<p>Im September 2012 pr\u00e4sentierte das Musical Ensemble Erft das Musical RENT in Kerpen. Hier gibt es zahlreiche Informationen zu unseren f\u00fcnf Auff\u00fchrungen von Jonathan Larsons Welterfolg: Alles \u00fcber das <a href=\"https:\/\/www.musical-ensemble-erft.de\/wordpress\/projekte\/rent\/das-stuck\/\">St\u00fcck<\/a>, <a href=\"https:\/\/www.musical-ensemble-erft.de\/wordpress\/projekte\/rent\/cast\/\">Cast<\/a>, <a href=\"https:\/\/www.musical-ensemble-erft.de\/wordpress\/projekte\/rent\/band\/\">Band<\/a> und <a href=\"https:\/\/www.musical-ensemble-erft.de\/wordpress\/projekte\/rent\/kreativteam\/\">Kreativteam<\/a>, unsere <a href=\"https:\/\/www.musical-ensemble-erft.de\/wordpress\/projekte\/rent\/sponsoren-und-partner\/\">Sponsoren und Partner<\/a> und nat\u00fcrlich eine <a href=\"https:\/\/www.musical-ensemble-erft.de\/wordpress\/projekte\/rent\/galerie\/\">Galerie<\/a> der Shows. Auf unserer <a href=\"https:\/\/www.musical-ensemble-erft.de\/wordpress\/videos\/\">Videoseite <\/a>finden sich zudem zahlreiche Eindr\u00fccke der Proben und der Trailer zur Show!<\/p>\n<p><a href=\"https:\/\/www.musical-ensemble-erft.de\/wordpress\/wp-content\/uploads\/2012\/11\/flyer_rent_frontsmall.jpg\" data-rel=\"lightbox-image-0\" data-rl_title=\"\" data-rl_caption=\"\" title=\"\"><img loading=\"lazy\" decoding=\"async\" src=\"https:\/\/www.musical-ensemble-erft.de\/wordpress\/wp-content\/uploads\/2012\/11\/flyer_rent_frontsmall.jpg\" alt=\"flyer_rent_frontsmall\" width=\"600\" height=\"837\" class=\"aligncenter size-full wp-image-2980\" srcset=\"https:\/\/www.musical-ensemble-erft.de\/wordpress\/wp-content\/uploads\/2012\/11\/flyer_rent_frontsmall.jpg 600w, https:\/\/www.musical-ensemble-erft.de\/wordpress\/wp-content\/uploads\/2012\/11\/flyer_rent_frontsmall-215x300.jpg 215w\" sizes=\"auto, (max-width: 600px) 100vw, 600px\" \/><\/a><\/p>\n","protected":false},"excerpt":{"rendered":"<p>Im September 2012 pr\u00e4sentierte das Musical Ensemble Erft das Musical RENT in Kerpen. Hier gibt es zahlreiche Informationen zu unseren f\u00fcnf Auff\u00fchrungen von Jonathan Larsons Welterfolg: Alles \u00fcber das St\u00fcck, Cast, Band und Kreativteam, unsere Sponsoren und Partner und nat\u00fcrlich eine Galerie der Shows. Auf unserer Videoseite finden sich zudem zahlreiche Eindr\u00fccke der Proben und [&hellip;]<\/p>\n","protected":false},"author":1,"featured_media":2980,"parent":1259,"menu_order":9,"comment_status":"closed","ping_status":"closed","template":"","meta":{"footnotes":""},"class_list":["post-1261","page","type-page","status-publish","has-post-thumbnail","hentry","post-preview"],"_links":{"self":[{"href":"https:\/\/www.musical-ensemble-erft.de\/wordpress\/wp-json\/wp\/v2\/pages\/1261","targetHints":{"allow":["GET"]}}],"collection":[{"href":"https:\/\/www.musical-ensemble-erft.de\/wordpress\/wp-json\/wp\/v2\/pages"}],"about":[{"href":"https:\/\/www.musical-ensemble-erft.de\/wordpress\/wp-json\/wp\/v2\/types\/page"}],"author":[{"embeddable":true,"href":"https:\/\/www.musical-ensemble-erft.de\/wordpress\/wp-json\/wp\/v2\/users\/1"}],"replies":[{"embeddable":true,"href":"https:\/\/www.musical-ensemble-erft.de\/wordpress\/wp-json\/wp\/v2\/comments?post=1261"}],"version-history":[{"count":2,"href":"https:\/\/www.musical-ensemble-erft.de\/wordpress\/wp-json\/wp\/v2\/pages\/1261\/revisions"}],"predecessor-version":[{"id":2981,"href":"https:\/\/www.musical-ensemble-erft.de\/wordpress\/wp-json\/wp\/v2\/pages\/1261\/revisions\/2981"}],"up":[{"embeddable":true,"href":"https:\/\/www.musical-ensemble-erft.de\/wordpress\/wp-json\/wp\/v2\/pages\/1259"}],"wp:featuredmedia":[{"embeddable":true,"href":"https:\/\/www.musical-ensemble-erft.de\/wordpress\/wp-json\/wp\/v2\/media\/2980"}],"wp:attachment":[{"href":"https:\/\/www.musical-ensemble-erft.de\/wordpress\/wp-json\/wp\/v2\/media?parent=1261"}],"curies":[{"name":"wp","href":"https:\/\/api.w.org\/{rel}","templated":true}]}}