{"id":1293,"date":"2012-11-28T22:25:54","date_gmt":"2012-11-28T22:25:54","guid":{"rendered":"http:\/\/www.musical-ensemble-erft.de\/wordpress\/?page_id=1293"},"modified":"2017-04-04T10:11:30","modified_gmt":"2017-04-04T10:11:30","slug":"cast-band-team","status":"publish","type":"page","link":"https:\/\/www.musical-ensemble-erft.de\/wordpress\/projekte\/tick-tick-boom\/cast-band-team\/","title":{"rendered":"Cast, Band &#038; Team"},"content":{"rendered":"<p>Cast:<br \/>\nJon &#8211; Oliver Morschel \/ Daniel Wichmann<br \/>\nSusan &#8211; Marina Schmitz \/ Michaela Berg<br \/>\nMichael &#8211; Sascha Kollarz \/ Joshua Vithayathil<\/p>\n<p>Band:<br \/>\nKeyboards &#038; Musikalische Leitung: Philipp Polzin<br \/>\nGitarre: Anja Arnold<br \/>\nBass: Steffen Morschel<br \/>\nDrums &#038; Percussion: Jan Krogull<\/p>\n<p>Kreativteam:<br \/>\nInszenierung, deutsche Dialoge &#038; Gesamtleitung: Barbara Franck<br \/>\nRegie, Staging &#038; Lichtdesign: Marco Maciejewski<br \/>\nRegieassistenz: Barbara Becker \/ Sarah Wichmann<\/p>\n<p> Die \u00dcbertragung des Auff\u00fchrungsrechtes erfolgte in \u00dcbereinkunft mit JOSEF WEINBERGER LTD im Namen von MUSIC THEATRE INTERNATIONAL. B\u00fchnenvertrieb: MUSIK UND B\u00dcHNE, Wiesbaden.<\/p>\n","protected":false},"excerpt":{"rendered":"<p>Cast: Jon &#8211; Oliver Morschel \/ Daniel Wichmann Susan &#8211; Marina Schmitz \/ Michaela Berg Michael &#8211; Sascha Kollarz \/ Joshua Vithayathil Band: Keyboards &#038; Musikalische Leitung: Philipp Polzin Gitarre: Anja Arnold Bass: Steffen Morschel Drums &#038; Percussion: Jan Krogull Kreativteam: Inszenierung, deutsche Dialoge &#038; Gesamtleitung: Barbara Franck Regie, Staging &#038; Lichtdesign: Marco Maciejewski Regieassistenz: [&hellip;]<\/p>\n","protected":false},"author":1,"featured_media":0,"parent":1263,"menu_order":2,"comment_status":"closed","ping_status":"closed","template":"","meta":{"footnotes":""},"class_list":["post-1293","page","type-page","status-publish","hentry","post-preview"],"_links":{"self":[{"href":"https:\/\/www.musical-ensemble-erft.de\/wordpress\/wp-json\/wp\/v2\/pages\/1293","targetHints":{"allow":["GET"]}}],"collection":[{"href":"https:\/\/www.musical-ensemble-erft.de\/wordpress\/wp-json\/wp\/v2\/pages"}],"about":[{"href":"https:\/\/www.musical-ensemble-erft.de\/wordpress\/wp-json\/wp\/v2\/types\/page"}],"author":[{"embeddable":true,"href":"https:\/\/www.musical-ensemble-erft.de\/wordpress\/wp-json\/wp\/v2\/users\/1"}],"replies":[{"embeddable":true,"href":"https:\/\/www.musical-ensemble-erft.de\/wordpress\/wp-json\/wp\/v2\/comments?post=1293"}],"version-history":[{"count":1,"href":"https:\/\/www.musical-ensemble-erft.de\/wordpress\/wp-json\/wp\/v2\/pages\/1293\/revisions"}],"predecessor-version":[{"id":4341,"href":"https:\/\/www.musical-ensemble-erft.de\/wordpress\/wp-json\/wp\/v2\/pages\/1293\/revisions\/4341"}],"up":[{"embeddable":true,"href":"https:\/\/www.musical-ensemble-erft.de\/wordpress\/wp-json\/wp\/v2\/pages\/1263"}],"wp:attachment":[{"href":"https:\/\/www.musical-ensemble-erft.de\/wordpress\/wp-json\/wp\/v2\/media?parent=1293"}],"curies":[{"name":"wp","href":"https:\/\/api.w.org\/{rel}","templated":true}]}}