{"id":1307,"date":"2012-12-03T18:58:39","date_gmt":"2012-12-03T18:58:39","guid":{"rendered":"http:\/\/www.musical-ensemble-erft.de\/wordpress\/?page_id=1307"},"modified":"2017-04-04T10:11:26","modified_gmt":"2017-04-04T10:11:26","slug":"das-stuck","status":"publish","type":"page","link":"https:\/\/www.musical-ensemble-erft.de\/wordpress\/projekte\/tick-tick-boom\/das-stuck\/","title":{"rendered":"Das St\u00fcck"},"content":{"rendered":"<p>New York, 1990. Komponist Jonathan steht kurz vor seinem 30. Geburtstag \u2013 und vor wichtigen Entscheidungen. Seine Freundin Susan will heiraten und aufs Land ziehen, sein bester Freund Michael macht Karriere in der Marktforschung \u2013 nur Jon verdient weiter sein Geld als Kellner und versucht nebenbei, das n\u00e4chste gro\u00dfe amerikanische Musical zu schreiben. Soll er weiter um jeden Preis seinen k\u00fcnstlerischen Tr\u00e4umen nachgehen &#8211; oder w\u00e4re es vielleicht langsam Zeit, sich der Realit\u00e4t zu stellen und endlich erwachsen zu werden? <\/p>\n<p>&#8222;tick, tick\u2026BOOM!&#8220; ist das autobiographische Fr\u00fchwerk des Pulitzer-Preis-gekr\u00f6nten Musical-Komponisten Jonathan Larson (&#8222;RENT&#8220;). Neun Jahre nach der umjubelten Premiere in New York zeigten wir im M\u00e4rz 2010 die Deutschlandpremiere von &#8222;tick, tick\u2026BOOM!&#8220;. In vierzehn pulsierenden Songs erweckten eine vierk\u00f6pfige Live-Band und drei Darsteller in zehn Rollen Jonathans Weg wieder zum Leben. Die Lieder wurden in Englisch pr\u00e4sentiert, die Dialoge in einer eigenen \u00dcbersetzung auf Deutsch. <\/p>\n","protected":false},"excerpt":{"rendered":"<p>New York, 1990. Komponist Jonathan steht kurz vor seinem 30. Geburtstag \u2013 und vor wichtigen Entscheidungen. Seine Freundin Susan will heiraten und aufs Land ziehen, sein bester Freund Michael macht Karriere in der Marktforschung \u2013 nur Jon verdient weiter sein Geld als Kellner und versucht nebenbei, das n\u00e4chste gro\u00dfe amerikanische Musical zu schreiben. Soll er [&hellip;]<\/p>\n","protected":false},"author":1,"featured_media":0,"parent":1263,"menu_order":0,"comment_status":"closed","ping_status":"closed","template":"","meta":{"footnotes":""},"class_list":["post-1307","page","type-page","status-publish","hentry","post-preview"],"_links":{"self":[{"href":"https:\/\/www.musical-ensemble-erft.de\/wordpress\/wp-json\/wp\/v2\/pages\/1307","targetHints":{"allow":["GET"]}}],"collection":[{"href":"https:\/\/www.musical-ensemble-erft.de\/wordpress\/wp-json\/wp\/v2\/pages"}],"about":[{"href":"https:\/\/www.musical-ensemble-erft.de\/wordpress\/wp-json\/wp\/v2\/types\/page"}],"author":[{"embeddable":true,"href":"https:\/\/www.musical-ensemble-erft.de\/wordpress\/wp-json\/wp\/v2\/users\/1"}],"replies":[{"embeddable":true,"href":"https:\/\/www.musical-ensemble-erft.de\/wordpress\/wp-json\/wp\/v2\/comments?post=1307"}],"version-history":[{"count":1,"href":"https:\/\/www.musical-ensemble-erft.de\/wordpress\/wp-json\/wp\/v2\/pages\/1307\/revisions"}],"predecessor-version":[{"id":3849,"href":"https:\/\/www.musical-ensemble-erft.de\/wordpress\/wp-json\/wp\/v2\/pages\/1307\/revisions\/3849"}],"up":[{"embeddable":true,"href":"https:\/\/www.musical-ensemble-erft.de\/wordpress\/wp-json\/wp\/v2\/pages\/1263"}],"wp:attachment":[{"href":"https:\/\/www.musical-ensemble-erft.de\/wordpress\/wp-json\/wp\/v2\/media?parent=1307"}],"curies":[{"name":"wp","href":"https:\/\/api.w.org\/{rel}","templated":true}]}}