{"id":1321,"date":"2013-02-22T13:11:23","date_gmt":"2013-02-22T13:11:23","guid":{"rendered":"http:\/\/www.musical-ensemble-erft.de\/wordpress\/?page_id=1321"},"modified":"2017-04-04T09:54:26","modified_gmt":"2017-04-04T09:54:26","slug":"musical-meets-movies","status":"publish","type":"page","link":"https:\/\/www.musical-ensemble-erft.de\/wordpress\/projekte\/musical-meets-movies\/","title":{"rendered":"Musical meets Movies"},"content":{"rendered":"<p>Konzert-Premiere f\u00fcr das Musical Ensemble Erft e.V.: Im Mai und Juli 2013 pr\u00e4sentierten wir im Soziokulturelles Zentrum Horrem unser Programm &#8222;Musical meets Movies&#8220;. <\/p>\n<p><a href=\"https:\/\/www.musical-ensemble-erft.de\/wordpress\/projekte\/musical-meets-movies\/programm\/\">Das Programm<\/a><br \/>\n<a href=\"https:\/\/www.musical-ensemble-erft.de\/wordpress\/projekte\/musical-meets-movies\/ensemble-crew\/\">Ensemble &#038; Crew<\/a><br \/>\n<a href=\"https:\/\/www.musical-ensemble-erft.de\/wordpress\/projekte\/musical-meets-movies\/galerie\/\">Galerie<\/a><\/p>\n<p>Begleitet von Philipp Polzin am Klavier, waren die 16 S\u00e4nger mit Hits und Klassikern von &#8222;Les Mis\u00e9rables&#8220; und &#8222;Die Sch\u00f6ne und das Biest&#8220; bis zu brandaktuellen St\u00fccken wie &#8222;Ghost &#8211; Nachricht von Sam&#8220; zu h\u00f6ren. F\u00fcr das zweite Konzert konnten wir dabei einen besonderen Gast gewinnen: Deutschlands Musical-Jungstar Dominik Hees, bis 2009 bei uns im Ensemble aktiv, stand gemeinsam mit uns auf der B\u00fchne. Hier gibt es alle Infos zum  Ensemble der Konzerte und eine kleine Galerie. Einige Videos zu &#8222;Musical meets Movies&#8220; haben wir auf unserer <a href=\"https:\/\/www.musical-ensemble-erft.de\/wordpress\/videos\/\">Videoseite <\/a>eingestellt!<\/p>\n<div id=\"attachment_1755\" style=\"width: 1031px\" class=\"wp-caption aligncenter\"><a href=\"https:\/\/www.musical-ensemble-erft.de\/wordpress\/wp-content\/uploads\/2011\/01\/musical-ensemble-erft-2.jpg\" data-rel=\"lightbox-image-0\" data-rl_title=\"Das Musical Ensemble Erft bei der Premiere des Konzertprogramms &quot;Musical meets Movies&quot; im Mai 2013.\" data-rl_caption=\"\" title=\"Das Musical Ensemble Erft bei der Premiere des Konzertprogramms &quot;Musical meets Movies&quot; im Mai 2013.\"><img loading=\"lazy\" decoding=\"async\" aria-describedby=\"caption-attachment-1755\" src=\"https:\/\/www.musical-ensemble-erft.de\/wordpress\/wp-content\/uploads\/2011\/01\/musical-ensemble-erft-2.jpg\" alt=\"\" width=\"1021\" height=\"657\" class=\"size-full wp-image-1755\" srcset=\"https:\/\/www.musical-ensemble-erft.de\/wordpress\/wp-content\/uploads\/2011\/01\/musical-ensemble-erft-2.jpg 1021w, https:\/\/www.musical-ensemble-erft.de\/wordpress\/wp-content\/uploads\/2011\/01\/musical-ensemble-erft-2-300x193.jpg 300w\" sizes=\"auto, (max-width: 1021px) 100vw, 1021px\" \/><\/a><p id=\"caption-attachment-1755\" class=\"wp-caption-text\">Das Musical Ensemble Erft bei der Premiere des Konzertprogramms &#8222;Musical meets Movies&#8220; im Mai 2013.<\/p><\/div>\n","protected":false},"excerpt":{"rendered":"<p>Konzert-Premiere f\u00fcr das Musical Ensemble Erft e.V.: Im Mai und Juli 2013 pr\u00e4sentierten wir im Soziokulturelles Zentrum Horrem unser Programm &#8222;Musical meets Movies&#8220;. Das Programm Ensemble &#038; Crew Galerie Begleitet von Philipp Polzin am Klavier, waren die 16 S\u00e4nger mit Hits und Klassikern von &#8222;Les Mis\u00e9rables&#8220; und &#8222;Die Sch\u00f6ne und das Biest&#8220; bis zu brandaktuellen [&hellip;]<\/p>\n","protected":false},"author":1,"featured_media":1523,"parent":1259,"menu_order":8,"comment_status":"closed","ping_status":"closed","template":"","meta":{"footnotes":""},"class_list":["post-1321","page","type-page","status-publish","has-post-thumbnail","hentry","post-preview"],"_links":{"self":[{"href":"https:\/\/www.musical-ensemble-erft.de\/wordpress\/wp-json\/wp\/v2\/pages\/1321","targetHints":{"allow":["GET"]}}],"collection":[{"href":"https:\/\/www.musical-ensemble-erft.de\/wordpress\/wp-json\/wp\/v2\/pages"}],"about":[{"href":"https:\/\/www.musical-ensemble-erft.de\/wordpress\/wp-json\/wp\/v2\/types\/page"}],"author":[{"embeddable":true,"href":"https:\/\/www.musical-ensemble-erft.de\/wordpress\/wp-json\/wp\/v2\/users\/1"}],"replies":[{"embeddable":true,"href":"https:\/\/www.musical-ensemble-erft.de\/wordpress\/wp-json\/wp\/v2\/comments?post=1321"}],"version-history":[{"count":4,"href":"https:\/\/www.musical-ensemble-erft.de\/wordpress\/wp-json\/wp\/v2\/pages\/1321\/revisions"}],"predecessor-version":[{"id":4336,"href":"https:\/\/www.musical-ensemble-erft.de\/wordpress\/wp-json\/wp\/v2\/pages\/1321\/revisions\/4336"}],"up":[{"embeddable":true,"href":"https:\/\/www.musical-ensemble-erft.de\/wordpress\/wp-json\/wp\/v2\/pages\/1259"}],"wp:featuredmedia":[{"embeddable":true,"href":"https:\/\/www.musical-ensemble-erft.de\/wordpress\/wp-json\/wp\/v2\/media\/1523"}],"wp:attachment":[{"href":"https:\/\/www.musical-ensemble-erft.de\/wordpress\/wp-json\/wp\/v2\/media?parent=1321"}],"curies":[{"name":"wp","href":"https:\/\/api.w.org\/{rel}","templated":true}]}}