{"id":1336,"date":"2013-03-04T16:31:27","date_gmt":"2013-03-04T16:31:27","guid":{"rendered":"http:\/\/www.musical-ensemble-erft.de\/wordpress\/?page_id=1336"},"modified":"2017-04-04T09:49:41","modified_gmt":"2017-04-04T09:49:41","slug":"historie","status":"publish","type":"page","link":"https:\/\/www.musical-ensemble-erft.de\/wordpress\/projekte\/historie\/","title":{"rendered":"Historie"},"content":{"rendered":"<p>Musical in Kerpen &#8211; das hat Tradition! Bereits vor der offiziellen Eintragung als Verein realisierten das Kreativteam und zahlreiche der aktuellen Darsteller des Musical Ensemble Erft unter anderem folgende Projekte:<\/p>\n<p><strong>2009: <\/strong>&#8222;Jeder neue Tag&#8220; (Folk-Musical; Musical-Projekt am Gymnasium Kerpen)<br \/>\n<strong>2007: <\/strong>&#8222;Best of Musicals&#8220; (Zwei gro\u00dfe Gala-Programme: 45 S\u00e4nger und T\u00e4nzer brachten \u00fcber 60 Songs mit Kost\u00fcm und voller Choreographie auf die B\u00fchne; Musical-AG Gymnasium Kerpen:)<br \/>\n<strong>2006:<\/strong> &#8222;Vampire&#8220; (Grusical; Musical-AG Gymnasium Kerpen)<br \/>\n<strong>2005:<\/strong> &#8222;Jede Geschichte handelt von der Liebe&#8220; (basierend auf Elton John&#8217;s &#8218;Aida&#8216;; Musical-AG Gymnasium Kerpen)<br \/>\n<strong>2004:<\/strong> &#8222;Broadway Show&#8220; (Gala-Programm; Musical-AG Gymnasium Kerpen)<br \/>\n<strong>2003:<\/strong> &#8222;Hair&#8220; (Musical-AG Gymnasium Kerpen)<br \/>\n<strong>2001:<\/strong> &#8222;RENT&#8220; (Musical-AG Gymnasium Kerpen)<br \/>\n<strong>1999:<\/strong> &#8222;Miss Saigon&#8220; (Musical-AG Gymnasium Kerpen)<br \/>\n<strong>1997: <\/strong>&#8222;West Side Story&#8220; (Musical-AG Gymnasium Kerpen)<\/p>\n","protected":false},"excerpt":{"rendered":"<p>Musical in Kerpen &#8211; das hat Tradition! Bereits vor der offiziellen Eintragung als Verein realisierten das Kreativteam und zahlreiche der aktuellen Darsteller des Musical Ensemble Erft unter anderem folgende Projekte: 2009: &#8222;Jeder neue Tag&#8220; (Folk-Musical; Musical-Projekt am Gymnasium Kerpen) 2007: &#8222;Best of Musicals&#8220; (Zwei gro\u00dfe Gala-Programme: 45 S\u00e4nger und T\u00e4nzer brachten \u00fcber 60 Songs mit [&hellip;]<\/p>\n","protected":false},"author":1,"featured_media":0,"parent":1259,"menu_order":12,"comment_status":"closed","ping_status":"closed","template":"","meta":{"footnotes":""},"class_list":["post-1336","page","type-page","status-publish","hentry","post-preview"],"_links":{"self":[{"href":"https:\/\/www.musical-ensemble-erft.de\/wordpress\/wp-json\/wp\/v2\/pages\/1336","targetHints":{"allow":["GET"]}}],"collection":[{"href":"https:\/\/www.musical-ensemble-erft.de\/wordpress\/wp-json\/wp\/v2\/pages"}],"about":[{"href":"https:\/\/www.musical-ensemble-erft.de\/wordpress\/wp-json\/wp\/v2\/types\/page"}],"author":[{"embeddable":true,"href":"https:\/\/www.musical-ensemble-erft.de\/wordpress\/wp-json\/wp\/v2\/users\/1"}],"replies":[{"embeddable":true,"href":"https:\/\/www.musical-ensemble-erft.de\/wordpress\/wp-json\/wp\/v2\/comments?post=1336"}],"version-history":[{"count":3,"href":"https:\/\/www.musical-ensemble-erft.de\/wordpress\/wp-json\/wp\/v2\/pages\/1336\/revisions"}],"predecessor-version":[{"id":3756,"href":"https:\/\/www.musical-ensemble-erft.de\/wordpress\/wp-json\/wp\/v2\/pages\/1336\/revisions\/3756"}],"up":[{"embeddable":true,"href":"https:\/\/www.musical-ensemble-erft.de\/wordpress\/wp-json\/wp\/v2\/pages\/1259"}],"wp:attachment":[{"href":"https:\/\/www.musical-ensemble-erft.de\/wordpress\/wp-json\/wp\/v2\/media?parent=1336"}],"curies":[{"name":"wp","href":"https:\/\/api.w.org\/{rel}","templated":true}]}}