{"id":15,"date":"2024-09-08T23:18:00","date_gmt":"2024-09-08T21:18:00","guid":{"rendered":"http:\/\/www.musical-ensemble-erft.de\/wordpress\/?page_id=15"},"modified":"2026-04-17T08:21:28","modified_gmt":"2026-04-17T06:21:28","slug":"tickets","status":"publish","type":"page","link":"https:\/\/www.musical-ensemble-erft.de\/wordpress\/tickets\/","title":{"rendered":"Tickets"},"content":{"rendered":"<div class=\"wp-block-image\">\n<figure class=\"alignleft size-full is-resized\"><img loading=\"lazy\" decoding=\"async\" width=\"798\" height=\"668\" src=\"https:\/\/www.musical-ensemble-erft.de\/wordpress\/wp-content\/uploads\/2025\/10\/tickets.png\" alt=\"\" class=\"wp-image-5810\" style=\"width:179px;height:auto\" srcset=\"https:\/\/www.musical-ensemble-erft.de\/wordpress\/wp-content\/uploads\/2025\/10\/tickets.png 798w, https:\/\/www.musical-ensemble-erft.de\/wordpress\/wp-content\/uploads\/2025\/10\/tickets-400x335.png 400w, https:\/\/www.musical-ensemble-erft.de\/wordpress\/wp-content\/uploads\/2025\/10\/tickets-768x643.png 768w, https:\/\/www.musical-ensemble-erft.de\/wordpress\/wp-content\/uploads\/2025\/10\/tickets-676x566.png 676w\" sizes=\"auto, (max-width: 798px) 100vw, 798px\" \/><\/figure>\n<\/div>\n\n\n<p><strong>Der Online-Vorverkauf f\u00fcr das Musical <a href=\"https:\/\/www.musical-ensemble-erft.de\/wordpress\/projekte\/wie-im-himmel\" data-type=\"link\" data-id=\"https:\/\/www.musical-ensemble-erft.de\/wordpress\/projekte\/wie-im-himmel\">WIE IM HIMMEL<\/a> l\u00e4uft. Tickets k\u00f6nnt ihr ganz einfach <a href=\"https:\/\/www.yesticket.org\/events\/de\/musical-ensemble-erft-ev\/\" data-type=\"link\" data-id=\"https:\/\/www.yesticket.org\/events\/de\/musical-ensemble-erft-ev\/\" target=\"_blank\" rel=\"noreferrer noopener\">in unserem Online-Ticketshop<\/a> buchen. Die Veranstaltungen vom 10. \u2013 19. April 2026 finden statt in der Aula des Gymnasiums Kerpen. Auch in diesem Jahr stehen zwei wunderbare Besetzungen alternierend f\u00fcr Euch auf der B\u00fchne.<\/strong><\/p>\n\n\n\n<hr class=\"wp-block-separator has-alpha-channel-opacity\"\/>\n\n\n\n<p><strong>WIE IM HIMMEL: <\/strong><br>Freitag 17. April 2026 \u2013 20 Uhr \u2013 Besetzung \u201eKaffeepause\u201c \u00a0&#8211; <strong>Online-VVK beendet, noch 21 Pl\u00e4tze an der Abendkasse <\/strong><br>Samstag 18. April 2026 \u2013 20 Uhr \u2013 Besetzung \u201eZimtschnecke\u201c \u00a0&#8211; <strong>noch 15 Pl\u00e4tze verf\u00fcgbar<\/strong><br>Sonntag 19. April 2026 \u2013 16 Uhr \u2013 Besetzung \u201eKaffeepause\u201c\u00a0&#8211; <strong>online ausverkauft, Info \u00fcber etwaige Abendkassen-Restpl\u00e4tze hier ab Freitag, 17.04.<\/strong><\/p>\n\n\n\n<p>(Stand verf\u00fcgbare Pl\u00e4tze: 16. April 2026)<\/p>\n\n\n\n<p>Preise: PK1: 25\u20ac\/21\u20ac erm.*; PK2: 22\u20ac\/18\u20ac erm.* (Erm\u00e4\u00dfigungsberechtigungen; Buchungshinweise f\u00fcr Menschen mit Behinderung oder Mobilit\u00e4tseinschr\u00e4nkungen s. unten).<em> F\u00fcr den Kartenkauf an der Abendkasse wird ein Aufpreis von 2 Euro je Karte gegen\u00fcber dem Online-Vorverkauf erhoben.<\/em> <br>Dauer ca.&nbsp; 2h45min inkl. einer Pause&nbsp;<\/p>\n\n\n\n<p><strong>Der Online-VVK f\u00fcr die einzelnen Shows schlie\u00dft jeweils um 10 Uhr am Tag vor der Auff\u00fchrung. Ob wir an dem jeweiligen Termin noch Tickets an der Abendkasse  zur Verf\u00fcgung stehen, werden wir hier ver\u00f6ffentlichen. <\/strong><\/p>\n\n\n\n<p><strong>Das Foyer \u00f6ffnet jeweils eine Stunde vor Vorstellungsbeginn. Dort erwarten euch vor den Shows und in der Pause auch Getr\u00e4nke und kleine Snacks, so dass ihr euch entspannt auf das Musical einstimmen k\u00f6nnt.  <\/strong><\/p>\n\n\n\n<hr class=\"wp-block-separator has-alpha-channel-opacity\"\/>\n\n\n\n<p>Diese zwei Besetzungen k\u00f6nnt ihr sehen, nat\u00fcrlich immer begleitet von unserem Live-Orchester:<\/p>\n\n\n\n<p><strong>Besetzung \u201eZimtschnecke\u201c (10.\/12.\/18. April):<\/strong>&nbsp;<br>&nbsp;<br><strong>Daniel Dar\u00e9us:<\/strong> Daniel Wichmann&nbsp;<br><strong>Lena:<\/strong> Jennifer Boldt&nbsp;<br><strong>Gabriella:<\/strong> Nadine Linden&nbsp;<br><strong>Stig Berggren:<\/strong> Alexander Geiger&nbsp;<br><strong>Inger Berggren: <\/strong>Melina Pae\u00dfens &nbsp;<br><strong>Arne: <\/strong>Miguel Schlang&nbsp;<br><strong>Amanda: <\/strong>Simone Rothkegel &nbsp;<br><strong>Conny: <\/strong>Markus B\u00fcrgel &nbsp;<br><strong>Erik: <\/strong>Christoph Pae\u00dfens &nbsp;<br><strong>Florence: <\/strong>Michaela Berg &nbsp;<br><strong>Freya: <\/strong>Katrin Janke<br><strong>Holmfrid: <\/strong>Joshua Vithayathil&nbsp;<br><strong>Olga: <\/strong>Sarah Wichmann&nbsp;<br><strong>Siv: <\/strong>Steffi K\u00f6b<br><strong>Tore: <\/strong>Marco Maciejewski&nbsp;<br><strong>Ensemble:<\/strong> Annika Eggerath, Anja Hemmann,  Monika Schumacher, Tim Stranowsky, Saskia Rappenh\u00f6ner&nbsp;<\/p>\n\n\n\n<p><strong>Besetzung \u201eKaffeepause\u201c (11.\/17.\/19. April):<\/strong>&nbsp;<br><strong>Daniel Dar\u00e9us:<\/strong> Tim Stranowsky&nbsp;<br><strong>Lena:<\/strong> Anja Hemmann&nbsp;<br><strong>Gabriella:<\/strong> Nadine Linden&nbsp;<br><strong>Stig Berggren:<\/strong> Alexander Geiger&nbsp;<br><strong>Inger Berggren: <\/strong>Monika Schumacher&nbsp;<br><strong>Arne: <\/strong>Miguel Schlang&nbsp;<br><strong>Amanda: <\/strong>Saskia Rappenh\u00f6ner &nbsp;<br><strong>Conny: <\/strong>Markus B\u00fcrgel &nbsp;<br><strong>Erik: <\/strong>Christoph Pae\u00dfens &nbsp;<br><strong>Florence: <\/strong>Annika Eggerath <br><strong>Freya:<\/strong> Katrin Janke&nbsp;<br><strong>Holmfrid: <\/strong>Joshua Vithayathil&nbsp;<br><strong>Olga: <\/strong>Sarah Wichmann&nbsp;<br><strong>Siv: <\/strong>Steffi K\u00f6b &nbsp;<br><strong>Tore: <\/strong>Marco Maciejewski&nbsp;<br><strong>Ensemble:<\/strong> Michaela Berg, Jennifer Boldt, Melina Pae\u00dfens, Simone Rothkegel, Daniel Wichmann&nbsp;<\/p>\n\n\n\n<p><br><strong>Triggerwarnung:<\/strong> WIE IM HIMMEL behandelt auch sensible Themen wie Krankheit, Verlust, Trauer und h\u00e4usliche Gewalt. Einige Szenen k\u00f6nnen f\u00fcr das Publikum emotional aufw\u00fchlend sein. Wir empfehlen einen Besuch f\u00fcr Kinder erst ab 10 Jahren.<\/p>\n\n\n\n<hr class=\"wp-block-separator has-alpha-channel-opacity\"\/>\n\n\n\n<p>*Erm\u00e4\u00dfigte Karten erhalten Sch\u00fcler:innen, Azubis, Studierende, BuFDis\/FSJler:innen und Beziehende von ALG\/B\u00fcrgergeld. Rollstuhlfahrende und Menschen mit Behinderung (ab GdB 50) erhalten ebenfalls erm\u00e4\u00dfigten Eintritt, f\u00fcr die Begleitperson ist der Eintritt frei. Wir behalten uns vor, den Erm\u00e4\u00dfigungsnachweis bei Einlass zu kontrollieren.<\/p>\n\n\n\n<p><strong>Bitte beachten: Alle Pl\u00e4tze im Parkett und auch einige Reihen im Rang sind nur \u00fcber Stufen zu erreichen! F\u00fcr Rollstuhlfahrende und anderweitig mobilit\u00e4tseingeschr\u00e4nkte Zuschauer haben wir selbstverst\u00e4ndlich barrierefreie Pl\u00e4tze eingerichtet. Wer explizit einen ebenerdig zu erreichenden Platz ben\u00f6tigt, den bitten wir, nicht per Online-Saalplan zu buchen, sondern sich mit seinem Bestell-Wunsch per Mail an <a href=\"mailto:tickets@musical-ensemble-erft.de\" target=\"_blank\" rel=\"noreferrer noopener\">tickets@musical-ensemble-erft.de<\/a> zu wenden; ebenso wie alle GdB\/Rollstuhlfahrende, die Buchungen mit Begleitperson vornehmen m\u00f6chten.  So k\u00f6nnen wir sicherstellen, dass ihr geeignete Pl\u00e4tze bekommt. <\/strong><\/p>\n\n\n\n<p><strong>Adresse des Saals:<\/strong><br>Gymnasium Kerpen &#8211; Europaschule<br>Philipp-Schneider-Stra\u00dfe 12-20<br>50171 Kerpen<\/p>\n\n\n\n<p><strong>Wir freuen uns, euch im Publikum beim Musical Ensemble Erft begr\u00fc\u00dfen zu d\u00fcrfen!<\/strong> <strong>Wer den Weg zu den Shows hautnah verfolgen m\u00f6chte: F\u00fcr aktuelle Einblicke in die Probenarbeit und mehr folgt uns einfach bei&nbsp;<a href=\"https:\/\/www.instagram.com\/musical_ensemble_erft\/\">Instagram<\/a>&nbsp;oder&nbsp;<a href=\"https:\/\/www.facebook.com\/musicalensembleerft\">Facebook<\/a>!&nbsp; <\/strong><\/p>\n","protected":false},"excerpt":{"rendered":"<p>Der Online-Vorverkauf f\u00fcr das Musical WIE IM HIMMEL l\u00e4uft. Tickets k\u00f6nnt ihr ganz einfach in unserem Online-Ticketshop buchen. Die Veranstaltungen vom 10. \u2013 19. April 2026 finden statt in der Aula des Gymnasiums Kerpen. Auch in diesem Jahr stehen zwei wunderbare Besetzungen alternierend f\u00fcr Euch auf der B\u00fchne. WIE IM HIMMEL: Freitag 17. April 2026 [&hellip;]<\/p>\n","protected":false},"author":1,"featured_media":0,"parent":0,"menu_order":5,"comment_status":"closed","ping_status":"closed","template":"","meta":{"footnotes":""},"class_list":["post-15","page","type-page","status-publish","hentry","post-preview"],"_links":{"self":[{"href":"https:\/\/www.musical-ensemble-erft.de\/wordpress\/wp-json\/wp\/v2\/pages\/15","targetHints":{"allow":["GET"]}}],"collection":[{"href":"https:\/\/www.musical-ensemble-erft.de\/wordpress\/wp-json\/wp\/v2\/pages"}],"about":[{"href":"https:\/\/www.musical-ensemble-erft.de\/wordpress\/wp-json\/wp\/v2\/types\/page"}],"author":[{"embeddable":true,"href":"https:\/\/www.musical-ensemble-erft.de\/wordpress\/wp-json\/wp\/v2\/users\/1"}],"replies":[{"embeddable":true,"href":"https:\/\/www.musical-ensemble-erft.de\/wordpress\/wp-json\/wp\/v2\/comments?post=15"}],"version-history":[{"count":145,"href":"https:\/\/www.musical-ensemble-erft.de\/wordpress\/wp-json\/wp\/v2\/pages\/15\/revisions"}],"predecessor-version":[{"id":6019,"href":"https:\/\/www.musical-ensemble-erft.de\/wordpress\/wp-json\/wp\/v2\/pages\/15\/revisions\/6019"}],"wp:attachment":[{"href":"https:\/\/www.musical-ensemble-erft.de\/wordpress\/wp-json\/wp\/v2\/media?parent=15"}],"curies":[{"name":"wp","href":"https:\/\/api.w.org\/{rel}","templated":true}]}}