{"id":1883,"date":"2013-10-07T09:28:11","date_gmt":"2013-10-07T09:28:11","guid":{"rendered":"http:\/\/www.musical-ensemble-erft.de\/wordpress\/?page_id=1883"},"modified":"2017-04-04T09:46:33","modified_gmt":"2017-04-04T09:46:33","slug":"sternstunden","status":"publish","type":"page","link":"https:\/\/www.musical-ensemble-erft.de\/wordpress\/projekte\/sternstunden\/","title":{"rendered":"Sternstunden"},"content":{"rendered":"<p>Am Samstag, 7. Dezember und Sonntag, 8. Dezember pr\u00e4sentierten wir unser zweites Konzertprojekt &#8222;Sternstunden &#8211; das Musical Ensemble Erft singt Weihnachtliches und mehr&#8220; im Soziokulturellen Zentrum Horrem. Jazzige Soli, weihnachtliche Duett-Klassiker und ber\u00fchrende Chor-Nummern standen auf dem Programm der insgesamt 18 S\u00e4ngerinnen und S\u00e4nger.<\/p>\n<p><a href=\"https:\/\/www.musical-ensemble-erft.de\/wordpress\/projekte\/sternstunden\/programm\/\">Das Programm<\/a><br \/>\n<a href=\"https:\/\/www.musical-ensemble-erft.de\/wordpress\/projekte\/sternstunden\/ensemble-crew\/\">Ensemble &#038; Crew<\/a><br \/>\n<a href=\"https:\/\/www.musical-ensemble-erft.de\/wordpress\/projekte\/sternstunden\/videos\/\">Videos<\/a><\/p>\n<p style=\"text-align: center;\"><a href=\"https:\/\/www.musical-ensemble-erft.de\/wordpress\/wp-content\/uploads\/2013\/11\/60594_639679646075794_1491227097_n.jpg\" data-rel=\"lightbox-image-0\" data-rl_title=\"\" data-rl_caption=\"\" title=\"\"><img loading=\"lazy\" decoding=\"async\" class=\"size-medium wp-image-1906 aligncenter\" alt=\"Sternstunden\" src=\"https:\/\/www.musical-ensemble-erft.de\/wordpress\/wp-content\/uploads\/2013\/11\/60594_639679646075794_1491227097_n.jpg\" width=\"600\" height=\"450\" \/><\/a><\/p>\n","protected":false},"excerpt":{"rendered":"<p>Am Samstag, 7. Dezember und Sonntag, 8. Dezember pr\u00e4sentierten wir unser zweites Konzertprojekt &#8222;Sternstunden &#8211; das Musical Ensemble Erft singt Weihnachtliches und mehr&#8220; im Soziokulturellen Zentrum Horrem. Jazzige Soli, weihnachtliche Duett-Klassiker und ber\u00fchrende Chor-Nummern standen auf dem Programm der insgesamt 18 S\u00e4ngerinnen und S\u00e4nger. Das Programm Ensemble &#038; Crew Videos<\/p>\n","protected":false},"author":1,"featured_media":1922,"parent":1259,"menu_order":7,"comment_status":"closed","ping_status":"closed","template":"","meta":{"footnotes":""},"class_list":["post-1883","page","type-page","status-publish","has-post-thumbnail","hentry","post-preview"],"_links":{"self":[{"href":"https:\/\/www.musical-ensemble-erft.de\/wordpress\/wp-json\/wp\/v2\/pages\/1883","targetHints":{"allow":["GET"]}}],"collection":[{"href":"https:\/\/www.musical-ensemble-erft.de\/wordpress\/wp-json\/wp\/v2\/pages"}],"about":[{"href":"https:\/\/www.musical-ensemble-erft.de\/wordpress\/wp-json\/wp\/v2\/types\/page"}],"author":[{"embeddable":true,"href":"https:\/\/www.musical-ensemble-erft.de\/wordpress\/wp-json\/wp\/v2\/users\/1"}],"replies":[{"embeddable":true,"href":"https:\/\/www.musical-ensemble-erft.de\/wordpress\/wp-json\/wp\/v2\/comments?post=1883"}],"version-history":[{"count":2,"href":"https:\/\/www.musical-ensemble-erft.de\/wordpress\/wp-json\/wp\/v2\/pages\/1883\/revisions"}],"predecessor-version":[{"id":4333,"href":"https:\/\/www.musical-ensemble-erft.de\/wordpress\/wp-json\/wp\/v2\/pages\/1883\/revisions\/4333"}],"up":[{"embeddable":true,"href":"https:\/\/www.musical-ensemble-erft.de\/wordpress\/wp-json\/wp\/v2\/pages\/1259"}],"wp:featuredmedia":[{"embeddable":true,"href":"https:\/\/www.musical-ensemble-erft.de\/wordpress\/wp-json\/wp\/v2\/media\/1922"}],"wp:attachment":[{"href":"https:\/\/www.musical-ensemble-erft.de\/wordpress\/wp-json\/wp\/v2\/media?parent=1883"}],"curies":[{"name":"wp","href":"https:\/\/api.w.org\/{rel}","templated":true}]}}