{"id":2188,"date":"2013-12-19T09:52:01","date_gmt":"2013-12-19T09:52:01","guid":{"rendered":"http:\/\/www.musical-ensemble-erft.de\/wordpress\/?page_id=2188"},"modified":"2017-04-04T10:12:14","modified_gmt":"2017-04-04T10:12:14","slug":"videos","status":"publish","type":"page","link":"https:\/\/www.musical-ensemble-erft.de\/wordpress\/projekte\/rent\/videos\/","title":{"rendered":"Videos"},"content":{"rendered":"<p><strong>&#8218;RENT&#8216;: Seit Juni 2011 begleiteten wir die Arbeit am Musical RENT mit der Kamera &#8211; hier gibt&#8217;s einige ausgew\u00e4hlte H\u00f6hepunkte und RENT Videos!<\/strong><\/p>\n<p><strong>&#8222;Lasse dein Ma\u00df die Liebe sein&#8220; &#8211; Chorprobe 10.08.2012<\/strong><br \/>\n<iframe loading=\"lazy\" src=\"\/\/www.youtube.com\/embed\/_J0b0nG6mKo?rel=0&amp;vq=hd1080\" height=\"315\" width=\"560\" allowfullscreen=\"\" frameborder=\"0\"><\/iframe><\/p>\n<p>&nbsp;<\/p>\n<p><strong>&#8222;Zuerst f\u00fcr euch&#8220; &#8211; der Film von Mark Cohen (Finale B)<\/strong><br \/>\n\n<div class=\"youtube-embed\" itemprop=\"video\" itemscope itemtype=\"https:\/\/schema.org\/VideoObject\">\n\t<meta itemprop=\"url\" content=\"https:\/\/www.youtube.com\/v\/d-duLapdn0w\" \/>\n\t<meta itemprop=\"name\" content=\"Videos\" \/>\n\t<meta itemprop=\"description\" content=\"Videos\" \/>\n\t<meta itemprop=\"uploadDate\" content=\"2013-12-19T09:52:01+02:00\" \/>\n\t<meta itemprop=\"thumbnailUrl\" content=\"https:\/\/i.ytimg.com\/vi\/d-duLapdn0w\/default.jpg\" \/>\n\t<meta itemprop=\"embedUrl\" content=\"https:\/\/www.youtube.com\/embed\/d-duLapdn0w\" \/>\n\t<meta itemprop=\"height\" content=\"720\" \/>\n\t<meta itemprop=\"width\" content=\"1280\" \/>\n\t<iframe loading=\"lazy\" style=\"border: 0;\" class=\"youtube-player\" width=\"1280\" height=\"720\" src=\"https:\/\/www.youtube.com\/embed\/d-duLapdn0w?autoplay=1\" allowfullscreen><\/iframe>\n<\/div>\n<\/p>\n<p>&nbsp;<\/p>\n<p><strong>Trailer [27.08.2012]<\/strong><br \/>\n\n<div class=\"youtube-embed\" itemprop=\"video\" itemscope itemtype=\"https:\/\/schema.org\/VideoObject\">\n\t<meta itemprop=\"url\" content=\"https:\/\/www.youtube.com\/v\/BS4TmZzPthE\" \/>\n\t<meta itemprop=\"name\" content=\"Videos\" \/>\n\t<meta itemprop=\"description\" content=\"Videos\" \/>\n\t<meta itemprop=\"uploadDate\" content=\"2013-12-19T09:52:01+02:00\" \/>\n\t<meta itemprop=\"thumbnailUrl\" content=\"https:\/\/i.ytimg.com\/vi\/BS4TmZzPthE\/default.jpg\" \/>\n\t<meta itemprop=\"embedUrl\" content=\"https:\/\/www.youtube.com\/embed\/BS4TmZzPthE\" \/>\n\t<meta itemprop=\"height\" content=\"720\" \/>\n\t<meta itemprop=\"width\" content=\"1280\" \/>\n\t<iframe loading=\"lazy\" style=\"border: 0;\" class=\"youtube-player\" width=\"1280\" height=\"720\" src=\"https:\/\/www.youtube.com\/embed\/BS4TmZzPthE?autoplay=1\" allowfullscreen><\/iframe>\n<\/div>\n<\/p>\n<p>&nbsp;<\/p>\n<p><strong>Erste Probe mit Band: &#8222;Mit Liebe bedeck ich dich&#8220; [12.08.2012]<\/strong><br \/>\n\n<div class=\"youtube-embed\" itemprop=\"video\" itemscope itemtype=\"https:\/\/schema.org\/VideoObject\">\n\t<meta itemprop=\"url\" content=\"https:\/\/www.youtube.com\/v\/bJ8WBNLq8J0\" \/>\n\t<meta itemprop=\"name\" content=\"Videos\" \/>\n\t<meta itemprop=\"description\" content=\"Videos\" \/>\n\t<meta itemprop=\"uploadDate\" content=\"2013-12-19T09:52:01+02:00\" \/>\n\t<meta itemprop=\"thumbnailUrl\" content=\"https:\/\/i.ytimg.com\/vi\/bJ8WBNLq8J0\/default.jpg\" \/>\n\t<meta itemprop=\"embedUrl\" content=\"https:\/\/www.youtube.com\/embed\/bJ8WBNLq8J0\" \/>\n\t<meta itemprop=\"height\" content=\"720\" \/>\n\t<meta itemprop=\"width\" content=\"1280\" \/>\n\t<iframe loading=\"lazy\" style=\"border: 0;\" class=\"youtube-player\" width=\"1280\" height=\"720\" src=\"https:\/\/www.youtube.com\/embed\/bJ8WBNLq8J0?autoplay=1\" allowfullscreen><\/iframe>\n<\/div>\n<\/p>\n<p>&nbsp;<\/p>\n<p><strong>Erste Probe mit Band: &#8222;Das, was man hat&#8220; [12.08.2012]<\/strong><br \/>\n\n<div class=\"youtube-embed\" itemprop=\"video\" itemscope itemtype=\"https:\/\/schema.org\/VideoObject\">\n\t<meta itemprop=\"url\" content=\"https:\/\/www.youtube.com\/v\/gccLnXQXIx0\" \/>\n\t<meta itemprop=\"name\" content=\"Videos\" \/>\n\t<meta itemprop=\"description\" content=\"Videos\" \/>\n\t<meta itemprop=\"uploadDate\" content=\"2013-12-19T09:52:01+02:00\" \/>\n\t<meta itemprop=\"thumbnailUrl\" content=\"https:\/\/i.ytimg.com\/vi\/gccLnXQXIx0\/default.jpg\" \/>\n\t<meta itemprop=\"embedUrl\" content=\"https:\/\/www.youtube.com\/embed\/gccLnXQXIx0\" \/>\n\t<meta itemprop=\"height\" content=\"720\" \/>\n\t<meta itemprop=\"width\" content=\"1280\" \/>\n\t<iframe loading=\"lazy\" style=\"border: 0;\" class=\"youtube-player\" width=\"1280\" height=\"720\" src=\"https:\/\/www.youtube.com\/embed\/gccLnXQXIx0?autoplay=1\" allowfullscreen><\/iframe>\n<\/div>\n<\/p>\n<p>&nbsp;<\/p>\n<p><strong>Erste Probe mit Band: &#8222;Raus heut Nacht&#8220; [12.08.2012]<\/strong><br \/>\n\n<div class=\"youtube-embed\" itemprop=\"video\" itemscope itemtype=\"https:\/\/schema.org\/VideoObject\">\n\t<meta itemprop=\"url\" content=\"https:\/\/www.youtube.com\/v\/_LwHzrQeIL4\" \/>\n\t<meta itemprop=\"name\" content=\"Videos\" \/>\n\t<meta itemprop=\"description\" content=\"Videos\" \/>\n\t<meta itemprop=\"uploadDate\" content=\"2013-12-19T09:52:01+02:00\" \/>\n\t<meta itemprop=\"thumbnailUrl\" content=\"https:\/\/i.ytimg.com\/vi\/_LwHzrQeIL4\/default.jpg\" \/>\n\t<meta itemprop=\"embedUrl\" content=\"https:\/\/www.youtube.com\/embed\/_LwHzrQeIL4\" \/>\n\t<meta itemprop=\"height\" content=\"720\" \/>\n\t<meta itemprop=\"width\" content=\"1280\" \/>\n\t<iframe loading=\"lazy\" style=\"border: 0;\" class=\"youtube-player\" width=\"1280\" height=\"720\" src=\"https:\/\/www.youtube.com\/embed\/_LwHzrQeIL4?autoplay=1\" allowfullscreen><\/iframe>\n<\/div>\n<\/p>\n<p>&nbsp;<\/p>\n<p><strong>Bandprobe: &#8222;Miete&#8220; [07.08.2012]<\/strong><br \/>\n\n<div class=\"youtube-embed\" itemprop=\"video\" itemscope itemtype=\"https:\/\/schema.org\/VideoObject\">\n\t<meta itemprop=\"url\" content=\"https:\/\/www.youtube.com\/v\/8GH8kh4xYMY\" \/>\n\t<meta itemprop=\"name\" content=\"Videos\" \/>\n\t<meta itemprop=\"description\" content=\"Videos\" \/>\n\t<meta itemprop=\"uploadDate\" content=\"2013-12-19T09:52:01+02:00\" \/>\n\t<meta itemprop=\"thumbnailUrl\" content=\"https:\/\/i.ytimg.com\/vi\/8GH8kh4xYMY\/default.jpg\" \/>\n\t<meta itemprop=\"embedUrl\" content=\"https:\/\/www.youtube.com\/embed\/8GH8kh4xYMY\" \/>\n\t<meta itemprop=\"height\" content=\"720\" \/>\n\t<meta itemprop=\"width\" content=\"1280\" \/>\n\t<iframe loading=\"lazy\" style=\"border: 0;\" class=\"youtube-player\" width=\"1280\" height=\"720\" src=\"https:\/\/www.youtube.com\/embed\/8GH8kh4xYMY?autoplay=1\" allowfullscreen><\/iframe>\n<\/div>\n<\/p>\n<p>&nbsp;<\/p>\n<p><strong>Durchlaufprobe: &#8222;La Vie Boh\u00e8me&#8220; [22.07.2012]<\/strong><br \/>\n\n<div class=\"youtube-embed\" itemprop=\"video\" itemscope itemtype=\"https:\/\/schema.org\/VideoObject\">\n\t<meta itemprop=\"url\" content=\"https:\/\/www.youtube.com\/v\/FbHswzEQPr8\" \/>\n\t<meta itemprop=\"name\" content=\"Videos\" \/>\n\t<meta itemprop=\"description\" content=\"Videos\" \/>\n\t<meta itemprop=\"uploadDate\" content=\"2013-12-19T09:52:01+02:00\" \/>\n\t<meta itemprop=\"thumbnailUrl\" content=\"https:\/\/i.ytimg.com\/vi\/FbHswzEQPr8\/default.jpg\" \/>\n\t<meta itemprop=\"embedUrl\" content=\"https:\/\/www.youtube.com\/embed\/FbHswzEQPr8\" \/>\n\t<meta itemprop=\"height\" content=\"720\" \/>\n\t<meta itemprop=\"width\" content=\"1280\" \/>\n\t<iframe loading=\"lazy\" style=\"border: 0;\" class=\"youtube-player\" width=\"1280\" height=\"720\" src=\"https:\/\/www.youtube.com\/embed\/FbHswzEQPr8?autoplay=1\" allowfullscreen><\/iframe>\n<\/div>\n<\/p>\n<p>&nbsp;<\/p>\n<p><strong>Durchlaufprobe: &#8222;Das Ende der Liebe&#8220; [22.07.2012]<\/strong><br \/>\n\n<div class=\"youtube-embed\" itemprop=\"video\" itemscope itemtype=\"https:\/\/schema.org\/VideoObject\">\n\t<meta itemprop=\"url\" content=\"https:\/\/www.youtube.com\/v\/S0bzhD2trVo\" \/>\n\t<meta itemprop=\"name\" content=\"Videos\" \/>\n\t<meta itemprop=\"description\" content=\"Videos\" \/>\n\t<meta itemprop=\"uploadDate\" content=\"2013-12-19T09:52:01+02:00\" \/>\n\t<meta itemprop=\"thumbnailUrl\" content=\"https:\/\/i.ytimg.com\/vi\/S0bzhD2trVo\/default.jpg\" \/>\n\t<meta itemprop=\"embedUrl\" content=\"https:\/\/www.youtube.com\/embed\/S0bzhD2trVo\" \/>\n\t<meta itemprop=\"height\" content=\"720\" \/>\n\t<meta itemprop=\"width\" content=\"1280\" \/>\n\t<iframe loading=\"lazy\" style=\"border: 0;\" class=\"youtube-player\" width=\"1280\" height=\"720\" src=\"https:\/\/www.youtube.com\/embed\/S0bzhD2trVo?autoplay=1\" allowfullscreen><\/iframe>\n<\/div>\n<\/p>\n<p>&nbsp;<\/p>\n<p><strong>Chorprobe: &#8222;Weihnachtsglocken 2&#8220; [24.06.2012]<\/strong><br \/>\n\n<div class=\"youtube-embed\" itemprop=\"video\" itemscope itemtype=\"https:\/\/schema.org\/VideoObject\">\n\t<meta itemprop=\"url\" content=\"https:\/\/www.youtube.com\/v\/_CZ7rTETRn0\" \/>\n\t<meta itemprop=\"name\" content=\"Videos\" \/>\n\t<meta itemprop=\"description\" content=\"Videos\" \/>\n\t<meta itemprop=\"uploadDate\" content=\"2013-12-19T09:52:01+02:00\" \/>\n\t<meta itemprop=\"thumbnailUrl\" content=\"https:\/\/i.ytimg.com\/vi\/_CZ7rTETRn0\/default.jpg\" \/>\n\t<meta itemprop=\"embedUrl\" content=\"https:\/\/www.youtube.com\/embed\/_CZ7rTETRn0\" \/>\n\t<meta itemprop=\"height\" content=\"720\" \/>\n\t<meta itemprop=\"width\" content=\"1280\" \/>\n\t<iframe loading=\"lazy\" style=\"border: 0;\" class=\"youtube-player\" width=\"1280\" height=\"720\" src=\"https:\/\/www.youtube.com\/embed\/_CZ7rTETRn0?autoplay=1\" allowfullscreen><\/iframe>\n<\/div>\n<\/p>\n<p>&nbsp;<\/p>\n<p><strong>Erste Probe: &#8222;Ein Andermal&#8220; [08.01.2012]<\/strong><br \/>\n\n<div class=\"youtube-embed\" itemprop=\"video\" itemscope itemtype=\"https:\/\/schema.org\/VideoObject\">\n\t<meta itemprop=\"url\" content=\"https:\/\/www.youtube.com\/v\/l6vGk4ihlwc\" \/>\n\t<meta itemprop=\"name\" content=\"Videos\" \/>\n\t<meta itemprop=\"description\" content=\"Videos\" \/>\n\t<meta itemprop=\"uploadDate\" content=\"2013-12-19T09:52:01+02:00\" \/>\n\t<meta itemprop=\"thumbnailUrl\" content=\"https:\/\/i.ytimg.com\/vi\/l6vGk4ihlwc\/default.jpg\" \/>\n\t<meta itemprop=\"embedUrl\" content=\"https:\/\/www.youtube.com\/embed\/l6vGk4ihlwc\" \/>\n\t<meta itemprop=\"height\" content=\"720\" \/>\n\t<meta itemprop=\"width\" content=\"1280\" \/>\n\t<iframe loading=\"lazy\" style=\"border: 0;\" class=\"youtube-player\" width=\"1280\" height=\"720\" src=\"https:\/\/www.youtube.com\/embed\/l6vGk4ihlwc?autoplay=1\" allowfullscreen><\/iframe>\n<\/div>\n<\/p>\n<p>&nbsp;<\/p>\n<p><strong>Zweite Szenenprobe: &#8222;Miete&#8220; [08.10.2011]<\/strong><br \/>\n\n<div class=\"youtube-embed\" itemprop=\"video\" itemscope itemtype=\"https:\/\/schema.org\/VideoObject\">\n\t<meta itemprop=\"url\" content=\"https:\/\/www.youtube.com\/v\/q-xfMh9vf5U\" \/>\n\t<meta itemprop=\"name\" content=\"Videos\" \/>\n\t<meta itemprop=\"description\" content=\"Videos\" \/>\n\t<meta itemprop=\"uploadDate\" content=\"2013-12-19T09:52:01+02:00\" \/>\n\t<meta itemprop=\"thumbnailUrl\" content=\"https:\/\/i.ytimg.com\/vi\/q-xfMh9vf5U\/default.jpg\" \/>\n\t<meta itemprop=\"embedUrl\" content=\"https:\/\/www.youtube.com\/embed\/q-xfMh9vf5U\" \/>\n\t<meta itemprop=\"height\" content=\"720\" \/>\n\t<meta itemprop=\"width\" content=\"1280\" \/>\n\t<iframe loading=\"lazy\" style=\"border: 0;\" class=\"youtube-player\" width=\"1280\" height=\"720\" src=\"https:\/\/www.youtube.com\/embed\/q-xfMh9vf5U?autoplay=1\" allowfullscreen><\/iframe>\n<\/div>\n<\/p>\n<p>&nbsp;<\/p>\n<p><strong>Erstes Kennenlernen [12.06.2011]<\/strong><br \/>\n\n<div class=\"youtube-embed\" itemprop=\"video\" itemscope itemtype=\"https:\/\/schema.org\/VideoObject\">\n\t<meta itemprop=\"url\" content=\"https:\/\/www.youtube.com\/v\/aqkyd5A7Q5I\" \/>\n\t<meta itemprop=\"name\" content=\"Videos\" \/>\n\t<meta itemprop=\"description\" content=\"Videos\" \/>\n\t<meta itemprop=\"uploadDate\" content=\"2013-12-19T09:52:01+02:00\" \/>\n\t<meta itemprop=\"thumbnailUrl\" content=\"https:\/\/i.ytimg.com\/vi\/aqkyd5A7Q5I\/default.jpg\" \/>\n\t<meta itemprop=\"embedUrl\" content=\"https:\/\/www.youtube.com\/embed\/aqkyd5A7Q5I\" \/>\n\t<meta itemprop=\"height\" content=\"720\" \/>\n\t<meta itemprop=\"width\" content=\"1280\" \/>\n\t<iframe loading=\"lazy\" style=\"border: 0;\" class=\"youtube-player\" width=\"1280\" height=\"720\" src=\"https:\/\/www.youtube.com\/embed\/aqkyd5A7Q5I?autoplay=1\" allowfullscreen><\/iframe>\n<\/div>\n<\/p>\n","protected":false},"excerpt":{"rendered":"<p>&#8218;RENT&#8216;: Seit Juni 2011 begleiteten wir die Arbeit am Musical RENT mit der Kamera &#8211; hier gibt&#8217;s einige ausgew\u00e4hlte H\u00f6hepunkte und RENT Videos! &#8222;Lasse dein Ma\u00df die Liebe sein&#8220; &#8211; Chorprobe 10.08.2012 &nbsp; &#8222;Zuerst f\u00fcr euch&#8220; &#8211; der Film von Mark Cohen (Finale B) &nbsp; Trailer [27.08.2012] &nbsp; Erste Probe mit Band: &#8222;Mit Liebe bedeck [&hellip;]<\/p>\n","protected":false},"author":1,"featured_media":0,"parent":1261,"menu_order":5,"comment_status":"closed","ping_status":"closed","template":"","meta":{"footnotes":""},"class_list":["post-2188","page","type-page","status-publish","hentry","post-preview"],"_links":{"self":[{"href":"https:\/\/www.musical-ensemble-erft.de\/wordpress\/wp-json\/wp\/v2\/pages\/2188","targetHints":{"allow":["GET"]}}],"collection":[{"href":"https:\/\/www.musical-ensemble-erft.de\/wordpress\/wp-json\/wp\/v2\/pages"}],"about":[{"href":"https:\/\/www.musical-ensemble-erft.de\/wordpress\/wp-json\/wp\/v2\/types\/page"}],"author":[{"embeddable":true,"href":"https:\/\/www.musical-ensemble-erft.de\/wordpress\/wp-json\/wp\/v2\/users\/1"}],"replies":[{"embeddable":true,"href":"https:\/\/www.musical-ensemble-erft.de\/wordpress\/wp-json\/wp\/v2\/comments?post=2188"}],"version-history":[{"count":2,"href":"https:\/\/www.musical-ensemble-erft.de\/wordpress\/wp-json\/wp\/v2\/pages\/2188\/revisions"}],"predecessor-version":[{"id":2190,"href":"https:\/\/www.musical-ensemble-erft.de\/wordpress\/wp-json\/wp\/v2\/pages\/2188\/revisions\/2190"}],"up":[{"embeddable":true,"href":"https:\/\/www.musical-ensemble-erft.de\/wordpress\/wp-json\/wp\/v2\/pages\/1261"}],"wp:attachment":[{"href":"https:\/\/www.musical-ensemble-erft.de\/wordpress\/wp-json\/wp\/v2\/media?parent=2188"}],"curies":[{"name":"wp","href":"https:\/\/api.w.org\/{rel}","templated":true}]}}