{"id":2255,"date":"2014-02-13T15:20:47","date_gmt":"2014-02-13T15:20:47","guid":{"rendered":"http:\/\/www.musical-ensemble-erft.de\/wordpress\/?page_id=2255"},"modified":"2015-12-14T11:07:44","modified_gmt":"2015-12-14T11:07:44","slug":"songs-for-a-new-world","status":"publish","type":"page","link":"https:\/\/www.musical-ensemble-erft.de\/wordpress\/projekte\/songs-for-a-new-world\/","title":{"rendered":"Songs For A New World"},"content":{"rendered":"<p><strong>\u201eSongs For A New World\u201c ist das Erstlingswerk des amerikanischen Broadway-Komponisten Jason Robert Brown und wurde nach seiner Urauff\u00fchrung in New York im Jahr 1995 zum weltweiten Erfolg. Es gilt als Meisterwerk des Genres der \u201eabstrakten Musicals\u201c und vereint, angelehnt an klassische Liederzyklen, 19 Songs und Szenen eines \u00fcbergreifenden Themas zu einem \u201egro\u00dfen Ganzen\u201c: \u201eSongs For A New World\u201c zeigt Menschen an dramatischen Wendepunkten ihres Lebens; konfrontiert damit, sich entscheiden zu m\u00fcssen f\u00fcr oder gegen einen n\u00e4chsten Schritt, f\u00fcr den Aufbruch in eine ungewisse Zukunft oder das Verharren im Jetzt und im Stillstand. Ihre \u201cneue Welt\u201d kann dabei ganz unterschiedlich aussehen: Ob Fl\u00fcchtlinge auf einem spanischen Segelschiff im Jahr 1492, ein politischer H\u00e4ftling alleine in seiner Zelle oder die Frau, die erkennt, dass die Millionen ihres Ehemannes sie auch nicht gl\u00fccklich machen werden \u2013 alle Protagonisten von \u201cSongs For A New World\u201d stehen vor Entscheidungen, die ihr Leben f\u00fcr immer ver\u00e4ndern werden und werfen im Laufe des St\u00fcckes viele Fragen auf, die das Publikum tief ber\u00fchren. <\/strong><\/p>\n<p>Trotz der Erfolge in anderen L\u00e4ndern dauerte es \u00fcber zehn Jahre, bis das Musical seinen Weg nach<strong> Deutschland <\/strong>fand: Die deutsche Erstauff\u00fchrung fand anl\u00e4sslich des f\u00fcnften Jahrestages der Anschl\u00e4ge des 11. September in Hamburg statt. Seitdem gab es erst drei weitere Produktionen von \u201eSongs For A New World\u201c in Deutschland \u2013 und wir sind umso stolzer, dass uns der Verlag MUSIK UND B\u00dcHNE aufgrund einer jahrelangen, vertrauensvollen Zusammenarbeit nun als <strong>erster deutscher Amateurgruppe<\/strong> die Rechte erteilt hat, das St\u00fcck auf die B\u00fchne zu bringen, \u00fcbrigens genau wie unser letztes Projekt \u201eRENT\u201c<strong> komplett in deutscher Sprache.<\/strong><\/p>\n<p>Urspr\u00fcnglich f\u00fcr vier Personen geschrieben, haben wir unsere Produktion von \u201eSongs For A New World\u201c um zahlreiche weitere Solisten und ein <strong>starkes Gesangsensemble<\/strong> erweitert und k\u00f6nnen den Songs so noch mehr Power geben. Musikalisch vielseitig von <strong>Swing \u00fcber Gospel bis hin zu Jazz und Funk<\/strong> und zugleich schauspielerisch anspruchsvoll gilt das St\u00fcck als Perle des modernen Musiktheaters, verlangt seinen Darstellern und den Musikern zugleich aber sehr viel K\u00f6nnen ab. Doch wir k\u00f6nnen auf ein <strong>erfahrenes, talentiertes Ensemble aus der Region <\/strong>zur\u00fcckgreifen: Das Hauptdarsteller-Quartett aus \u201eRENT\u201c (Sascha Kollarz, Angela Schl\u00fcter, Laura Hatko und Michaela Berg) ist ebenso wieder mit von der Partie wie etwa Daniel Wichmann, der schon 1997 als \u201eTony\u201c in der Kerpener \u201eWest Side Story\u201c und zuletzt in der Deutschlandpremiere von \u201etick, tick\u2026BOOM!\u201c brillierte.<\/p>\n<p>Insgesamt <strong>13 Darsteller zwischen 20 und 35 Jahren<\/strong> werden im Herbst den verschiedenen Charakteren auf der B\u00fchne Leben einhauchen. Begleitet werden sie dabei von einer vierk\u00f6pfigen <strong>Live-Band aus Studenten der K\u00f6lner Musikhochschule<\/strong>, die musikalische Leitung des Projektes liegt in den H\u00e4nden des erst 21-j\u00e4hrigen Jazzklavier-Studenten Philipp Schwerhoff. Die Regie von \u201eSongs For A New World\u201c \u00fcbernimmt wie in den letzten Jahren die Theaterwissenschaftlerin Barbara Franck. Mehr Informationen zur <a title=\"Cast\" href=\"https:\/\/www.musical-ensemble-erft.de\/wordpress\/projekte\/songs-for-a-new-world\/cast\/\">Cast<\/a> und dem <a title=\"Kreativteam &amp; Organisation\" href=\"https:\/\/www.musical-ensemble-erft.de\/wordpress\/projekte\/songs-for-a-new-world\/kreativteam-organisation\/\">Kreativteam<\/a> folgen bald an dieser Stelle.<\/p>\n<p>Die \u00dcbertragung des Auff\u00fchrungsrechtes erfolgt in \u00dcbereinkunft mit JOSEF WEINBERGER LTD im Namen von MUSIC THEATRE INTERNATIONAL. B\u00fchnenvertrieb: MUSIK UND B\u00dcHNE, Wiesbaden.<\/p>\n<div id=\"attachment_2249\" style=\"width: 365px\" class=\"wp-caption aligncenter\"><a href=\"https:\/\/www.musical-ensemble-erft.de\/wordpress\/wp-content\/uploads\/2014\/02\/Songs_For_A_New_World_Logo.gif\" data-rel=\"lightbox-image-0\" data-rl_title=\"Das Logo der Off-Broadway-Produktion von &quot;Songs For A New World&quot;\" data-rl_caption=\"\" title=\"Das Logo der Off-Broadway-Produktion von &quot;Songs For A New World&quot;\"><img loading=\"lazy\" decoding=\"async\" aria-describedby=\"caption-attachment-2249\" src=\"https:\/\/www.musical-ensemble-erft.de\/wordpress\/wp-content\/uploads\/2014\/02\/Songs_For_A_New_World_Logo.gif\" alt=\"Das Logo der Off-Broadway-Produktion von &quot;Songs For A New World&quot;\" width=\"355\" height=\"322\" class=\"size-full wp-image-2249\" \/><\/a><p id=\"caption-attachment-2249\" class=\"wp-caption-text\">Das Logo der Off-Broadway-Produktion von &#8222;Songs For A New World&#8220;<\/p><\/div>\n","protected":false},"excerpt":{"rendered":"<p>\u201eSongs For A New World\u201c ist das Erstlingswerk des amerikanischen Broadway-Komponisten Jason Robert Brown und wurde nach seiner Urauff\u00fchrung in New York im Jahr 1995 zum weltweiten Erfolg. Es gilt als Meisterwerk des Genres der \u201eabstrakten Musicals\u201c und vereint, angelehnt an klassische Liederzyklen, 19 Songs und Szenen eines \u00fcbergreifenden Themas zu einem \u201egro\u00dfen Ganzen\u201c: \u201eSongs [&hellip;]<\/p>\n","protected":false},"author":1,"featured_media":2249,"parent":1259,"menu_order":4,"comment_status":"open","ping_status":"closed","template":"","meta":{"footnotes":""},"class_list":["post-2255","page","type-page","status-publish","has-post-thumbnail","hentry","post-preview"],"_links":{"self":[{"href":"https:\/\/www.musical-ensemble-erft.de\/wordpress\/wp-json\/wp\/v2\/pages\/2255","targetHints":{"allow":["GET"]}}],"collection":[{"href":"https:\/\/www.musical-ensemble-erft.de\/wordpress\/wp-json\/wp\/v2\/pages"}],"about":[{"href":"https:\/\/www.musical-ensemble-erft.de\/wordpress\/wp-json\/wp\/v2\/types\/page"}],"author":[{"embeddable":true,"href":"https:\/\/www.musical-ensemble-erft.de\/wordpress\/wp-json\/wp\/v2\/users\/1"}],"replies":[{"embeddable":true,"href":"https:\/\/www.musical-ensemble-erft.de\/wordpress\/wp-json\/wp\/v2\/comments?post=2255"}],"version-history":[{"count":6,"href":"https:\/\/www.musical-ensemble-erft.de\/wordpress\/wp-json\/wp\/v2\/pages\/2255\/revisions"}],"predecessor-version":[{"id":2977,"href":"https:\/\/www.musical-ensemble-erft.de\/wordpress\/wp-json\/wp\/v2\/pages\/2255\/revisions\/2977"}],"up":[{"embeddable":true,"href":"https:\/\/www.musical-ensemble-erft.de\/wordpress\/wp-json\/wp\/v2\/pages\/1259"}],"wp:featuredmedia":[{"embeddable":true,"href":"https:\/\/www.musical-ensemble-erft.de\/wordpress\/wp-json\/wp\/v2\/media\/2249"}],"wp:attachment":[{"href":"https:\/\/www.musical-ensemble-erft.de\/wordpress\/wp-json\/wp\/v2\/media?parent=2255"}],"curies":[{"name":"wp","href":"https:\/\/api.w.org\/{rel}","templated":true}]}}