{"id":2286,"date":"2014-03-14T09:57:21","date_gmt":"2014-03-14T09:57:21","guid":{"rendered":"http:\/\/www.musical-ensemble-erft.de\/wordpress\/?page_id=2286"},"modified":"2014-05-26T13:33:40","modified_gmt":"2014-05-26T13:33:40","slug":"cast","status":"publish","type":"page","link":"https:\/\/www.musical-ensemble-erft.de\/wordpress\/projekte\/songs-for-a-new-world\/cast\/","title":{"rendered":"Cast"},"content":{"rendered":"<p><strong>Auf der B\u00fchne:<\/strong><br \/>\nMichaela Berg, Thomas Bluszcz, Lydia Bremer, Laura Hatko, Katrin Janke, Sascha Kollarz, Eva Michalak, Angela Schl\u00fcter, Nadine Schulz, Tim Stranowsky, Bj\u00f6rn Voskuhl, Daniel Wichmann, Sarah Wichmann<\/p>\n","protected":false},"excerpt":{"rendered":"<p>Auf der B\u00fchne: Michaela Berg, Thomas Bluszcz, Lydia Bremer, Laura Hatko, Katrin Janke, Sascha Kollarz, Eva Michalak, Angela Schl\u00fcter, Nadine Schulz, Tim Stranowsky, Bj\u00f6rn Voskuhl, Daniel Wichmann, Sarah Wichmann<\/p>\n","protected":false},"author":1,"featured_media":0,"parent":2255,"menu_order":0,"comment_status":"open","ping_status":"open","template":"","meta":{"footnotes":""},"class_list":["post-2286","page","type-page","status-publish","hentry","post-preview"],"_links":{"self":[{"href":"https:\/\/www.musical-ensemble-erft.de\/wordpress\/wp-json\/wp\/v2\/pages\/2286","targetHints":{"allow":["GET"]}}],"collection":[{"href":"https:\/\/www.musical-ensemble-erft.de\/wordpress\/wp-json\/wp\/v2\/pages"}],"about":[{"href":"https:\/\/www.musical-ensemble-erft.de\/wordpress\/wp-json\/wp\/v2\/types\/page"}],"author":[{"embeddable":true,"href":"https:\/\/www.musical-ensemble-erft.de\/wordpress\/wp-json\/wp\/v2\/users\/1"}],"replies":[{"embeddable":true,"href":"https:\/\/www.musical-ensemble-erft.de\/wordpress\/wp-json\/wp\/v2\/comments?post=2286"}],"version-history":[{"count":3,"href":"https:\/\/www.musical-ensemble-erft.de\/wordpress\/wp-json\/wp\/v2\/pages\/2286\/revisions"}],"predecessor-version":[{"id":2403,"href":"https:\/\/www.musical-ensemble-erft.de\/wordpress\/wp-json\/wp\/v2\/pages\/2286\/revisions\/2403"}],"up":[{"embeddable":true,"href":"https:\/\/www.musical-ensemble-erft.de\/wordpress\/wp-json\/wp\/v2\/pages\/2255"}],"wp:attachment":[{"href":"https:\/\/www.musical-ensemble-erft.de\/wordpress\/wp-json\/wp\/v2\/media?parent=2286"}],"curies":[{"name":"wp","href":"https:\/\/api.w.org\/{rel}","templated":true}]}}