{"id":2395,"date":"2014-05-22T14:34:43","date_gmt":"2014-05-22T14:34:43","guid":{"rendered":"http:\/\/www.musical-ensemble-erft.de\/wordpress\/?page_id=2395"},"modified":"2014-06-18T07:29:07","modified_gmt":"2014-06-18T07:29:07","slug":"kreativteam-organisation","status":"publish","type":"page","link":"https:\/\/www.musical-ensemble-erft.de\/wordpress\/projekte\/songs-for-a-new-world\/kreativteam-organisation\/","title":{"rendered":"Kreativteam &#038; Organisation"},"content":{"rendered":"<p>Inszenierung &amp; Regie: Barbara Franck<br \/>\nChor, Korrepetition &amp; musikalische Leitung: Philipp Schwerhoff<br \/>\nTanz\/Choreographien: Laura Hatko<\/p>\n<p>Lichtdesign: Marco Maciejewski<br \/>\nTontechnik: TotalAnders Veranstaltungstechnik<\/p>\n<p>Musik und Gesangstexte von Jason Robert Brown<br \/>\nOriginalproduktion durch das WPA Theatre, New York City, 1995 (Kyle Renick, Artistic Director)<br \/>\nOriginalorchestration von Brian Besterman und Jason Robert Brown<br \/>\nDeutsch von Wolfgang Adenberg<\/p>\n<p>Die \u00dcbertragung des Auff\u00fchrungsrechtes erfolgt in \u00dcbereinkunft mit JOSEF WEINBERGER LTD im Namen von MUSIC THEATRE INTERNATIONAL, New York. B\u00fchnenvertrieb: MUSIK UND B\u00dcHNE Verlagsgesellschaft mbH, Wiesbaden.<\/p>\n","protected":false},"excerpt":{"rendered":"<p>Inszenierung &amp; Regie: Barbara Franck Chor, Korrepetition &amp; musikalische Leitung: Philipp Schwerhoff Tanz\/Choreographien: Laura Hatko Lichtdesign: Marco Maciejewski Tontechnik: TotalAnders Veranstaltungstechnik Musik und Gesangstexte von Jason Robert Brown Originalproduktion durch das WPA Theatre, New York City, 1995 (Kyle Renick, Artistic Director) Originalorchestration von Brian Besterman und Jason Robert Brown Deutsch von Wolfgang Adenberg Die \u00dcbertragung [&hellip;]<\/p>\n","protected":false},"author":1,"featured_media":0,"parent":2255,"menu_order":0,"comment_status":"open","ping_status":"open","template":"","meta":{"footnotes":""},"class_list":["post-2395","page","type-page","status-publish","hentry","post-preview"],"_links":{"self":[{"href":"https:\/\/www.musical-ensemble-erft.de\/wordpress\/wp-json\/wp\/v2\/pages\/2395","targetHints":{"allow":["GET"]}}],"collection":[{"href":"https:\/\/www.musical-ensemble-erft.de\/wordpress\/wp-json\/wp\/v2\/pages"}],"about":[{"href":"https:\/\/www.musical-ensemble-erft.de\/wordpress\/wp-json\/wp\/v2\/types\/page"}],"author":[{"embeddable":true,"href":"https:\/\/www.musical-ensemble-erft.de\/wordpress\/wp-json\/wp\/v2\/users\/1"}],"replies":[{"embeddable":true,"href":"https:\/\/www.musical-ensemble-erft.de\/wordpress\/wp-json\/wp\/v2\/comments?post=2395"}],"version-history":[{"count":5,"href":"https:\/\/www.musical-ensemble-erft.de\/wordpress\/wp-json\/wp\/v2\/pages\/2395\/revisions"}],"predecessor-version":[{"id":2432,"href":"https:\/\/www.musical-ensemble-erft.de\/wordpress\/wp-json\/wp\/v2\/pages\/2395\/revisions\/2432"}],"up":[{"embeddable":true,"href":"https:\/\/www.musical-ensemble-erft.de\/wordpress\/wp-json\/wp\/v2\/pages\/2255"}],"wp:attachment":[{"href":"https:\/\/www.musical-ensemble-erft.de\/wordpress\/wp-json\/wp\/v2\/media?parent=2395"}],"curies":[{"name":"wp","href":"https:\/\/api.w.org\/{rel}","templated":true}]}}