{"id":2547,"date":"2014-09-06T10:22:46","date_gmt":"2014-09-06T10:22:46","guid":{"rendered":"http:\/\/www.musical-ensemble-erft.de\/wordpress\/?page_id=2547"},"modified":"2017-06-24T12:59:17","modified_gmt":"2017-06-24T10:59:17","slug":"from-the-soul","status":"publish","type":"page","link":"https:\/\/www.musical-ensemble-erft.de\/wordpress\/projekte\/from-the-soul\/","title":{"rendered":"From the Soul"},"content":{"rendered":"<p>Unser neues Konzertprogramm &#8211; das, was die <strong>Seele guter Musik<\/strong> ausmacht: Stimme, Klavier, Percussion und vor allem Leidenschaft. 14 S\u00e4nger, ein Pianist und ein Schlagzeuger entf\u00fchrten in die Welt von Musicals, die\u00a0 bewegen. Ob Klassiker wie &#8222;Les Mis\u00e9rables&#8220;, &#8222;Elisabeth&#8220; oder &#8222;Jekyll &amp; Hyde&#8220; oder brandneue St\u00fccke wie &#8222;Catch me if you can&#8220; oder das Pulitzer-Preis-gekr\u00f6nte &#8222;Next to Normal \u2013 Fast normal&#8220;: In 25 Songs stellte unser Ensemble seine ganze <strong>Vielseitigkeit <\/strong>unter Beweis. Jazzig, ergreifend, emotional &#8211; und das alles unplugged, ohne Effekte, ohne Verzerrer, ohne Playbacks.<strong> Auf gro\u00dfer B\u00fchne und doch intim und ber\u00fchrend. <\/strong><\/p>\n<blockquote><p>Musik schenkt unseren Herzen eine Seele.&#8220; (Platon)<\/p><\/blockquote>\n<p>Unsere Shows &#8222;From the Soul &#8211; Musical Unplugged&#8220; waren zu sehen am Freitag, 24. Oktober und Samstag, 25. Oktober in der Aula des Gymnasiums Kerpen.<\/p>\n<p><a href=\"https:\/\/www.musical-ensemble-erft.de\/wordpress\/projekte\/from-the-soul\/das-programm\/\">Das Programm<\/a><br \/>\n<a href=\"https:\/\/www.musical-ensemble-erft.de\/wordpress\/projekte\/from-the-soul\/ensemble-crew\/\">Ensemble &amp; Crew<\/a><br \/>\n<a href=\"https:\/\/www.musical-ensemble-erft.de\/wordpress\/projekte\/from-the-soul\/videos\/\">Videos<\/a><br \/>\n<a href=\"https:\/\/www.musical-ensemble-erft.de\/wordpress\/from-the-soul\/\">Alle Blog-Eintr\u00e4ge zum Thema &#8218;From The Soul&#8216;<\/a><\/p>\n<div id=\"attachment_2602\" style=\"width: 514px\" class=\"wp-caption aligncenter\"><a href=\"https:\/\/www.musical-ensemble-erft.de\/wordpress\/wp-content\/uploads\/2014\/10\/Musical-Unplugged-FLYER-A6-FRONT_1008px_150dpi.jpg\" data-rel=\"lightbox-image-0\" data-rl_title=\"Das neue Konzertprogramm des Musical Ensemble Erft\" data-rl_caption=\"\" title=\"Das neue Konzertprogramm des Musical Ensemble Erft\"><img loading=\"lazy\" decoding=\"async\" aria-describedby=\"caption-attachment-2602\" class=\"size-full wp-image-2602\" src=\"https:\/\/www.musical-ensemble-erft.de\/wordpress\/wp-content\/uploads\/2014\/10\/Musical-Unplugged-FLYER-A6-FRONT_1008px_150dpi.jpg\" alt=\"Das neue Konzertprogramm des Musical Ensemble Erft\" width=\"504\" height=\"699\" srcset=\"https:\/\/www.musical-ensemble-erft.de\/wordpress\/wp-content\/uploads\/2014\/10\/Musical-Unplugged-FLYER-A6-FRONT_1008px_150dpi.jpg 504w, https:\/\/www.musical-ensemble-erft.de\/wordpress\/wp-content\/uploads\/2014\/10\/Musical-Unplugged-FLYER-A6-FRONT_1008px_150dpi-216x300.jpg 216w\" sizes=\"auto, (max-width: 504px) 100vw, 504px\" \/><\/a><p id=\"caption-attachment-2602\" class=\"wp-caption-text\">Das neue Konzertprogramm des Musical Ensemble Erft<\/p><\/div>\n","protected":false},"excerpt":{"rendered":"<p>Unser neues Konzertprogramm &#8211; das, was die Seele guter Musik ausmacht: Stimme, Klavier, Percussion und vor allem Leidenschaft. 14 S\u00e4nger, ein Pianist und ein Schlagzeuger entf\u00fchrten in die Welt von Musicals, die\u00a0 bewegen. Ob Klassiker wie &#8222;Les Mis\u00e9rables&#8220;, &#8222;Elisabeth&#8220; oder &#8222;Jekyll &amp; Hyde&#8220; oder brandneue St\u00fccke wie &#8222;Catch me if you can&#8220; oder das Pulitzer-Preis-gekr\u00f6nte [&hellip;]<\/p>\n","protected":false},"author":1,"featured_media":2542,"parent":1259,"menu_order":5,"comment_status":"closed","ping_status":"closed","template":"","meta":{"footnotes":""},"class_list":["post-2547","page","type-page","status-publish","has-post-thumbnail","hentry","post-preview"],"_links":{"self":[{"href":"https:\/\/www.musical-ensemble-erft.de\/wordpress\/wp-json\/wp\/v2\/pages\/2547","targetHints":{"allow":["GET"]}}],"collection":[{"href":"https:\/\/www.musical-ensemble-erft.de\/wordpress\/wp-json\/wp\/v2\/pages"}],"about":[{"href":"https:\/\/www.musical-ensemble-erft.de\/wordpress\/wp-json\/wp\/v2\/types\/page"}],"author":[{"embeddable":true,"href":"https:\/\/www.musical-ensemble-erft.de\/wordpress\/wp-json\/wp\/v2\/users\/1"}],"replies":[{"embeddable":true,"href":"https:\/\/www.musical-ensemble-erft.de\/wordpress\/wp-json\/wp\/v2\/comments?post=2547"}],"version-history":[{"count":10,"href":"https:\/\/www.musical-ensemble-erft.de\/wordpress\/wp-json\/wp\/v2\/pages\/2547\/revisions"}],"predecessor-version":[{"id":4553,"href":"https:\/\/www.musical-ensemble-erft.de\/wordpress\/wp-json\/wp\/v2\/pages\/2547\/revisions\/4553"}],"up":[{"embeddable":true,"href":"https:\/\/www.musical-ensemble-erft.de\/wordpress\/wp-json\/wp\/v2\/pages\/1259"}],"wp:featuredmedia":[{"embeddable":true,"href":"https:\/\/www.musical-ensemble-erft.de\/wordpress\/wp-json\/wp\/v2\/media\/2542"}],"wp:attachment":[{"href":"https:\/\/www.musical-ensemble-erft.de\/wordpress\/wp-json\/wp\/v2\/media?parent=2547"}],"curies":[{"name":"wp","href":"https:\/\/api.w.org\/{rel}","templated":true}]}}