{"id":2734,"date":"2015-02-18T15:53:50","date_gmt":"2015-02-18T15:53:50","guid":{"rendered":"http:\/\/www.musical-ensemble-erft.de\/wordpress\/?page_id=2734"},"modified":"2017-04-04T10:03:33","modified_gmt":"2017-04-04T10:03:33","slug":"auftritte","status":"publish","type":"page","link":"https:\/\/www.musical-ensemble-erft.de\/wordpress\/projekte\/auftritte\/","title":{"rendered":"Weitere Auftritte"},"content":{"rendered":"<p>Wir freuen uns, dass wir immer wieder f\u00fcr Gastauftritte angefragt werden und so neben unseren eigenen gro\u00dfen Projekten regelm\u00e4\u00dfig auf kleineren und gr\u00f6\u00dferen B\u00fchnen der Region zu erleben sind. Hier gibt es einen \u00dcberblick \u00fcber unsere Auftritte der letzten Jahre:<\/p>\n<p><a href=\"https:\/\/www.musical-ensemble-erft.de\/wordpress\/projekte\/auftritte\/nacht-der-bibliotheken-2017\/\">Nacht der Bibliotheken (2017)<\/a><br \/>\n<a href=\"https:\/\/www.musical-ensemble-erft.de\/wordpress\/projekte\/auftritte\/kolpingtag-2016\/\">Kolpingtag Kerpen (2016)<\/a><br \/>\n<a href=\"https:\/\/www.musical-ensemble-erft.de\/wordpress\/projekte\/auftritte\/kerpener-stadtfest-2016\/\">Kerpener Stadtfest (2016)<\/a><br \/>\n<a href=\"https:\/\/www.musical-ensemble-erft.de\/wordpress\/projekte\/auftritte\/neujahrskonzert-2016\/\">Neujahrskonzert J\u00fcchen (2016)<\/a><br \/>\n<a href=\"https:\/\/www.musical-ensemble-erft.de\/wordpress\/projekte\/auftritte\/schreibwerkstatt-2015\/\">Schreibwerkstatt Bergheim (2015)<\/a><br \/>\n<a href=\"https:\/\/www.musical-ensemble-erft.de\/wordpress\/projekte\/auftritte\/kerpener-stadtfest-2015\/\">Kerpener Stadtfest (2015)<\/a><br \/>\n<a href=\"https:\/\/www.musical-ensemble-erft.de\/wordpress\/projekte\/auftritte\/nacht-der-bibliotheken-2015\/\">Nacht der Biblotheken (2015)<\/a><\/p>\n<div id=\"attachment_3673\" style=\"width: 810px\" class=\"wp-caption aligncenter\"><a href=\"https:\/\/www.musical-ensemble-erft.de\/wordpress\/wp-content\/uploads\/2016\/01\/IMG_6977_sm.jpg\" data-rel=\"lightbox-image-0\" data-rl_title=\"Unser Ensemble beim Neujahrskonzert 2016 in J\u00fcchen.\" data-rl_caption=\"\" title=\"Unser Ensemble beim Neujahrskonzert 2016 in J\u00fcchen.\"><img loading=\"lazy\" decoding=\"async\" aria-describedby=\"caption-attachment-3673\" src=\"https:\/\/www.musical-ensemble-erft.de\/wordpress\/wp-content\/uploads\/2016\/01\/IMG_6977_sm.jpg\" alt=\"\" width=\"800\" height=\"533\" class=\"size-full wp-image-3673\" srcset=\"https:\/\/www.musical-ensemble-erft.de\/wordpress\/wp-content\/uploads\/2016\/01\/IMG_6977_sm.jpg 800w, https:\/\/www.musical-ensemble-erft.de\/wordpress\/wp-content\/uploads\/2016\/01\/IMG_6977_sm-300x200.jpg 300w, https:\/\/www.musical-ensemble-erft.de\/wordpress\/wp-content\/uploads\/2016\/01\/IMG_6977_sm-768x512.jpg 768w\" sizes=\"auto, (max-width: 800px) 100vw, 800px\" \/><\/a><p id=\"caption-attachment-3673\" class=\"wp-caption-text\">Unser Ensemble beim Neujahrskonzert 2016 in J\u00fcchen.<\/p><\/div>\n","protected":false},"excerpt":{"rendered":"<p>Wir freuen uns, dass wir immer wieder f\u00fcr Gastauftritte angefragt werden und so neben unseren eigenen gro\u00dfen Projekten regelm\u00e4\u00dfig auf kleineren und gr\u00f6\u00dferen B\u00fchnen der Region zu erleben sind. Hier gibt es einen \u00dcberblick \u00fcber unsere Auftritte der letzten Jahre: Nacht der Bibliotheken (2017) Kolpingtag Kerpen (2016) Kerpener Stadtfest (2016) Neujahrskonzert J\u00fcchen (2016) Schreibwerkstatt Bergheim [&hellip;]<\/p>\n","protected":false},"author":1,"featured_media":2961,"parent":1259,"menu_order":11,"comment_status":"closed","ping_status":"closed","template":"","meta":{"footnotes":""},"class_list":["post-2734","page","type-page","status-publish","has-post-thumbnail","hentry","post-preview"],"_links":{"self":[{"href":"https:\/\/www.musical-ensemble-erft.de\/wordpress\/wp-json\/wp\/v2\/pages\/2734","targetHints":{"allow":["GET"]}}],"collection":[{"href":"https:\/\/www.musical-ensemble-erft.de\/wordpress\/wp-json\/wp\/v2\/pages"}],"about":[{"href":"https:\/\/www.musical-ensemble-erft.de\/wordpress\/wp-json\/wp\/v2\/types\/page"}],"author":[{"embeddable":true,"href":"https:\/\/www.musical-ensemble-erft.de\/wordpress\/wp-json\/wp\/v2\/users\/1"}],"replies":[{"embeddable":true,"href":"https:\/\/www.musical-ensemble-erft.de\/wordpress\/wp-json\/wp\/v2\/comments?post=2734"}],"version-history":[{"count":5,"href":"https:\/\/www.musical-ensemble-erft.de\/wordpress\/wp-json\/wp\/v2\/pages\/2734\/revisions"}],"predecessor-version":[{"id":4340,"href":"https:\/\/www.musical-ensemble-erft.de\/wordpress\/wp-json\/wp\/v2\/pages\/2734\/revisions\/4340"}],"up":[{"embeddable":true,"href":"https:\/\/www.musical-ensemble-erft.de\/wordpress\/wp-json\/wp\/v2\/pages\/1259"}],"wp:featuredmedia":[{"embeddable":true,"href":"https:\/\/www.musical-ensemble-erft.de\/wordpress\/wp-json\/wp\/v2\/media\/2961"}],"wp:attachment":[{"href":"https:\/\/www.musical-ensemble-erft.de\/wordpress\/wp-json\/wp\/v2\/media?parent=2734"}],"curies":[{"name":"wp","href":"https:\/\/api.w.org\/{rel}","templated":true}]}}