{"id":2912,"date":"2015-06-03T10:20:56","date_gmt":"2015-06-03T10:20:56","guid":{"rendered":"http:\/\/www.musical-ensemble-erft.de\/wordpress\/?page_id=2912"},"modified":"2017-04-04T09:41:12","modified_gmt":"2017-04-04T09:41:12","slug":"starlight-express","status":"publish","type":"page","link":"https:\/\/www.musical-ensemble-erft.de\/wordpress\/projekte\/starlight-express\/","title":{"rendered":"Starlight Express"},"content":{"rendered":"<p>Im Herbst 2015 wechseln wir f\u00fcr einen Abend ins Profi-Lager und stehen gemeinsam mit dem Ensemble von \u2018STARLIGHT EXPRESS\u2019 auf der B\u00fchne in Bochum &#8211; im Rahmen einer besonderen Benefiz-Show des weltber\u00fchmten Musicals.<\/p>\n<p><a href=\"https:\/\/www.musical-ensemble-erft.de\/wordpress\/projekte\/starlight-express\/ensemble-crew\/\">Ensemble &#038; Crew<\/a><br \/>\n<a href=\"https:\/\/www.musical-ensemble-erft.de\/wordpress\/category\/starlight-express\/\">Alle Blog-Eintr\u00e4ge zum Thema &#8218;STARLIGHT EXPRESS&#8216;<\/a><\/p>\n<div id=\"attachment_2788\" style=\"width: 1034px\" class=\"wp-caption aligncenter\"><a href=\"https:\/\/www.musical-ensemble-erft.de\/wordpress\/wp-content\/uploads\/2015\/04\/2009_Starlight-Express-Theater-11.jpg\" data-rel=\"lightbox-image-0\" data-rl_title=\"Das Starlight Express Theater in Bochum, (c)Starlight Express\" data-rl_caption=\"\" title=\"Das Starlight Express Theater in Bochum, (c)Starlight Express\"><img loading=\"lazy\" decoding=\"async\" aria-describedby=\"caption-attachment-2788\" src=\"https:\/\/www.musical-ensemble-erft.de\/wordpress\/wp-content\/uploads\/2015\/04\/2009_Starlight-Express-Theater-11-1024x768.jpg\" alt=\"Das Starlight Express Theater in Bochum, (c)Starlight Express\" width=\"1024\" height=\"768\" class=\"size-large wp-image-2788\" srcset=\"https:\/\/www.musical-ensemble-erft.de\/wordpress\/wp-content\/uploads\/2015\/04\/2009_Starlight-Express-Theater-11-1024x768.jpg 1024w, https:\/\/www.musical-ensemble-erft.de\/wordpress\/wp-content\/uploads\/2015\/04\/2009_Starlight-Express-Theater-11-300x225.jpg 300w, https:\/\/www.musical-ensemble-erft.de\/wordpress\/wp-content\/uploads\/2015\/04\/2009_Starlight-Express-Theater-11-900x675.jpg 900w, https:\/\/www.musical-ensemble-erft.de\/wordpress\/wp-content\/uploads\/2015\/04\/2009_Starlight-Express-Theater-11.jpg 1200w\" sizes=\"auto, (max-width: 1024px) 100vw, 1024px\" \/><\/a><p id=\"caption-attachment-2788\" class=\"wp-caption-text\">Das Starlight Express Theater in Bochum, (c)Starlight Express<\/p><\/div>\n","protected":false},"excerpt":{"rendered":"<p>Im Herbst 2015 wechseln wir f\u00fcr einen Abend ins Profi-Lager und stehen gemeinsam mit dem Ensemble von \u2018STARLIGHT EXPRESS\u2019 auf der B\u00fchne in Bochum &#8211; im Rahmen einer besonderen Benefiz-Show des weltber\u00fchmten Musicals. Ensemble &#038; Crew Alle Blog-Eintr\u00e4ge zum Thema &#8218;STARLIGHT EXPRESS&#8216;<\/p>\n","protected":false},"author":1,"featured_media":2788,"parent":1259,"menu_order":1,"comment_status":"closed","ping_status":"closed","template":"","meta":{"footnotes":""},"class_list":["post-2912","page","type-page","status-publish","has-post-thumbnail","hentry","post-preview"],"_links":{"self":[{"href":"https:\/\/www.musical-ensemble-erft.de\/wordpress\/wp-json\/wp\/v2\/pages\/2912","targetHints":{"allow":["GET"]}}],"collection":[{"href":"https:\/\/www.musical-ensemble-erft.de\/wordpress\/wp-json\/wp\/v2\/pages"}],"about":[{"href":"https:\/\/www.musical-ensemble-erft.de\/wordpress\/wp-json\/wp\/v2\/types\/page"}],"author":[{"embeddable":true,"href":"https:\/\/www.musical-ensemble-erft.de\/wordpress\/wp-json\/wp\/v2\/users\/1"}],"replies":[{"embeddable":true,"href":"https:\/\/www.musical-ensemble-erft.de\/wordpress\/wp-json\/wp\/v2\/comments?post=2912"}],"version-history":[{"count":5,"href":"https:\/\/www.musical-ensemble-erft.de\/wordpress\/wp-json\/wp\/v2\/pages\/2912\/revisions"}],"predecessor-version":[{"id":4329,"href":"https:\/\/www.musical-ensemble-erft.de\/wordpress\/wp-json\/wp\/v2\/pages\/2912\/revisions\/4329"}],"up":[{"embeddable":true,"href":"https:\/\/www.musical-ensemble-erft.de\/wordpress\/wp-json\/wp\/v2\/pages\/1259"}],"wp:featuredmedia":[{"embeddable":true,"href":"https:\/\/www.musical-ensemble-erft.de\/wordpress\/wp-json\/wp\/v2\/media\/2788"}],"wp:attachment":[{"href":"https:\/\/www.musical-ensemble-erft.de\/wordpress\/wp-json\/wp\/v2\/media?parent=2912"}],"curies":[{"name":"wp","href":"https:\/\/api.w.org\/{rel}","templated":true}]}}