{"id":3220,"date":"2015-11-22T14:45:16","date_gmt":"2015-11-22T14:45:16","guid":{"rendered":"http:\/\/www.musical-ensemble-erft.de\/wordpress\/?page_id=3220"},"modified":"2016-12-14T19:28:31","modified_gmt":"2016-12-14T19:28:31","slug":"the-addams-family","status":"publish","type":"page","link":"https:\/\/www.musical-ensemble-erft.de\/wordpress\/projekte\/the-addams-family\/","title":{"rendered":"The Addams Family"},"content":{"rendered":"<p><strong>Im Oktober 2016 hobsich der Vorhang f\u00fcr unsere neue Produktion: &#8218;THE ADDAMS FAMILY&#8216; &#8211; das Musical-Highlight des Jahres im Rhein-Erft-Kreis! <\/strong><\/p>\n<p>Das St\u00fcck brachte echtes Broadway-Feeling nach Kerpen: Die Musicalkom\u00f6die mit Musik und Songtexten von Andrew Lippa und dem Buch von Marshall Brickman und Rick Elice erlebte 2010 ihre Premiere in New York und wurde dort mehr als 700 mal gespielt. 2014 war &#8218;THE ADDAMS FAMILY&#8216; im saarl\u00e4ndischen Merzig das erste Mal in Deutschland zu sehen. Nun freuen wir uns sehr, als eine der ersten Amateurgruppen \u00fcberhaupt die Auff\u00fchrungsrechte f\u00fcr diesen Broadway-Hit bekommen zu haben! 17 Darsteller und ein eigens f\u00fcr die Produktion zusammengestelltes Orchester hauchten der kultigen Addams-Familie neues Leben ein. Premiere f\u00fcr &#8218;THE ADDAMS FAMILY&#8216; war\u00a0 am 21. Oktober 2016, alle Infos zu &#8218;The Addams Family&#8216; gibt es hier <a href=\"https:\/\/www.musical-ensemble-erft.de\/wordpress\/category\/the-addams-family\/\"> in unserem Blog<\/a>!<\/p>\n<div id=\"attachment_3982\" style=\"width: 1010px\" class=\"wp-caption aligncenter\"><a href=\"https:\/\/www.musical-ensemble-erft.de\/wordpress\/wp-content\/uploads\/2016\/06\/Gruppenbild-Addams-Family_Musical-Ensemble-Erft_c-Dominik-Huse_bb_sm.jpg\" data-rel=\"lightbox-image-0\" data-rl_title=\"Cast &#039;The Addams Family&#039; - Musical Ensemble Erft - (c) Dominik Huse Fotografie\" data-rl_caption=\"\" title=\"Cast &#039;The Addams Family&#039; - Musical Ensemble Erft - (c) Dominik Huse Fotografie\"><img loading=\"lazy\" decoding=\"async\" aria-describedby=\"caption-attachment-3982\" class=\"size-full wp-image-3982\" src=\"https:\/\/www.musical-ensemble-erft.de\/wordpress\/wp-content\/uploads\/2016\/06\/Gruppenbild-Addams-Family_Musical-Ensemble-Erft_c-Dominik-Huse_bb_sm.jpg\" alt=\"Cast 'The Addams Family' - Musical Ensemble Erft - (c) Dominik Huse Fotografie\" width=\"1000\" height=\"667\" srcset=\"https:\/\/www.musical-ensemble-erft.de\/wordpress\/wp-content\/uploads\/2016\/06\/Gruppenbild-Addams-Family_Musical-Ensemble-Erft_c-Dominik-Huse_bb_sm.jpg 1000w, https:\/\/www.musical-ensemble-erft.de\/wordpress\/wp-content\/uploads\/2016\/06\/Gruppenbild-Addams-Family_Musical-Ensemble-Erft_c-Dominik-Huse_bb_sm-300x200.jpg 300w, https:\/\/www.musical-ensemble-erft.de\/wordpress\/wp-content\/uploads\/2016\/06\/Gruppenbild-Addams-Family_Musical-Ensemble-Erft_c-Dominik-Huse_bb_sm-768x512.jpg 768w\" sizes=\"auto, (max-width: 1000px) 100vw, 1000px\" \/><\/a><p id=\"caption-attachment-3982\" class=\"wp-caption-text\">Cast &#8218;The Addams Family&#8216; &#8211; Musical Ensemble Erft &#8211; (c) Dominik Huse Fotografie<\/p><\/div>\n<p>&nbsp;<\/p>\n<p><strong>&#8222;Teaser Trailer &#8218;THE ADDAMS FAMILY&#8216; &#8211; das Musical&#8220; (03.07.2016) <\/strong><br \/>\n<iframe loading=\"lazy\" src=\"\/\/www.youtube.com\/embed\/niZI0pNAHmg?rel=0&amp;vq=hd1080\" width=\"600\" height=\"338\" frameborder=\"0\" allowfullscreen=\"allowfullscreen\"><\/iframe><\/p>\n<p><strong><br \/>\nBuch von Marshall Brickman &amp; Rick Elice<br \/>\nMusik und Songtexte von Andrew Lippa<br \/>\nBasierend auf Figuren erfunden von Charles Addams<br \/>\nDeutsch von Anja Hauptmann<\/strong><\/p>\n<p>Die Auff\u00fchrung erfolgt mit freundlicher Genehmigung der Gallissas Theaterverlag und Mediaagentur GmbH.<\/p>\n<p><a href=\"https:\/\/www.musical-ensemble-erft.de\/wordpress\/wp-content\/uploads\/2015\/11\/ADDAMS-Tour-Key-Art_Poster.jpg\" data-rel=\"lightbox-image-1\" data-rl_title=\"\" data-rl_caption=\"\" title=\"\"><img loading=\"lazy\" decoding=\"async\" class=\"alignleft size-full wp-image-3293\" src=\"https:\/\/www.musical-ensemble-erft.de\/wordpress\/wp-content\/uploads\/2015\/11\/ADDAMS-Tour-Key-Art_Poster.jpg\" alt=\"ADDAMS Tour Key Art_Poster\" width=\"900\" height=\"1400\" srcset=\"https:\/\/www.musical-ensemble-erft.de\/wordpress\/wp-content\/uploads\/2015\/11\/ADDAMS-Tour-Key-Art_Poster.jpg 900w, https:\/\/www.musical-ensemble-erft.de\/wordpress\/wp-content\/uploads\/2015\/11\/ADDAMS-Tour-Key-Art_Poster-193x300.jpg 193w, https:\/\/www.musical-ensemble-erft.de\/wordpress\/wp-content\/uploads\/2015\/11\/ADDAMS-Tour-Key-Art_Poster-658x1024.jpg 658w\" sizes=\"auto, (max-width: 900px) 100vw, 900px\" \/><\/a><\/p>\n","protected":false},"excerpt":{"rendered":"<p>Im Oktober 2016 hobsich der Vorhang f\u00fcr unsere neue Produktion: &#8218;THE ADDAMS FAMILY&#8216; &#8211; das Musical-Highlight des Jahres im Rhein-Erft-Kreis! Das St\u00fcck brachte echtes Broadway-Feeling nach Kerpen: Die Musicalkom\u00f6die mit Musik und Songtexten von Andrew Lippa und dem Buch von Marshall Brickman und Rick Elice erlebte 2010 ihre Premiere in New York und wurde dort [&hellip;]<\/p>\n","protected":false},"author":1,"featured_media":3298,"parent":1259,"menu_order":0,"comment_status":"closed","ping_status":"closed","template":"","meta":{"footnotes":""},"class_list":["post-3220","page","type-page","status-publish","has-post-thumbnail","hentry","post-preview"],"_links":{"self":[{"href":"https:\/\/www.musical-ensemble-erft.de\/wordpress\/wp-json\/wp\/v2\/pages\/3220","targetHints":{"allow":["GET"]}}],"collection":[{"href":"https:\/\/www.musical-ensemble-erft.de\/wordpress\/wp-json\/wp\/v2\/pages"}],"about":[{"href":"https:\/\/www.musical-ensemble-erft.de\/wordpress\/wp-json\/wp\/v2\/types\/page"}],"author":[{"embeddable":true,"href":"https:\/\/www.musical-ensemble-erft.de\/wordpress\/wp-json\/wp\/v2\/users\/1"}],"replies":[{"embeddable":true,"href":"https:\/\/www.musical-ensemble-erft.de\/wordpress\/wp-json\/wp\/v2\/comments?post=3220"}],"version-history":[{"count":18,"href":"https:\/\/www.musical-ensemble-erft.de\/wordpress\/wp-json\/wp\/v2\/pages\/3220\/revisions"}],"predecessor-version":[{"id":4224,"href":"https:\/\/www.musical-ensemble-erft.de\/wordpress\/wp-json\/wp\/v2\/pages\/3220\/revisions\/4224"}],"up":[{"embeddable":true,"href":"https:\/\/www.musical-ensemble-erft.de\/wordpress\/wp-json\/wp\/v2\/pages\/1259"}],"wp:featuredmedia":[{"embeddable":true,"href":"https:\/\/www.musical-ensemble-erft.de\/wordpress\/wp-json\/wp\/v2\/media\/3298"}],"wp:attachment":[{"href":"https:\/\/www.musical-ensemble-erft.de\/wordpress\/wp-json\/wp\/v2\/media?parent=3220"}],"curies":[{"name":"wp","href":"https:\/\/api.w.org\/{rel}","templated":true}]}}