{"id":3226,"date":"2015-11-22T14:46:08","date_gmt":"2015-11-22T14:46:08","guid":{"rendered":"http:\/\/www.musical-ensemble-erft.de\/wordpress\/?page_id=3226"},"modified":"2016-05-14T11:11:58","modified_gmt":"2016-05-14T11:11:58","slug":"das-stueck","status":"publish","type":"page","link":"https:\/\/www.musical-ensemble-erft.de\/wordpress\/projekte\/the-addams-family\/das-stueck\/","title":{"rendered":"Das St\u00fcck"},"content":{"rendered":"<p><strong>&#8218;THE ADDAMS FAMILY&#8216; bringt echtes Broadway-Feeling nach Kerpen: Die Musicalkom\u00f6die mit Musik und Songtexten von Andrew Lippa und dem Buch von Marshall Brickman und Rick Elice erlebte 2010 ihre Premiere in New York und wurde dort mehr als 700 mal gespielt. 2014 war &#8218;THE ADDAMS FAMILY&#8216; im saarl\u00e4ndischen Merzig das erste Mal in Deutschland zu sehen. Nun freuen wir uns sehr, als eine der ersten Amateurgruppen \u00fcberhaupt die Auff\u00fchrungsrechte f\u00fcr diesen Broadway-Hit bekommen zu haben!<br \/>\n<\/strong><\/p>\n<p><a href=\"https:\/\/www.musical-ensemble-erft.de\/wordpress\/wp-content\/uploads\/2015\/11\/The_Addams_Family_8564473478.jpg\" data-rel=\"lightbox-image-0\" data-rl_title=\"\" data-rl_caption=\"\" title=\"\"><img loading=\"lazy\" decoding=\"async\" class=\"alignleft size-medium wp-image-3284\" src=\"https:\/\/www.musical-ensemble-erft.de\/wordpress\/wp-content\/uploads\/2015\/11\/The_Addams_Family_8564473478-300x200.jpg\" alt=\"The_Addams_Family_(8564473478)\" width=\"300\" height=\"200\" srcset=\"https:\/\/www.musical-ensemble-erft.de\/wordpress\/wp-content\/uploads\/2015\/11\/The_Addams_Family_8564473478-300x200.jpg 300w, https:\/\/www.musical-ensemble-erft.de\/wordpress\/wp-content\/uploads\/2015\/11\/The_Addams_Family_8564473478-900x600.jpg 900w, https:\/\/www.musical-ensemble-erft.de\/wordpress\/wp-content\/uploads\/2015\/11\/The_Addams_Family_8564473478.jpg 1000w\" sizes=\"auto, (max-width: 300px) 100vw, 300px\" \/><\/a><br \/>\nDurch Cartoons, Fernsehserien und Kinofilme ist die bizarre und wundervoll teuflische Addams-Familie seit Jahrzehnten<strong> absoluter Kult<\/strong> \u2013 und im Musical &#8218;THE ADDAMS FAMILY&#8216; erwacht der Clan zu v\u00f6llig neuem Leben&#8230;<\/p>\n<p>Die liebenswerte Ansammlung von Exzentrikern lebt in einer verfallenen Villa mitten im Central Park &#8211; und dort spukt es ganz gewaltig. Familienoberh\u00e4upter sind die<strong> elegant-unterk\u00fchlte Morticia<\/strong> und ihr Gatte, der ihr in Liebe ergebene <strong>hei\u00dfbl\u00fctige Gomez<\/strong>. Im St\u00fcck erlebt Gomez den Albtraum eines jeden Vaters: Seine 18-j\u00e4hrige Tochter <strong>Wednesday, selbsternannte &#8218;Prinzessin der Finsternis&#8216;<\/strong>, hat sich verliebt \u2013 und heimlich verlobt! Ihr Auserw\u00e4hlter, <strong>Lucas Beineke<\/strong>, stammt allerdings aus einer <strong>h\u00f6chst normalen Familie<\/strong>. Wednesday vertraut sich ihrem Vater an und beschw\u00f6rt ihn, der strengen Mutter nichts davon zu sagen. Nun muss Gomez etwas tun, das er noch nie zuvor getan hat: ein <strong>Geheimnis<\/strong> vor seiner geliebten Ehefrau bewahren!<\/p>\n<p>Die Situation droht zu eskalieren, als Familie Beineke ihren Antrittsbesuch bei den Addams und der zuk\u00fcnftigen Schwiegertochter ank\u00fcndigt. Denn nicht nur Vater, Mutter und Tochter Gomez leben in der Grusel-Villa, sondern auch der<strong> pyromanische kleine Bruder Pugsley<\/strong>, Gomez&#8216; bizarr-romantischer <strong>Bruder Fester<\/strong>, die nymphomanische<strong> Grandma<\/strong> und ein ganzer Schwarm von <strong>scharfz\u00fcngigen Addams-Ahnen<\/strong>. Auch der Zombie-artige <strong>Butler Lurch<\/strong> tr\u00e4gt nicht gerade dazu bei, Lucas&#8216; Eltern<strong> Alice und Mal <\/strong>zu beruhigen, denn die sind stolz darauf, <strong>v\u00f6llig normal und durchschnittlich<\/strong> zu sein.<\/p>\n<p>Doch tr\u00fcgt diese Fassade? Beim gemeinsamen Dinner und dem Spiel &#8218;Sag die Wahrheit&#8216; kommen schlie\u00dflich alle Geheimnisse ans Licht \u2013 werden die Addams und die Beinekes diese schicksalhafte Nacht \u00fcberstehen&#8230;?<\/p>\n<p><strong>&#8218;THE ADDAMS FAMILY&#8216; bietet zwei Stunden beste Musical-Unterhaltung mit vielen abwechslungsreichen, swingigen Sounds. Ein extra f\u00fcr diese Produktion zusammengestelltes gro\u00dfes Orchester wird unsere 17 Darsteller live begleiten.<\/strong><\/p>\n","protected":false},"excerpt":{"rendered":"<p>&#8218;THE ADDAMS FAMILY&#8216; bringt echtes Broadway-Feeling nach Kerpen: Die Musicalkom\u00f6die mit Musik und Songtexten von Andrew Lippa und dem Buch von Marshall Brickman und Rick Elice erlebte 2010 ihre Premiere in New York und wurde dort mehr als 700 mal gespielt. 2014 war &#8218;THE ADDAMS FAMILY&#8216; im saarl\u00e4ndischen Merzig das erste Mal in Deutschland zu [&hellip;]<\/p>\n","protected":false},"author":1,"featured_media":0,"parent":3220,"menu_order":1,"comment_status":"closed","ping_status":"closed","template":"","meta":{"footnotes":""},"class_list":["post-3226","page","type-page","status-publish","hentry","post-preview"],"_links":{"self":[{"href":"https:\/\/www.musical-ensemble-erft.de\/wordpress\/wp-json\/wp\/v2\/pages\/3226","targetHints":{"allow":["GET"]}}],"collection":[{"href":"https:\/\/www.musical-ensemble-erft.de\/wordpress\/wp-json\/wp\/v2\/pages"}],"about":[{"href":"https:\/\/www.musical-ensemble-erft.de\/wordpress\/wp-json\/wp\/v2\/types\/page"}],"author":[{"embeddable":true,"href":"https:\/\/www.musical-ensemble-erft.de\/wordpress\/wp-json\/wp\/v2\/users\/1"}],"replies":[{"embeddable":true,"href":"https:\/\/www.musical-ensemble-erft.de\/wordpress\/wp-json\/wp\/v2\/comments?post=3226"}],"version-history":[{"count":12,"href":"https:\/\/www.musical-ensemble-erft.de\/wordpress\/wp-json\/wp\/v2\/pages\/3226\/revisions"}],"predecessor-version":[{"id":3887,"href":"https:\/\/www.musical-ensemble-erft.de\/wordpress\/wp-json\/wp\/v2\/pages\/3226\/revisions\/3887"}],"up":[{"embeddable":true,"href":"https:\/\/www.musical-ensemble-erft.de\/wordpress\/wp-json\/wp\/v2\/pages\/3220"}],"wp:attachment":[{"href":"https:\/\/www.musical-ensemble-erft.de\/wordpress\/wp-json\/wp\/v2\/media?parent=3226"}],"curies":[{"name":"wp","href":"https:\/\/api.w.org\/{rel}","templated":true}]}}