{"id":3391,"date":"2015-12-30T11:48:28","date_gmt":"2015-12-30T11:48:28","guid":{"rendered":"http:\/\/www.musical-ensemble-erft.de\/wordpress\/?page_id=3391"},"modified":"2016-01-11T16:44:35","modified_gmt":"2016-01-11T16:44:35","slug":"sascha-kollarz","status":"publish","type":"page","link":"https:\/\/www.musical-ensemble-erft.de\/wordpress\/projekte\/the-addams-family\/cast-crew\/sascha-kollarz\/","title":{"rendered":"Sascha Kollarz (Gomez Addams, Leitung Ticketing)"},"content":{"rendered":"<div id=\"attachment_3392\" style=\"width: 210px\" class=\"wp-caption alignleft\"><a href=\"https:\/\/www.musical-ensemble-erft.de\/wordpress\/wp-content\/uploads\/2015\/12\/sk.jpg\" data-rel=\"lightbox-image-0\" data-rl_title=\"\" data-rl_caption=\"\" title=\"\"><img loading=\"lazy\" decoding=\"async\" aria-describedby=\"caption-attachment-3392\" class=\"wp-image-3392 size-medium\" src=\"https:\/\/www.musical-ensemble-erft.de\/wordpress\/wp-content\/uploads\/2015\/12\/sk-200x300.jpg\" alt=\"Sascha Kollarz - (c) Dominik Huse\" width=\"200\" height=\"300\" srcset=\"https:\/\/www.musical-ensemble-erft.de\/wordpress\/wp-content\/uploads\/2015\/12\/sk-200x300.jpg 200w, https:\/\/www.musical-ensemble-erft.de\/wordpress\/wp-content\/uploads\/2015\/12\/sk.jpg 640w\" sizes=\"auto, (max-width: 200px) 100vw, 200px\" \/><\/a><p id=\"caption-attachment-3392\" class=\"wp-caption-text\">Sascha Kollarz &#8211; (c) Dominik Huse<\/p><\/div>\n<p>Der 27-j\u00e4hrige Frechener ist ein wahres Multitalent, das sich sowohl im Gesang als auch im Sprechtheater zuhause f\u00fchlt. Beim Musical Ensemble Erft deb\u00fctierte Sascha Kollarz 2010 als \u201aMichael\u2018 in der Deutschlandpremiere von \u201atick, tick\u2026BOOM!\u2018.\u00a0 2012 \u00fcbernahm er die Hauptrolle des \u201aRoger Davis\u2019 in der Erfolgsproduktion \u201aRENT\u2019.<\/p>\n<p>Auch mit dem Frechener Theaterensemble Harlekin kann Sascha auf zahlreiche Produktionen zur\u00fcckblicken: Er war als \u201aAristeus\/Pluto\u2018 in \u201aOrpheus in der Unterwelt\u2018, \u201aWeinberl\u2018 in Nestroys \u201aEinen Jux will er sich machen\u2018 und zuletzt als Dieb in Dario Fos \u201aDer Dieb, der nicht zu Schaden kam\u2018 zu sehen. Mit der Formation \u201aFrischlinge Aldente\u2018 gab er regelm\u00e4\u00dfig Impro-Theatershows.<\/p>\n<p>Von 2008 bis 2011 spielte Sascha mit seinem Musicalensemble \u201a4Tunes\u2018 zahlreiche ausverkaufte Shows. Im Anschluss gl\u00e4nzte der Verwaltungsangestellte in der Titelrolle der Erfolgsproduktion \u201aJekyll&amp;Hyde\u2018 des Bedburger Dekanatsjugendchors \u201aSan Francesco\u2019. In diesem Jahr war er in der Tryout-Produktion des neuen Musicals \u201aDie perfekte Nacht\u2019 von Philipp Polzin in Frechen zu erleben. Als Solist und Backgrounds\u00e4nger kann man Sascha auf verschiedenen CDs h\u00f6ren, wie etwa der Demo zum Musical \u201aDer fliegende Holl\u00e4nder\u2019 oder dem Soloprogramm \u201aMusical Times Hoch 5\u2019 von Musical-Star Chris Murray. Auch im Rock\/Pop-Bereich ist der 27-J\u00e4hrige aktiv und heizt als Fronts\u00e4nger der Party- und Coverband \u201aWest-Life\u2019 den Massen auf gro\u00dfen Feierlichkeiten ein. Gesanglich ausgebildet wurde der Rocktenor an der Voice Factory Frechen und der Music Academy K\u00f6ln.<\/p>\n<p>Mit dem Musical Ensemble Erft stand Sascha Kollarz zuletzt im Chor der Benefiz-Show von \u201aSTARLIGHT EXPRESS\u2019 und als Solist bei zahlreichen regionalen Auftritten auf der B\u00fchne. In \u201aThe Addams Family\u2019 schl\u00fcpft er nun in die Rolle des Familienoberhaupts \u201aGomez Addams\u2019. Neben seiner Rolle auf der B\u00fchne koordiniert Sascha das Ticketing f\u00fcr diese Produktion. Seit 2014 engagiert er sich zudem im Vorstand des Ensembles und zeichnet dort f\u00fcr die Mitgliederbetreuung verantwortlich<\/p>\n<p><a href=\"http:\/\/www.sascha-kollarz.de\" target=\"_blank\">www.sascha-kollarz.de<\/a><br \/>\n<a href=\"https:\/\/www.facebook.com\/SaschaKollarz\" target=\"_blank\">https:\/\/www.facebook.com\/SaschaKollarz<\/a><\/p>\n","protected":false},"excerpt":{"rendered":"<p>Der 27-j\u00e4hrige Frechener ist ein wahres Multitalent, das sich sowohl im Gesang als auch im Sprechtheater zuhause f\u00fchlt. Beim Musical Ensemble Erft deb\u00fctierte Sascha Kollarz 2010 als \u201aMichael\u2018 in der Deutschlandpremiere von \u201atick, tick\u2026BOOM!\u2018.\u00a0 2012 \u00fcbernahm er die Hauptrolle des \u201aRoger Davis\u2019 in der Erfolgsproduktion \u201aRENT\u2019. Auch mit dem Frechener Theaterensemble Harlekin kann Sascha auf [&hellip;]<\/p>\n","protected":false},"author":1,"featured_media":3392,"parent":3228,"menu_order":0,"comment_status":"closed","ping_status":"closed","template":"","meta":{"footnotes":""},"class_list":["post-3391","page","type-page","status-publish","has-post-thumbnail","hentry","post-preview"],"_links":{"self":[{"href":"https:\/\/www.musical-ensemble-erft.de\/wordpress\/wp-json\/wp\/v2\/pages\/3391","targetHints":{"allow":["GET"]}}],"collection":[{"href":"https:\/\/www.musical-ensemble-erft.de\/wordpress\/wp-json\/wp\/v2\/pages"}],"about":[{"href":"https:\/\/www.musical-ensemble-erft.de\/wordpress\/wp-json\/wp\/v2\/types\/page"}],"author":[{"embeddable":true,"href":"https:\/\/www.musical-ensemble-erft.de\/wordpress\/wp-json\/wp\/v2\/users\/1"}],"replies":[{"embeddable":true,"href":"https:\/\/www.musical-ensemble-erft.de\/wordpress\/wp-json\/wp\/v2\/comments?post=3391"}],"version-history":[{"count":9,"href":"https:\/\/www.musical-ensemble-erft.de\/wordpress\/wp-json\/wp\/v2\/pages\/3391\/revisions"}],"predecessor-version":[{"id":3611,"href":"https:\/\/www.musical-ensemble-erft.de\/wordpress\/wp-json\/wp\/v2\/pages\/3391\/revisions\/3611"}],"up":[{"embeddable":true,"href":"https:\/\/www.musical-ensemble-erft.de\/wordpress\/wp-json\/wp\/v2\/pages\/3228"}],"wp:featuredmedia":[{"embeddable":true,"href":"https:\/\/www.musical-ensemble-erft.de\/wordpress\/wp-json\/wp\/v2\/media\/3392"}],"wp:attachment":[{"href":"https:\/\/www.musical-ensemble-erft.de\/wordpress\/wp-json\/wp\/v2\/media?parent=3391"}],"curies":[{"name":"wp","href":"https:\/\/api.w.org\/{rel}","templated":true}]}}