{"id":3407,"date":"2015-12-30T11:29:21","date_gmt":"2015-12-30T11:29:21","guid":{"rendered":"http:\/\/www.musical-ensemble-erft.de\/wordpress\/?page_id=3407"},"modified":"2016-04-25T20:12:33","modified_gmt":"2016-04-25T20:12:33","slug":"anja-boden","status":"publish","type":"page","link":"https:\/\/www.musical-ensemble-erft.de\/wordpress\/projekte\/the-addams-family\/cast-crew\/anja-boden\/","title":{"rendered":"Anja Boden (Wednesday Addams)"},"content":{"rendered":"<div id=\"attachment_3408\" style=\"width: 210px\" class=\"wp-caption alignleft\"><a href=\"https:\/\/www.musical-ensemble-erft.de\/wordpress\/wp-content\/uploads\/2015\/12\/AB.jpg\" data-rel=\"lightbox-image-0\" data-rl_title=\"(c) Dominik Huse\" data-rl_caption=\"\" title=\"(c) Dominik Huse\"><img loading=\"lazy\" decoding=\"async\" aria-describedby=\"caption-attachment-3408\" class=\"wp-image-3408 size-medium\" src=\"https:\/\/www.musical-ensemble-erft.de\/wordpress\/wp-content\/uploads\/2015\/12\/AB-200x300.jpg\" alt=\"Anja Boden - Foto (c) Dominik Huse\" width=\"200\" height=\"300\" srcset=\"https:\/\/www.musical-ensemble-erft.de\/wordpress\/wp-content\/uploads\/2015\/12\/AB-200x300.jpg 200w, https:\/\/www.musical-ensemble-erft.de\/wordpress\/wp-content\/uploads\/2015\/12\/AB.jpg 640w\" sizes=\"auto, (max-width: 200px) 100vw, 200px\" \/><\/a><p id=\"caption-attachment-3408\" class=\"wp-caption-text\">Anja Boden &#8211; Foto (c) Dominik Huse<\/p><\/div>\n<p>Schon von Kindesbeinen an steht die 26-J\u00e4hrige auf der B\u00fchne: Zwischen 2001 und 2009 war Anja Boden aktiv im \u201aTheater Abgelehnt\u2018 und trat mit dem Ensemble unter anderem im Kulturprogramm des K\u00f6lner Weltjugendtages auf. Mit Chor und K\u00f6lsch-AG des Porzer Stadtgymnasiums war sie im G\u00fcrzenich und im K\u00f6lner Zoo zu sehen.<\/p>\n<p>Ihre solistische Gesangsausbildung, 2006 begonnen bei Renate Rietberg-Singer, setzt die Referendarin f\u00fcr Musik und Religion seit Studienzeiten bei dem renommierten Hochschul-Dozenten James Wood fort. Erste Musical-Erfahrungen sammelte Anja bei einem Intensivworkshop an der Stage School Hamburg, 2009 wurde sie im Regional- und Landeswettbewerb von \u201aJugend Musiziert\u2018 ausgezeichnet.<\/p>\n<p>Seit 2011 ist Anja Boden Mitglied des Musical Ensemble Erft und stand seitdem als \u201aSue\u2019 bei der Produktion \u201aRENT\u2019 und als Solistin bei zahlreichen Konzert-Auftritten des Ensembles auf der B\u00fchne. Parallel wirkte sie in den letzten Jahren beim Ruhrmusical e.V. mit und spielt dort aktuell die Rollen der Justine Moritz \/ Caroline Frankenstein in der Erfolgsproduktion \u201aFrankenstein\u2019. Anja tanzt Standard, Latein und Ballett im Tanzzentrum Agne-Franz, der Ballettschule Maren Moritz und der Tanz Fabrik Paulo Franco. In der \u201aAddams Family\u2019 \u00fcbernimmt sie nun die Rolle der Tochter \u201aWednesday\u2019 und verst\u00e4rkt zudem das Team Lichtdesign.<\/p>\n","protected":false},"excerpt":{"rendered":"<p>Schon von Kindesbeinen an steht die 26-J\u00e4hrige auf der B\u00fchne: Zwischen 2001 und 2009 war Anja Boden aktiv im \u201aTheater Abgelehnt\u2018 und trat mit dem Ensemble unter anderem im Kulturprogramm des K\u00f6lner Weltjugendtages auf. Mit Chor und K\u00f6lsch-AG des Porzer Stadtgymnasiums war sie im G\u00fcrzenich und im K\u00f6lner Zoo zu sehen. Ihre solistische Gesangsausbildung, 2006 [&hellip;]<\/p>\n","protected":false},"author":1,"featured_media":3408,"parent":3228,"menu_order":3,"comment_status":"closed","ping_status":"closed","template":"","meta":{"footnotes":""},"class_list":["post-3407","page","type-page","status-publish","has-post-thumbnail","hentry","post-preview"],"_links":{"self":[{"href":"https:\/\/www.musical-ensemble-erft.de\/wordpress\/wp-json\/wp\/v2\/pages\/3407","targetHints":{"allow":["GET"]}}],"collection":[{"href":"https:\/\/www.musical-ensemble-erft.de\/wordpress\/wp-json\/wp\/v2\/pages"}],"about":[{"href":"https:\/\/www.musical-ensemble-erft.de\/wordpress\/wp-json\/wp\/v2\/types\/page"}],"author":[{"embeddable":true,"href":"https:\/\/www.musical-ensemble-erft.de\/wordpress\/wp-json\/wp\/v2\/users\/1"}],"replies":[{"embeddable":true,"href":"https:\/\/www.musical-ensemble-erft.de\/wordpress\/wp-json\/wp\/v2\/comments?post=3407"}],"version-history":[{"count":4,"href":"https:\/\/www.musical-ensemble-erft.de\/wordpress\/wp-json\/wp\/v2\/pages\/3407\/revisions"}],"predecessor-version":[{"id":3799,"href":"https:\/\/www.musical-ensemble-erft.de\/wordpress\/wp-json\/wp\/v2\/pages\/3407\/revisions\/3799"}],"up":[{"embeddable":true,"href":"https:\/\/www.musical-ensemble-erft.de\/wordpress\/wp-json\/wp\/v2\/pages\/3228"}],"wp:featuredmedia":[{"embeddable":true,"href":"https:\/\/www.musical-ensemble-erft.de\/wordpress\/wp-json\/wp\/v2\/media\/3408"}],"wp:attachment":[{"href":"https:\/\/www.musical-ensemble-erft.de\/wordpress\/wp-json\/wp\/v2\/media?parent=3407"}],"curies":[{"name":"wp","href":"https:\/\/api.w.org\/{rel}","templated":true}]}}