{"id":343,"date":"2012-01-21T19:38:32","date_gmt":"2012-01-21T19:38:32","guid":{"rendered":"http:\/\/www.musical-ensemble-erft.de\/wordpress\/?page_id=343"},"modified":"2017-04-04T10:12:03","modified_gmt":"2017-04-04T10:12:03","slug":"kreativteam","status":"publish","type":"page","link":"https:\/\/www.musical-ensemble-erft.de\/wordpress\/projekte\/rent\/kreativteam\/","title":{"rendered":"Kreativteam &#038; Organisation"},"content":{"rendered":"<p>Inszenierung &amp; Regie: <a href=\"https:\/\/www.musical-ensemble-erft.de\/wordpress\/ensemble\/kreativteam\/barbara-franck\/\">Barbara Franck<\/a> \/ <a href=\"https:\/\/www.musical-ensemble-erft.de\/wordpress\/ensemble\/cast\/marco-maciejewski\/\">Marco Maciejewski<\/a><br \/>\nChor, Korrepetition &amp; musikalische Leitung: <a href=\"https:\/\/www.musical-ensemble-erft.de\/wordpress\/ensemble\/kreativteam\/philipp-polzin\/\">Philipp Polzin<\/a><br \/>\nChoreographien: <a href=\"https:\/\/www.musical-ensemble-erft.de\/wordpress\/ensemble\/cast\/laura-hatko\/\">Laura Hatko<\/a><\/p>\n<p>B\u00fchnenbild: Karl Mocha<br \/>\nAusstattung: Linda Kollarz<br \/>\nLichtdesign: Marco Maciejewski<br \/>\nLighting Operator: Karsten Hungenberg \/ Joachim Franck<br \/>\nEquipment Ton: Total Anders Veranstaltungstechnik<br \/>\nToningenieur: Georg Firmenich, Apo60 Tonstudio<br \/>\nArtwork\/Print: Cathleen Wolter Grafikdesign<br \/>\nFotos: Arne Fleckenstein \/ Barbara Franck<br \/>\nTrailer &amp; &#8222;Finale&#8220;-Videos: Arne Fleckenstein<br \/>\nPresse: Michaela Berg<\/p>\n<p>&nbsp;<\/p>\n<p>&nbsp;<\/p>\n<p>Buch, Musik und Liedertexte von Jonathan Larson<br \/>\nDeutsch von Wolfgang Adenberg<br \/>\nArrangements: Steve Skinner<br \/>\nOriginalkonzept und zus\u00e4tzliche Liedtexte: Billy Aronson<br \/>\nMusikalische \u00dcberwachung und zus\u00e4tzliche Arrangements: Tim Weil<\/p>\n<p>Die Originalproduktion von RENT wurde in New York vom New York Theatre Workshop und am Broadway von Jeffrey Seller, Kevin McCollum, Allan S. Gordon und dem New York Theatre Workshop durchgef\u00fchrt. Die \u00dcbertragung des Auff\u00fchrungsrechtes erfolgt in \u00dcbereinkunft mit JOSEF WEINBERGER LTD im Namen von MUSIC THEATRE INTERNATIONAL. B\u00fchnenvertrieb: MUSIK UND B\u00dcHNE, Wiesbaden.<\/p>\n","protected":false},"excerpt":{"rendered":"<p>Inszenierung &amp; Regie: Barbara Franck \/ Marco Maciejewski Chor, Korrepetition &amp; musikalische Leitung: Philipp Polzin Choreographien: Laura Hatko B\u00fchnenbild: Karl Mocha Ausstattung: Linda Kollarz Lichtdesign: Marco Maciejewski Lighting Operator: Karsten Hungenberg \/ Joachim Franck Equipment Ton: Total Anders Veranstaltungstechnik Toningenieur: Georg Firmenich, Apo60 Tonstudio Artwork\/Print: Cathleen Wolter Grafikdesign Fotos: Arne Fleckenstein \/ Barbara Franck Trailer [&hellip;]<\/p>\n","protected":false},"author":1,"featured_media":0,"parent":1261,"menu_order":3,"comment_status":"closed","ping_status":"closed","template":"","meta":{"footnotes":""},"class_list":["post-343","page","type-page","status-publish","hentry","post-preview"],"_links":{"self":[{"href":"https:\/\/www.musical-ensemble-erft.de\/wordpress\/wp-json\/wp\/v2\/pages\/343","targetHints":{"allow":["GET"]}}],"collection":[{"href":"https:\/\/www.musical-ensemble-erft.de\/wordpress\/wp-json\/wp\/v2\/pages"}],"about":[{"href":"https:\/\/www.musical-ensemble-erft.de\/wordpress\/wp-json\/wp\/v2\/types\/page"}],"author":[{"embeddable":true,"href":"https:\/\/www.musical-ensemble-erft.de\/wordpress\/wp-json\/wp\/v2\/users\/1"}],"replies":[{"embeddable":true,"href":"https:\/\/www.musical-ensemble-erft.de\/wordpress\/wp-json\/wp\/v2\/comments?post=343"}],"version-history":[{"count":1,"href":"https:\/\/www.musical-ensemble-erft.de\/wordpress\/wp-json\/wp\/v2\/pages\/343\/revisions"}],"predecessor-version":[{"id":2400,"href":"https:\/\/www.musical-ensemble-erft.de\/wordpress\/wp-json\/wp\/v2\/pages\/343\/revisions\/2400"}],"up":[{"embeddable":true,"href":"https:\/\/www.musical-ensemble-erft.de\/wordpress\/wp-json\/wp\/v2\/pages\/1261"}],"wp:attachment":[{"href":"https:\/\/www.musical-ensemble-erft.de\/wordpress\/wp-json\/wp\/v2\/media?parent=343"}],"curies":[{"name":"wp","href":"https:\/\/api.w.org\/{rel}","templated":true}]}}