{"id":3432,"date":"2015-12-30T11:20:03","date_gmt":"2015-12-30T11:20:03","guid":{"rendered":"http:\/\/www.musical-ensemble-erft.de\/wordpress\/?page_id=3432"},"modified":"2015-12-30T11:20:03","modified_gmt":"2015-12-30T11:20:03","slug":"nadine-schulz","status":"publish","type":"page","link":"https:\/\/www.musical-ensemble-erft.de\/wordpress\/projekte\/the-addams-family\/cast-crew\/nadine-schulz\/","title":{"rendered":"Nadine Schulz (Alice Beineke)"},"content":{"rendered":"<div id=\"attachment_3433\" style=\"width: 210px\" class=\"wp-caption alignleft\"><a href=\"https:\/\/www.musical-ensemble-erft.de\/wordpress\/wp-content\/uploads\/2015\/12\/NS.jpg\" data-rel=\"lightbox-image-0\" data-rl_title=\"(c) Dominik Huse\" data-rl_caption=\"\" title=\"(c) Dominik Huse\"><img loading=\"lazy\" decoding=\"async\" aria-describedby=\"caption-attachment-3433\" class=\"wp-image-3433 size-medium\" src=\"https:\/\/www.musical-ensemble-erft.de\/wordpress\/wp-content\/uploads\/2015\/12\/NS-200x300.jpg\" alt=\"Nadine Schulz - Foto (c) Dominik Huse\" width=\"200\" height=\"300\" srcset=\"https:\/\/www.musical-ensemble-erft.de\/wordpress\/wp-content\/uploads\/2015\/12\/NS-200x300.jpg 200w, https:\/\/www.musical-ensemble-erft.de\/wordpress\/wp-content\/uploads\/2015\/12\/NS.jpg 639w\" sizes=\"auto, (max-width: 200px) 100vw, 200px\" \/><\/a><p id=\"caption-attachment-3433\" class=\"wp-caption-text\">Nadine Schulz &#8211; Foto (c) Dominik Huse<\/p><\/div>\n<p>Ihre gesangliche Ausbildung begann Nadine Schulz in den Schulch\u00f6ren der Realschule Frechen und des Albert-Schweitzer-Gymnasiums H\u00fcrth sowie dem Frechener Gospelchor \u201aShout\u2018. Beim Verein Music4Everybody sammelte die 26-J\u00e4hrige ab 2009 zahlreiche Musical-Erfahrungen mit Rollen in \u201aSister Act 2\u2018, \u201aPapa Trio\u2018, \u201aGleelicious\u2018 und \u201aMove\u2018 und wurde w\u00e4hrend dieser Projekte ausgebildet von Diana Maria Breuer, Martha Potempa und Stephanie Siebert. In diesem Rahmen \u00fcbernahm sie zudem immer wieder Leitungsaufgaben, z.B. als Drehbuch-Autorin und Schauspiel-Coach.<\/p>\n<p>Seit 2011 l\u00e4sst sich Nadine in der Frechener Voice Factory zum Junior Vocal Coach ausbilden. Als Dozentin f\u00fcr Tanz und Gesang f\u00fcr Kinder und Jugendliche war die Referendarin f\u00fcr Sonderp\u00e4dagogik seitdem an verschiedenen Schulen im Rhein-Erft-Kreis engagiert und leitete musikalische Feriencamps, in denen sie Mini-Musicals mit Grundschulkindern erarbeitete. 2012 gr\u00fcndete sie das Musicalensemble \u201aMove\u2018, mit dem sie regelm\u00e4\u00dfig in Frechen und Umgebung auftritt, unter anderem mit der internationalen Performance-Gruppe \u201aGen Rosso\u2018.<\/p>\n<p>Beim Musical Ensemble Erft ist Nadine seit 2013 aktiv. Ihr Deb\u00fct feierte sie als Solistin beim \u201aSternstunden\u2018-Konzert, es folgte 2014 die Gala \u201aFrom the Soul\u2018 und in diesem Jahr Auftritte bei der \u201aNacht der Bibliotheken\u2018, dem Kerpener Stadtfest, im Chor des Musicals \u201aKolpings Traum\u2018 in der LANXESS Arena und der Benefiz-Show von \u201aSTARLIGHT EXPRESS\u2018.<\/p>\n<p>Neben ihrer Rolle als \u201aAlice Beineke\u2018 ist Nadine Schulz beim Projekt \u201aThe Addams Family\u2018 aktiv in den Teams B\u00fchnenbild und Hair &amp; Make-up.<\/p>\n","protected":false},"excerpt":{"rendered":"<p>Ihre gesangliche Ausbildung begann Nadine Schulz in den Schulch\u00f6ren der Realschule Frechen und des Albert-Schweitzer-Gymnasiums H\u00fcrth sowie dem Frechener Gospelchor \u201aShout\u2018. Beim Verein Music4Everybody sammelte die 26-J\u00e4hrige ab 2009 zahlreiche Musical-Erfahrungen mit Rollen in \u201aSister Act 2\u2018, \u201aPapa Trio\u2018, \u201aGleelicious\u2018 und \u201aMove\u2018 und wurde w\u00e4hrend dieser Projekte ausgebildet von Diana Maria Breuer, Martha Potempa und [&hellip;]<\/p>\n","protected":false},"author":1,"featured_media":3433,"parent":3228,"menu_order":8,"comment_status":"closed","ping_status":"closed","template":"","meta":{"footnotes":""},"class_list":["post-3432","page","type-page","status-publish","has-post-thumbnail","hentry","post-preview"],"_links":{"self":[{"href":"https:\/\/www.musical-ensemble-erft.de\/wordpress\/wp-json\/wp\/v2\/pages\/3432","targetHints":{"allow":["GET"]}}],"collection":[{"href":"https:\/\/www.musical-ensemble-erft.de\/wordpress\/wp-json\/wp\/v2\/pages"}],"about":[{"href":"https:\/\/www.musical-ensemble-erft.de\/wordpress\/wp-json\/wp\/v2\/types\/page"}],"author":[{"embeddable":true,"href":"https:\/\/www.musical-ensemble-erft.de\/wordpress\/wp-json\/wp\/v2\/users\/1"}],"replies":[{"embeddable":true,"href":"https:\/\/www.musical-ensemble-erft.de\/wordpress\/wp-json\/wp\/v2\/comments?post=3432"}],"version-history":[{"count":3,"href":"https:\/\/www.musical-ensemble-erft.de\/wordpress\/wp-json\/wp\/v2\/pages\/3432\/revisions"}],"predecessor-version":[{"id":3494,"href":"https:\/\/www.musical-ensemble-erft.de\/wordpress\/wp-json\/wp\/v2\/pages\/3432\/revisions\/3494"}],"up":[{"embeddable":true,"href":"https:\/\/www.musical-ensemble-erft.de\/wordpress\/wp-json\/wp\/v2\/pages\/3228"}],"wp:featuredmedia":[{"embeddable":true,"href":"https:\/\/www.musical-ensemble-erft.de\/wordpress\/wp-json\/wp\/v2\/media\/3433"}],"wp:attachment":[{"href":"https:\/\/www.musical-ensemble-erft.de\/wordpress\/wp-json\/wp\/v2\/media?parent=3432"}],"curies":[{"name":"wp","href":"https:\/\/api.w.org\/{rel}","templated":true}]}}