{"id":3439,"date":"2015-12-30T11:12:10","date_gmt":"2015-12-30T11:12:10","guid":{"rendered":"http:\/\/www.musical-ensemble-erft.de\/wordpress\/?page_id=3439"},"modified":"2016-07-03T18:40:45","modified_gmt":"2016-07-03T18:40:45","slug":"miguel-schlang","status":"publish","type":"page","link":"https:\/\/www.musical-ensemble-erft.de\/wordpress\/projekte\/the-addams-family\/cast-crew\/miguel-schlang\/","title":{"rendered":"Miguel Schlang (Don Juan Addams)"},"content":{"rendered":"<div id=\"attachment_3440\" style=\"width: 210px\" class=\"wp-caption alignleft\"><a href=\"https:\/\/www.musical-ensemble-erft.de\/wordpress\/wp-content\/uploads\/2015\/12\/MS.jpg\" rel=\"attachment wp-att-3440\" data-rel=\"lightbox-image-0\" data-rl_title=\"(c) Dominik Huse\" data-rl_caption=\"\" title=\"(c) Dominik Huse\"><img loading=\"lazy\" decoding=\"async\" aria-describedby=\"caption-attachment-3440\" class=\"wp-image-3440 size-medium\" src=\"https:\/\/www.musical-ensemble-erft.de\/wordpress\/wp-content\/uploads\/2015\/12\/MS-200x300.jpg\" alt=\"Miguel Schlang - Foto (c) Dominik Huse\" width=\"200\" height=\"300\" srcset=\"https:\/\/www.musical-ensemble-erft.de\/wordpress\/wp-content\/uploads\/2015\/12\/MS-200x300.jpg 200w, https:\/\/www.musical-ensemble-erft.de\/wordpress\/wp-content\/uploads\/2015\/12\/MS.jpg 639w\" sizes=\"auto, (max-width: 200px) 100vw, 200px\" \/><\/a><p id=\"caption-attachment-3440\" class=\"wp-caption-text\">Miguel Schlang &#8211; Foto (c) Dominik Huse<\/p><\/div>\n<p>Sein B\u00fchnendeb\u00fct feierte Miguel Schlang 2005 mit der Musical-AG Kerpen in \u201aJede Geschichte handelt von der Liebe\u2018. 2006 brillierte er als \u201aAsterix\u2018 im Theaterst\u00fcck \u201aAsterix und der gro\u00dfe Graben\u2018; es folgten weitere Produktionen mit der Musical-AG wie die \u201aNacht der Musicals\u2018, wo er 2007 Rollen wie \u201aProf. Abronsius\u2018 (\u201aTanz der Vampire\u2018), \u201aNicky\u2018 (\u201aAvenue Q\u2018) oder \u201aZauberer von Oz\u2018 (\u201aWicked\u2018) \u00fcbernahm.<\/p>\n<p>Als eines der Gr\u00fcndungsmitglieder ist der 28-J\u00e4hrige bereits seit 2009 beim Musical Ensemble Erft aktiv und verk\u00f6rperte dort den \u201aOtto\u2018 in \u201aJeder neue Tag\u2018. Im gleichen Jahr war der IT-Business-Analyst im TV im Tanzensemble des \u201aLadykracher\u2018-Musicals zu sehen und sang auf der Musical-Gala im Porta Center Frechen. 2012 war Miguel als \u201aSteve\u2019 in unserer Produktion \u201aRENT&#8216; zu sehen. Zwischen 2011 und 2013 engagierte er sich parallel im Vorstand des Ensembles.<\/p>\n<p>Miguel stand als Solist und Moderator bei zahlreichen Konzerten des Ensembles auf der B\u00fchne; unter anderem in \u201aMusical meets Movies\u2019 oder der Weihnachts-Gala \u201aSternstunden\u2019. Zuletzt verst\u00e4rkte er den Chor des Musicals \u201aKolpings Traum\u2018 in der LANXESS Arena und der Benefiz-Show von \u201aSTARLIGHT EXPRESS\u2018 in Bochum.<\/p>\n<p>Seine solistische Gesangsausbildung hat Miguel 2013 bei Musical-Darstellerin Gabi Schmidt aufgenommen. Im selben Jahr begann er seine Schlagzeug-Ausbildung bei Albert Kristic. In \u201aThe Addams Family\u2019 wird er als Ahne \u201aDon Juan Addams\u2019 nun das Ensemble unterst\u00fctzen und\u00a0 das Team B\u00fchnenbild verst\u00e4rken.<\/p>\n","protected":false},"excerpt":{"rendered":"<p>Sein B\u00fchnendeb\u00fct feierte Miguel Schlang 2005 mit der Musical-AG Kerpen in \u201aJede Geschichte handelt von der Liebe\u2018. 2006 brillierte er als \u201aAsterix\u2018 im Theaterst\u00fcck \u201aAsterix und der gro\u00dfe Graben\u2018; es folgten weitere Produktionen mit der Musical-AG wie die \u201aNacht der Musicals\u2018, wo er 2007 Rollen wie \u201aProf. Abronsius\u2018 (\u201aTanz der Vampire\u2018), \u201aNicky\u2018 (\u201aAvenue Q\u2018) oder [&hellip;]<\/p>\n","protected":false},"author":1,"featured_media":3440,"parent":3228,"menu_order":10,"comment_status":"closed","ping_status":"closed","template":"","meta":{"footnotes":""},"class_list":["post-3439","page","type-page","status-publish","has-post-thumbnail","hentry","post-preview"],"_links":{"self":[{"href":"https:\/\/www.musical-ensemble-erft.de\/wordpress\/wp-json\/wp\/v2\/pages\/3439","targetHints":{"allow":["GET"]}}],"collection":[{"href":"https:\/\/www.musical-ensemble-erft.de\/wordpress\/wp-json\/wp\/v2\/pages"}],"about":[{"href":"https:\/\/www.musical-ensemble-erft.de\/wordpress\/wp-json\/wp\/v2\/types\/page"}],"author":[{"embeddable":true,"href":"https:\/\/www.musical-ensemble-erft.de\/wordpress\/wp-json\/wp\/v2\/users\/1"}],"replies":[{"embeddable":true,"href":"https:\/\/www.musical-ensemble-erft.de\/wordpress\/wp-json\/wp\/v2\/comments?post=3439"}],"version-history":[{"count":5,"href":"https:\/\/www.musical-ensemble-erft.de\/wordpress\/wp-json\/wp\/v2\/pages\/3439\/revisions"}],"predecessor-version":[{"id":4020,"href":"https:\/\/www.musical-ensemble-erft.de\/wordpress\/wp-json\/wp\/v2\/pages\/3439\/revisions\/4020"}],"up":[{"embeddable":true,"href":"https:\/\/www.musical-ensemble-erft.de\/wordpress\/wp-json\/wp\/v2\/pages\/3228"}],"wp:featuredmedia":[{"embeddable":true,"href":"https:\/\/www.musical-ensemble-erft.de\/wordpress\/wp-json\/wp\/v2\/media\/3440"}],"wp:attachment":[{"href":"https:\/\/www.musical-ensemble-erft.de\/wordpress\/wp-json\/wp\/v2\/media?parent=3439"}],"curies":[{"name":"wp","href":"https:\/\/api.w.org\/{rel}","templated":true}]}}