{"id":3442,"date":"2015-12-30T11:05:18","date_gmt":"2015-12-30T11:05:18","guid":{"rendered":"http:\/\/www.musical-ensemble-erft.de\/wordpress\/?page_id=3442"},"modified":"2016-03-08T10:30:16","modified_gmt":"2016-03-08T10:30:16","slug":"barbara-mocha","status":"publish","type":"page","link":"https:\/\/www.musical-ensemble-erft.de\/wordpress\/projekte\/the-addams-family\/cast-crew\/barbara-mocha\/","title":{"rendered":"Barbara Mocha (Dorothy Addams, Leitung B\u00fchnenbild &#038; Requisite)"},"content":{"rendered":"<div id=\"attachment_3443\" style=\"width: 210px\" class=\"wp-caption alignleft\"><a href=\"https:\/\/www.musical-ensemble-erft.de\/wordpress\/wp-content\/uploads\/2015\/12\/BM.jpg\" rel=\"attachment wp-att-3443\" data-rel=\"lightbox-image-0\" data-rl_title=\"(c) Dominik Huse\" data-rl_caption=\"\" title=\"(c) Dominik Huse\"><img loading=\"lazy\" decoding=\"async\" aria-describedby=\"caption-attachment-3443\" class=\"wp-image-3443 size-medium\" src=\"https:\/\/www.musical-ensemble-erft.de\/wordpress\/wp-content\/uploads\/2015\/12\/BM-200x300.jpg\" alt=\"Barbara Mocha - Foto (c) Dominik Huse\" width=\"200\" height=\"300\" srcset=\"https:\/\/www.musical-ensemble-erft.de\/wordpress\/wp-content\/uploads\/2015\/12\/BM-200x300.jpg 200w, https:\/\/www.musical-ensemble-erft.de\/wordpress\/wp-content\/uploads\/2015\/12\/BM.jpg 640w\" sizes=\"auto, (max-width: 200px) 100vw, 200px\" \/><\/a><p id=\"caption-attachment-3443\" class=\"wp-caption-text\">Barbara Mocha &#8211; Foto (c) Dominik Huse<\/p><\/div>\n<p>Nach vielen Jahren Tanz-, Klavier- und Gitarrenunterricht entdeckte Barbara Mocha 2006 ihre Leidenschaft f\u00fcr Gesang und Musicals. Mit der Musical-AG Kerpen pr\u00e4sentierte sie ein Jahr sp\u00e4ter die \u201aNacht der Musicals\u2018, wo sie unter anderem als \u201aAmber\u2018 (\u201aHairspray\u2018) und \u201aChristmas Eve\u2018 (\u201aAvenue Q\u2018) zu sehen war. Im Anschluss z\u00e4hlte die 25-J\u00e4hrige zu den Gr\u00fcndungsmitgliedern des Musical Ensemble Erft und stand 2009 in \u201aJeder neue Tag\u2018, unserer ersten Produktion als freies Ensemble, als \u201aMartha\u2019 und \u201aAnna\u2019 auf der B\u00fchne.<\/p>\n<p>Mit ihrem Musik-Abiturkurs pr\u00e4sentierte Barbara ebenfalls 2009 das Projekt \u201aZeitreise\u2018; im folgenden Jahr \u00fcbernahm die Wirtschaftsjuristin beim Musical Ensemble Erft die Regieassistenz bei der Deutschlandpremiere von \u201atick, tick\u2026BOOM\u2018 und war als S\u00e4ngerin beim Rockprojekt \u201aRock\u2019n\u2019Hymns\u2018 aktiv.<\/p>\n<p>In \u201aRENT\u2019 stand Barbara 2012 als &#8218;Sue&#8216; und &#8218;Mimis Mutter&#8216; wieder mit uns auf der B\u00fchne. Seitdem kann die 24-J\u00e4hrige auf zahlreiche Produktionen des Ensembles wie \u201aMusical meets Movies\u2019 oder \u201aSternstunden\u2019 zur\u00fcckblicken. Zuletzt verst\u00e4rkte sie den Chor des Musicals \u201aKolpings Traum\u2018 in der LANXESS Arena und der Benefiz-Show von \u201aSTARLIGHT EXPRESS\u2018 in Bochum.<\/p>\n<p>Neben ihrer Rolle als Ahnin \u201aDorothy Addams\u2019 zeichnet Barbara Mocha beim Projekt \u201aThe Addams Family\u2018 f\u00fcr das B\u00fchnenbild und die Requisite verantwortlich.<\/p>\n","protected":false},"excerpt":{"rendered":"<p>Nach vielen Jahren Tanz-, Klavier- und Gitarrenunterricht entdeckte Barbara Mocha 2006 ihre Leidenschaft f\u00fcr Gesang und Musicals. Mit der Musical-AG Kerpen pr\u00e4sentierte sie ein Jahr sp\u00e4ter die \u201aNacht der Musicals\u2018, wo sie unter anderem als \u201aAmber\u2018 (\u201aHairspray\u2018) und \u201aChristmas Eve\u2018 (\u201aAvenue Q\u2018) zu sehen war. Im Anschluss z\u00e4hlte die 25-J\u00e4hrige zu den Gr\u00fcndungsmitgliedern des Musical [&hellip;]<\/p>\n","protected":false},"author":1,"featured_media":0,"parent":3228,"menu_order":11,"comment_status":"closed","ping_status":"closed","template":"","meta":{"footnotes":""},"class_list":["post-3442","page","type-page","status-publish","hentry","post-preview"],"_links":{"self":[{"href":"https:\/\/www.musical-ensemble-erft.de\/wordpress\/wp-json\/wp\/v2\/pages\/3442","targetHints":{"allow":["GET"]}}],"collection":[{"href":"https:\/\/www.musical-ensemble-erft.de\/wordpress\/wp-json\/wp\/v2\/pages"}],"about":[{"href":"https:\/\/www.musical-ensemble-erft.de\/wordpress\/wp-json\/wp\/v2\/types\/page"}],"author":[{"embeddable":true,"href":"https:\/\/www.musical-ensemble-erft.de\/wordpress\/wp-json\/wp\/v2\/users\/1"}],"replies":[{"embeddable":true,"href":"https:\/\/www.musical-ensemble-erft.de\/wordpress\/wp-json\/wp\/v2\/comments?post=3442"}],"version-history":[{"count":3,"href":"https:\/\/www.musical-ensemble-erft.de\/wordpress\/wp-json\/wp\/v2\/pages\/3442\/revisions"}],"predecessor-version":[{"id":3729,"href":"https:\/\/www.musical-ensemble-erft.de\/wordpress\/wp-json\/wp\/v2\/pages\/3442\/revisions\/3729"}],"up":[{"embeddable":true,"href":"https:\/\/www.musical-ensemble-erft.de\/wordpress\/wp-json\/wp\/v2\/pages\/3228"}],"wp:attachment":[{"href":"https:\/\/www.musical-ensemble-erft.de\/wordpress\/wp-json\/wp\/v2\/media?parent=3442"}],"curies":[{"name":"wp","href":"https:\/\/api.w.org\/{rel}","templated":true}]}}