{"id":3445,"date":"2015-12-30T11:01:31","date_gmt":"2015-12-30T11:01:31","guid":{"rendered":"http:\/\/www.musical-ensemble-erft.de\/wordpress\/?page_id=3445"},"modified":"2015-12-30T11:01:31","modified_gmt":"2015-12-30T11:01:31","slug":"katrin-janke","status":"publish","type":"page","link":"https:\/\/www.musical-ensemble-erft.de\/wordpress\/projekte\/the-addams-family\/cast-crew\/katrin-janke\/","title":{"rendered":"Katrin Janke (Emma Addams)"},"content":{"rendered":"<div id=\"attachment_3447\" style=\"width: 210px\" class=\"wp-caption alignleft\"><a href=\"https:\/\/www.musical-ensemble-erft.de\/wordpress\/wp-content\/uploads\/2015\/12\/KJ.jpg\" rel=\"attachment wp-att-3447\" data-rel=\"lightbox-image-0\" data-rl_title=\"(c) Dominik Huse\" data-rl_caption=\"\" title=\"(c) Dominik Huse\"><img loading=\"lazy\" decoding=\"async\" aria-describedby=\"caption-attachment-3447\" class=\"wp-image-3447 size-medium\" src=\"https:\/\/www.musical-ensemble-erft.de\/wordpress\/wp-content\/uploads\/2015\/12\/KJ-200x300.jpg\" alt=\"Katrin Janke - Foto (c) Dominik Huse\" width=\"200\" height=\"300\" srcset=\"https:\/\/www.musical-ensemble-erft.de\/wordpress\/wp-content\/uploads\/2015\/12\/KJ-200x300.jpg 200w, https:\/\/www.musical-ensemble-erft.de\/wordpress\/wp-content\/uploads\/2015\/12\/KJ.jpg 640w\" sizes=\"auto, (max-width: 200px) 100vw, 200px\" \/><\/a><p id=\"caption-attachment-3447\" class=\"wp-caption-text\">Katrin Janke &#8211; Foto (c) Dominik Huse<\/p><\/div>\n<p>Katrin Janke kann auf \u00fcber 15 Jahren Erfahrung auf den B\u00fchnen der Region zur\u00fcckblicken und schafft dabei m\u00fchelos den Br\u00fcckenschlag zwischen Musical, Klassik und Pop.<\/p>\n<p>Seit 1999 ist die Erzieherin aktiv beim Bedburger Dekanatsjugendchor \u201aSan Francesco\u2018. Ihr Musical-Deb\u00fct feierte sie dort 2001 als Gr\u00e4fin Szat\u00e1ray in \u201aElisabeth\u2018. Es folgten zahlreiche Konzertprojekte wie die Weihnachtsprogramme \u201aGold von den Sternen\u2018 und \u201aMach mich still\u2018 und Musical-Galas wie die \u201aNight of the Musicals\u2018. In diesem Rahmen ist Katrin auch auf f\u00fcnf CD-Produktionen zu h\u00f6ren. Neben dem San Francesco Chor sang die 36-J\u00e4hrige zwischen 2006 und 2011 auch im Modern &amp; Classic Chor Glesch.<\/p>\n<p>Ihre solistische Gesangsausbildung begann Katrin bereits 2003, zun\u00e4chst bei der Operns\u00e4ngerin Maria Hal\u00e1sz, seit 2011 bei der renommierten Sopranistin Annemarie Krause. 2011 und 2012 folgte ein weiteres gro\u00dfes Musicalprojekt: In der Bedburger Erfolgsproduktion \u201aJekyll &amp; Hyde\u2018 begeisterte Katrin in der Hauptrolle der \u201aLisa Carew\u2018 und war Teil des Kost\u00fcm-Teams. Parallel tanzte Katrin acht Jahre lang Turniere in Standard und Latein.<\/p>\n<p>Seit 2013 ist Katrin Janke Mitglied im Musical Ensemble Erft und deb\u00fctierte als Solistin beim \u201aSternstunden\u2018-Konzert. Im folgenden Jahr war sie bei der Gala \u201aFrom the Soul\u2018 zu erleben, 2015 bei der \u201aNacht der Bibliotheken\u2018, dem Kerpener Stadtfest und der Benefiz-Show von \u201aSTARLIGHT EXPRESS\u2018. Sie tritt regelm\u00e4\u00dfig als S\u00e4ngerin bei Hochzeiten und Taufen in der Region auf. Neben ihrer Rolle als Ahnin \u201aEmma Addams\u2019 engagiert sich Katrin beim Projekt \u201aThe Addams Family\u2018 im Kost\u00fcm-Team.<\/p>\n","protected":false},"excerpt":{"rendered":"<p>Katrin Janke kann auf \u00fcber 15 Jahren Erfahrung auf den B\u00fchnen der Region zur\u00fcckblicken und schafft dabei m\u00fchelos den Br\u00fcckenschlag zwischen Musical, Klassik und Pop. Seit 1999 ist die Erzieherin aktiv beim Bedburger Dekanatsjugendchor \u201aSan Francesco\u2018. Ihr Musical-Deb\u00fct feierte sie dort 2001 als Gr\u00e4fin Szat\u00e1ray in \u201aElisabeth\u2018. Es folgten zahlreiche Konzertprojekte wie die Weihnachtsprogramme \u201aGold [&hellip;]<\/p>\n","protected":false},"author":1,"featured_media":3447,"parent":3228,"menu_order":12,"comment_status":"closed","ping_status":"closed","template":"","meta":{"footnotes":""},"class_list":["post-3445","page","type-page","status-publish","has-post-thumbnail","hentry","post-preview"],"_links":{"self":[{"href":"https:\/\/www.musical-ensemble-erft.de\/wordpress\/wp-json\/wp\/v2\/pages\/3445","targetHints":{"allow":["GET"]}}],"collection":[{"href":"https:\/\/www.musical-ensemble-erft.de\/wordpress\/wp-json\/wp\/v2\/pages"}],"about":[{"href":"https:\/\/www.musical-ensemble-erft.de\/wordpress\/wp-json\/wp\/v2\/types\/page"}],"author":[{"embeddable":true,"href":"https:\/\/www.musical-ensemble-erft.de\/wordpress\/wp-json\/wp\/v2\/users\/1"}],"replies":[{"embeddable":true,"href":"https:\/\/www.musical-ensemble-erft.de\/wordpress\/wp-json\/wp\/v2\/comments?post=3445"}],"version-history":[{"count":3,"href":"https:\/\/www.musical-ensemble-erft.de\/wordpress\/wp-json\/wp\/v2\/pages\/3445\/revisions"}],"predecessor-version":[{"id":3487,"href":"https:\/\/www.musical-ensemble-erft.de\/wordpress\/wp-json\/wp\/v2\/pages\/3445\/revisions\/3487"}],"up":[{"embeddable":true,"href":"https:\/\/www.musical-ensemble-erft.de\/wordpress\/wp-json\/wp\/v2\/pages\/3228"}],"wp:featuredmedia":[{"embeddable":true,"href":"https:\/\/www.musical-ensemble-erft.de\/wordpress\/wp-json\/wp\/v2\/media\/3447"}],"wp:attachment":[{"href":"https:\/\/www.musical-ensemble-erft.de\/wordpress\/wp-json\/wp\/v2\/media?parent=3445"}],"curies":[{"name":"wp","href":"https:\/\/api.w.org\/{rel}","templated":true}]}}