{"id":3452,"date":"2015-12-30T10:56:12","date_gmt":"2015-12-30T10:56:12","guid":{"rendered":"http:\/\/www.musical-ensemble-erft.de\/wordpress\/?page_id=3452"},"modified":"2016-06-05T09:27:25","modified_gmt":"2016-06-05T09:27:25","slug":"saskia-rappenhoener","status":"publish","type":"page","link":"https:\/\/www.musical-ensemble-erft.de\/wordpress\/projekte\/the-addams-family\/cast-crew\/saskia-rappenhoener\/","title":{"rendered":"Saskia Rappenh\u00f6ner (Peggy Addams)"},"content":{"rendered":"<div id=\"attachment_3453\" style=\"width: 210px\" class=\"wp-caption alignleft\"><a href=\"https:\/\/www.musical-ensemble-erft.de\/wordpress\/wp-content\/uploads\/2015\/12\/SR.jpg\" rel=\"attachment wp-att-3453\" data-rel=\"lightbox-image-0\" data-rl_title=\"(c) Dominik Huse\" data-rl_caption=\"\" title=\"(c) Dominik Huse\"><img loading=\"lazy\" decoding=\"async\" aria-describedby=\"caption-attachment-3453\" class=\"wp-image-3453 size-medium\" src=\"https:\/\/www.musical-ensemble-erft.de\/wordpress\/wp-content\/uploads\/2015\/12\/SR-200x300.jpg\" alt=\"Saskia Rappenh\u00f6ner - Foto (c) Dominik Huse\" width=\"200\" height=\"300\" srcset=\"https:\/\/www.musical-ensemble-erft.de\/wordpress\/wp-content\/uploads\/2015\/12\/SR-200x300.jpg 200w, https:\/\/www.musical-ensemble-erft.de\/wordpress\/wp-content\/uploads\/2015\/12\/SR.jpg 640w\" sizes=\"auto, (max-width: 200px) 100vw, 200px\" \/><\/a><p id=\"caption-attachment-3453\" class=\"wp-caption-text\">Saskia Rappenh\u00f6ner &#8211; Foto (c) Dominik Huse<\/p><\/div>\n<p>Mit nur drei Jahren begann Saskia Rappenh\u00f6ner ihre klassische Ballettausbildung an der Ballettschule Moving in Bergisch Gladbach, sp\u00e4ter kamen Unterricht in Jazz und Step dazu. So kann die 20-J\u00e4hrige mittlerweile auf unz\u00e4hlige Auftritte im Rheinisch-Bergischen Raum und gro\u00dfe Partien in bekannten Werken wie dem \u201aNussknacker\u2018 oder \u201aPeterchens Mondfahrt\u2018 zur\u00fcckblicken. Auch \u00fcberregional ist Saskia erfolgreich und konnte zuletzt beim Dance World Cup 2016 in F\u00fcrstenfeldbruck einen zweiten Platz im Steptanz erringen. <\/p>\n<p>Doch auch die Musik spielt schon immer eine gro\u00dfe Rolle in Saskias Leben: Nach acht Jahren Klarinettenunterricht begann die Auszubildende zur Hotelfachfrau 2011 ihre gesangliche Ausbildung mit Unterricht bei Jane Palmer. Bis 2015 wurde sie von DerGrube ausgebildet, seit diesem Sommer von der Musical-Dozentin Coline Hardelauf. Ihr k\u00fcnstlerisches Handwerk vertiefte Saskia zudem in mehreren Musical- und Schauspielworkshops.<\/p>\n<p>Im Sommer 2015 wurde Saskia Mitglied im Musical Ensemble Erft und stand zun\u00e4chst im Chor des Musicals \u201aKolpings Traum\u2018 in der LANXESS Arena auf der B\u00fchne. Im Projekt \u201aThe Addams Family\u2018 verk\u00f6rpert Saskia die Ahnin \u201aPeggy Addams\u2018 auf der B\u00fchne und verst\u00e4rkt das Team Lichtdesign.<\/p>\n","protected":false},"excerpt":{"rendered":"<p>Mit nur drei Jahren begann Saskia Rappenh\u00f6ner ihre klassische Ballettausbildung an der Ballettschule Moving in Bergisch Gladbach, sp\u00e4ter kamen Unterricht in Jazz und Step dazu. So kann die 20-J\u00e4hrige mittlerweile auf unz\u00e4hlige Auftritte im Rheinisch-Bergischen Raum und gro\u00dfe Partien in bekannten Werken wie dem \u201aNussknacker\u2018 oder \u201aPeterchens Mondfahrt\u2018 zur\u00fcckblicken. Auch \u00fcberregional ist Saskia erfolgreich und [&hellip;]<\/p>\n","protected":false},"author":1,"featured_media":3453,"parent":3228,"menu_order":14,"comment_status":"closed","ping_status":"closed","template":"","meta":{"footnotes":""},"class_list":["post-3452","page","type-page","status-publish","has-post-thumbnail","hentry","post-preview"],"_links":{"self":[{"href":"https:\/\/www.musical-ensemble-erft.de\/wordpress\/wp-json\/wp\/v2\/pages\/3452","targetHints":{"allow":["GET"]}}],"collection":[{"href":"https:\/\/www.musical-ensemble-erft.de\/wordpress\/wp-json\/wp\/v2\/pages"}],"about":[{"href":"https:\/\/www.musical-ensemble-erft.de\/wordpress\/wp-json\/wp\/v2\/types\/page"}],"author":[{"embeddable":true,"href":"https:\/\/www.musical-ensemble-erft.de\/wordpress\/wp-json\/wp\/v2\/users\/1"}],"replies":[{"embeddable":true,"href":"https:\/\/www.musical-ensemble-erft.de\/wordpress\/wp-json\/wp\/v2\/comments?post=3452"}],"version-history":[{"count":4,"href":"https:\/\/www.musical-ensemble-erft.de\/wordpress\/wp-json\/wp\/v2\/pages\/3452\/revisions"}],"predecessor-version":[{"id":3928,"href":"https:\/\/www.musical-ensemble-erft.de\/wordpress\/wp-json\/wp\/v2\/pages\/3452\/revisions\/3928"}],"up":[{"embeddable":true,"href":"https:\/\/www.musical-ensemble-erft.de\/wordpress\/wp-json\/wp\/v2\/pages\/3228"}],"wp:featuredmedia":[{"embeddable":true,"href":"https:\/\/www.musical-ensemble-erft.de\/wordpress\/wp-json\/wp\/v2\/media\/3453"}],"wp:attachment":[{"href":"https:\/\/www.musical-ensemble-erft.de\/wordpress\/wp-json\/wp\/v2\/media?parent=3452"}],"curies":[{"name":"wp","href":"https:\/\/api.w.org\/{rel}","templated":true}]}}