{"id":3455,"date":"2015-12-30T10:54:26","date_gmt":"2015-12-30T10:54:26","guid":{"rendered":"http:\/\/www.musical-ensemble-erft.de\/wordpress\/?page_id=3455"},"modified":"2015-12-30T11:05:44","modified_gmt":"2015-12-30T11:05:44","slug":"lydia-bremer","status":"publish","type":"page","link":"https:\/\/www.musical-ensemble-erft.de\/wordpress\/projekte\/the-addams-family\/cast-crew\/lydia-bremer\/","title":{"rendered":"Lydia Bremer (Scarlett Addams, Leitung Kost\u00fcm)"},"content":{"rendered":"<div id=\"attachment_3456\" style=\"width: 210px\" class=\"wp-caption alignleft\"><a href=\"https:\/\/www.musical-ensemble-erft.de\/wordpress\/wp-content\/uploads\/2015\/12\/LB.jpg\" rel=\"attachment wp-att-3456\" data-rel=\"lightbox-image-0\" data-rl_title=\"(c) Dominik Huse\" data-rl_caption=\"\" title=\"(c) Dominik Huse\"><img loading=\"lazy\" decoding=\"async\" aria-describedby=\"caption-attachment-3456\" class=\"wp-image-3456 size-medium\" src=\"https:\/\/www.musical-ensemble-erft.de\/wordpress\/wp-content\/uploads\/2015\/12\/LB-200x300.jpg\" alt=\"Lydia Bremer - Foto (c) Dominik Huse\" width=\"200\" height=\"300\" srcset=\"https:\/\/www.musical-ensemble-erft.de\/wordpress\/wp-content\/uploads\/2015\/12\/LB-200x300.jpg 200w, https:\/\/www.musical-ensemble-erft.de\/wordpress\/wp-content\/uploads\/2015\/12\/LB.jpg 640w\" sizes=\"auto, (max-width: 200px) 100vw, 200px\" \/><\/a><p id=\"caption-attachment-3456\" class=\"wp-caption-text\">Lydia Bremer &#8211; Foto (c) Dominik Huse<\/p><\/div>\n<p>Nach acht Jahren Ballettunterricht und stimmlicher Ausbildung im Schulchor war Lydia Bremer zwischen 2006 und 2012 im Dekanatsjugendchor \u201aSan Francesco\u2018 aktiv. Dort war die 23-J\u00e4hrige unter anderem in der \u201aMusical Gala\u2018 2010 in St\u00fccken wie \u201aLes Mis\u00e9rables\u2018, \u201aElisabeth\u2018 und \u201aTanz der Vampire\u2018 zu sehen; zuletzt 2011 und 2012 in der Erfolgsproduktion \u201aJekyll&amp;Hyde\u2018 als \u201aZeitungsjunge\u2018 und \u201aM\u00e4dchen der Nacht\u2018. Dort war sie ebenfalls an der Entwicklung der Choreographien beteiligt.<\/p>\n<p>Seit 2011 ist die Studentin der Geographie Mitglied des Musical Ensemble Erft. Bereits 2012 war sie in \u201aRENT\u2019 als \u201aPam\u2019 und \u201aJunkie\u2019 zu sehen. Seitdem stand Lydia in zahlreichen Produktionen des Kerpener Ensembles auf der B\u00fchne, unter anderem in \u201aMusical meets Movies\u2019 oder der Musical-Gala \u201aFrom the Soul\u2019. Seit 2013 ist die 23-J\u00e4hrige zudem im Vorstand des Vereins aktiv.<\/p>\n<p>Zuletzt verst\u00e4rkte sie den Chor der Benefiz-Show von \u201aSTARLIGHT EXPRESS\u2018 in Bochum. In \u201aThe Addams Family\u2019 wird sie als Ahnin \u201aScarlett Addams\u2019 auf der B\u00fchne stehen und zeichnet zudem f\u00fcr die Kost\u00fcme der Produktion verantwortlich.<\/p>\n","protected":false},"excerpt":{"rendered":"<p>Nach acht Jahren Ballettunterricht und stimmlicher Ausbildung im Schulchor war Lydia Bremer zwischen 2006 und 2012 im Dekanatsjugendchor \u201aSan Francesco\u2018 aktiv. Dort war die 23-J\u00e4hrige unter anderem in der \u201aMusical Gala\u2018 2010 in St\u00fccken wie \u201aLes Mis\u00e9rables\u2018, \u201aElisabeth\u2018 und \u201aTanz der Vampire\u2018 zu sehen; zuletzt 2011 und 2012 in der Erfolgsproduktion \u201aJekyll&amp;Hyde\u2018 als \u201aZeitungsjunge\u2018 und [&hellip;]<\/p>\n","protected":false},"author":1,"featured_media":3456,"parent":3228,"menu_order":15,"comment_status":"closed","ping_status":"closed","template":"","meta":{"footnotes":""},"class_list":["post-3455","page","type-page","status-publish","has-post-thumbnail","hentry","post-preview"],"_links":{"self":[{"href":"https:\/\/www.musical-ensemble-erft.de\/wordpress\/wp-json\/wp\/v2\/pages\/3455","targetHints":{"allow":["GET"]}}],"collection":[{"href":"https:\/\/www.musical-ensemble-erft.de\/wordpress\/wp-json\/wp\/v2\/pages"}],"about":[{"href":"https:\/\/www.musical-ensemble-erft.de\/wordpress\/wp-json\/wp\/v2\/types\/page"}],"author":[{"embeddable":true,"href":"https:\/\/www.musical-ensemble-erft.de\/wordpress\/wp-json\/wp\/v2\/users\/1"}],"replies":[{"embeddable":true,"href":"https:\/\/www.musical-ensemble-erft.de\/wordpress\/wp-json\/wp\/v2\/comments?post=3455"}],"version-history":[{"count":3,"href":"https:\/\/www.musical-ensemble-erft.de\/wordpress\/wp-json\/wp\/v2\/pages\/3455\/revisions"}],"predecessor-version":[{"id":3489,"href":"https:\/\/www.musical-ensemble-erft.de\/wordpress\/wp-json\/wp\/v2\/pages\/3455\/revisions\/3489"}],"up":[{"embeddable":true,"href":"https:\/\/www.musical-ensemble-erft.de\/wordpress\/wp-json\/wp\/v2\/pages\/3228"}],"wp:featuredmedia":[{"embeddable":true,"href":"https:\/\/www.musical-ensemble-erft.de\/wordpress\/wp-json\/wp\/v2\/media\/3456"}],"wp:attachment":[{"href":"https:\/\/www.musical-ensemble-erft.de\/wordpress\/wp-json\/wp\/v2\/media?parent=3455"}],"curies":[{"name":"wp","href":"https:\/\/api.w.org\/{rel}","templated":true}]}}