{"id":3464,"date":"2015-12-30T10:38:56","date_gmt":"2015-12-30T10:38:56","guid":{"rendered":"http:\/\/www.musical-ensemble-erft.de\/wordpress\/?page_id=3464"},"modified":"2015-12-30T10:49:24","modified_gmt":"2015-12-30T10:49:24","slug":"sarah-wichmann","status":"publish","type":"page","link":"https:\/\/www.musical-ensemble-erft.de\/wordpress\/projekte\/the-addams-family\/cast-crew\/sarah-wichmann\/","title":{"rendered":"Sarah Wichmann (Regieassistenz)"},"content":{"rendered":"<div id=\"attachment_3465\" style=\"width: 210px\" class=\"wp-caption alignleft\"><a href=\"https:\/\/www.musical-ensemble-erft.de\/wordpress\/wp-content\/uploads\/2015\/12\/SW.jpg\" rel=\"attachment wp-att-3465\" data-rel=\"lightbox-image-0\" data-rl_title=\"(c) Dominik Huse\" data-rl_caption=\"\" title=\"(c) Dominik Huse\"><img loading=\"lazy\" decoding=\"async\" aria-describedby=\"caption-attachment-3465\" class=\"wp-image-3465 size-medium\" src=\"https:\/\/www.musical-ensemble-erft.de\/wordpress\/wp-content\/uploads\/2015\/12\/SW-200x300.jpg\" alt=\"Sarah Wichmann - Foto (c) Dominik Huse\" width=\"200\" height=\"300\" srcset=\"https:\/\/www.musical-ensemble-erft.de\/wordpress\/wp-content\/uploads\/2015\/12\/SW-200x300.jpg 200w, https:\/\/www.musical-ensemble-erft.de\/wordpress\/wp-content\/uploads\/2015\/12\/SW.jpg 640w\" sizes=\"auto, (max-width: 200px) 100vw, 200px\" \/><\/a><p id=\"caption-attachment-3465\" class=\"wp-caption-text\">Sarah Wichmann &#8211; Foto (c) Dominik Huse<\/p><\/div>\n<p>Ihre gesangliche Ausbildung begann Sarah Wichmann bereits 2001 bei der Operns\u00e4ngerin Maria Halasz. Auf der Kerpener B\u00fchne deb\u00fctierte die 29-J\u00e4hrige 2003 als \u201aJeanie\u2018 in \u201aHAIR\u2018, im gleichen Jahr war sie an der Musikschule Neu-Bottenbroich als \u201aH\u00e4nsel\u2018 in der Oper \u201aH\u00e4nsel und Gretel\u2018 zu h\u00f6ren. Seitdem kann man Sarah regelm\u00e4\u00dfig auf den B\u00fchnen der Region erleben: bis 2007 bei der Musical-AG Kerpen &#8211; oder als \u201aConstanze Weber\u2018 (\u201aMozart\u2018), \u201aChristmas Eve\u2018 (\u201aAvenue Q\u2018) und \u201aRebecca\u2018 (\u201aTanz der Vampire\u2018) im Rahmen der \u201aNacht der Musicals\u2018; gleichzeitig bei j\u00e4hrlichen Konzerten der Gesangsklasse Halasz.<\/p>\n<p>2009 stand die Lehrerin f\u00fcr Englisch und Religion in \u201aJeder neue Tag\u2018, der ersten Produktion des Musical Ensemble Erft, auf der B\u00fchne. 2010 \u00fcbernahm Sarah die Regieassistenz bei der Deutschlandpremiere von Jonathan Larsons \u201atick, tick\u2026BOOM!\u2018 und engagierte sich zwischen 2011 und 2013 im Vorstand des Vereins.<\/p>\n<p>Auch mit dem Bedburger Dekanatsjugendchor \u201aSan Francesco\u2018 kann die 29-J\u00e4hrige auf zahlreiche erfolgreiche Projekte zur\u00fcckblicken: Seit 2001 (\u201aElisabeth\u2018) war sie dort im Ensemble und solistisch in mehreren Gro\u00dfproduktionen zu sehen, etwa der \u201aNight of the Musicals\u2018 2005 oder der \u201aSan Francesco Musical Gala\u2018 2010. In der Erfolgsproduktion \u201aJekyll &amp; Hyde\u2018 verst\u00e4rkte Sarah das Regie-Team. Ihre k\u00fcnstlerischen Erfahrungen kann sie zudem auch im Rahmen ihres Berufes immer wieder einbringen, etwa durch die Leitung von Literatur-Kursen.<\/p>\n<p>In den letzten Jahren stand Sarah Wichmann in zahlreichen Produktionen des Musical Ensemble Erft auf der B\u00fchne, unter anderem als &#8218;Ali&#8216; in \u201aRENT\u2019 oder der Musical-Gala \u201aFrom the Soul\u2019. Zuletzt verst\u00e4rkte Sarah den Chor des Musicals \u201aKolpings Traum\u2018 in der LANXESS Arena und der Benefiz-Show von \u201aSTARLIGHT EXPRESS\u2018. Ihre Gesangsausbildung setzt sie mittlerweile bei Musical-Darstellerin Gabi Schmidt fort. In \u201aThe Addams Family\u2019 wird sie erneut die Regieassistenz \u00fcbernehmen.<\/p>\n","protected":false},"excerpt":{"rendered":"<p>Ihre gesangliche Ausbildung begann Sarah Wichmann bereits 2001 bei der Operns\u00e4ngerin Maria Halasz. Auf der Kerpener B\u00fchne deb\u00fctierte die 29-J\u00e4hrige 2003 als \u201aJeanie\u2018 in \u201aHAIR\u2018, im gleichen Jahr war sie an der Musikschule Neu-Bottenbroich als \u201aH\u00e4nsel\u2018 in der Oper \u201aH\u00e4nsel und Gretel\u2018 zu h\u00f6ren. Seitdem kann man Sarah regelm\u00e4\u00dfig auf den B\u00fchnen der Region erleben: [&hellip;]<\/p>\n","protected":false},"author":1,"featured_media":3465,"parent":3228,"menu_order":18,"comment_status":"closed","ping_status":"closed","template":"","meta":{"footnotes":""},"class_list":["post-3464","page","type-page","status-publish","has-post-thumbnail","hentry","post-preview"],"_links":{"self":[{"href":"https:\/\/www.musical-ensemble-erft.de\/wordpress\/wp-json\/wp\/v2\/pages\/3464","targetHints":{"allow":["GET"]}}],"collection":[{"href":"https:\/\/www.musical-ensemble-erft.de\/wordpress\/wp-json\/wp\/v2\/pages"}],"about":[{"href":"https:\/\/www.musical-ensemble-erft.de\/wordpress\/wp-json\/wp\/v2\/types\/page"}],"author":[{"embeddable":true,"href":"https:\/\/www.musical-ensemble-erft.de\/wordpress\/wp-json\/wp\/v2\/users\/1"}],"replies":[{"embeddable":true,"href":"https:\/\/www.musical-ensemble-erft.de\/wordpress\/wp-json\/wp\/v2\/comments?post=3464"}],"version-history":[{"count":2,"href":"https:\/\/www.musical-ensemble-erft.de\/wordpress\/wp-json\/wp\/v2\/pages\/3464\/revisions"}],"predecessor-version":[{"id":3479,"href":"https:\/\/www.musical-ensemble-erft.de\/wordpress\/wp-json\/wp\/v2\/pages\/3464\/revisions\/3479"}],"up":[{"embeddable":true,"href":"https:\/\/www.musical-ensemble-erft.de\/wordpress\/wp-json\/wp\/v2\/pages\/3228"}],"wp:featuredmedia":[{"embeddable":true,"href":"https:\/\/www.musical-ensemble-erft.de\/wordpress\/wp-json\/wp\/v2\/media\/3465"}],"wp:attachment":[{"href":"https:\/\/www.musical-ensemble-erft.de\/wordpress\/wp-json\/wp\/v2\/media?parent=3464"}],"curies":[{"name":"wp","href":"https:\/\/api.w.org\/{rel}","templated":true}]}}