{"id":3467,"date":"2015-12-30T10:08:18","date_gmt":"2015-12-30T10:08:18","guid":{"rendered":"http:\/\/www.musical-ensemble-erft.de\/wordpress\/?page_id=3467"},"modified":"2015-12-30T10:49:49","modified_gmt":"2015-12-30T10:49:49","slug":"karl-mocha","status":"publish","type":"page","link":"https:\/\/www.musical-ensemble-erft.de\/wordpress\/projekte\/the-addams-family\/cast-crew\/karl-mocha\/","title":{"rendered":"Karl Mocha (Stage Manager)"},"content":{"rendered":"<div id=\"attachment_3468\" style=\"width: 210px\" class=\"wp-caption alignleft\"><a href=\"https:\/\/www.musical-ensemble-erft.de\/wordpress\/wp-content\/uploads\/2015\/12\/KM.jpg\" rel=\"attachment wp-att-3468\" data-rel=\"lightbox-image-0\" data-rl_title=\"(c) Dominik Huse\" data-rl_caption=\"\" title=\"(c) Dominik Huse\"><img loading=\"lazy\" decoding=\"async\" aria-describedby=\"caption-attachment-3468\" class=\"wp-image-3468 size-medium\" src=\"https:\/\/www.musical-ensemble-erft.de\/wordpress\/wp-content\/uploads\/2015\/12\/KM-200x300.jpg\" alt=\"Karl Mocha - Foto (c) Dominik Huse\" width=\"200\" height=\"300\" srcset=\"https:\/\/www.musical-ensemble-erft.de\/wordpress\/wp-content\/uploads\/2015\/12\/KM-200x300.jpg 200w, https:\/\/www.musical-ensemble-erft.de\/wordpress\/wp-content\/uploads\/2015\/12\/KM.jpg 639w\" sizes=\"auto, (max-width: 200px) 100vw, 200px\" \/><\/a><p id=\"caption-attachment-3468\" class=\"wp-caption-text\">Karl Mocha &#8211; Foto (c) Dominik Huse<\/p><\/div>\n<p>Seit 2008 unterst\u00fctzt uns der Verfahrenstechnik-Doktorand bei allen Jobs hinter und neben der B\u00fchne. Karls Ingenieur-Know How hat uns dabei schon vor der ein oder anderen Statik-Fehlplanung im B\u00fchnenbild bewahrt. Auch in diesem Jahr wird der 29-J\u00e4hrige sein technisches Verst\u00e4ndnis und handwerkliches Geschick in diesem Bereich einbringen. Zudem unterst\u00fctzt uns Karl Mocha w\u00e4hrend der Proben und Shows von &#8218;The Addams Family&#8216; als Stage Manager, koordiniert Szenenwechsel und Ablaufpl\u00e4ne &#8211; und hat vielleicht sogar die ein oder andere ganz besondere Aufgabe&#8230;<\/p>\n","protected":false},"excerpt":{"rendered":"<p>Seit 2008 unterst\u00fctzt uns der Verfahrenstechnik-Doktorand bei allen Jobs hinter und neben der B\u00fchne. Karls Ingenieur-Know How hat uns dabei schon vor der ein oder anderen Statik-Fehlplanung im B\u00fchnenbild bewahrt. Auch in diesem Jahr wird der 29-J\u00e4hrige sein technisches Verst\u00e4ndnis und handwerkliches Geschick in diesem Bereich einbringen. Zudem unterst\u00fctzt uns Karl Mocha w\u00e4hrend der Proben [&hellip;]<\/p>\n","protected":false},"author":1,"featured_media":3468,"parent":3228,"menu_order":19,"comment_status":"closed","ping_status":"closed","template":"","meta":{"footnotes":""},"class_list":["post-3467","page","type-page","status-publish","has-post-thumbnail","hentry","post-preview"],"_links":{"self":[{"href":"https:\/\/www.musical-ensemble-erft.de\/wordpress\/wp-json\/wp\/v2\/pages\/3467","targetHints":{"allow":["GET"]}}],"collection":[{"href":"https:\/\/www.musical-ensemble-erft.de\/wordpress\/wp-json\/wp\/v2\/pages"}],"about":[{"href":"https:\/\/www.musical-ensemble-erft.de\/wordpress\/wp-json\/wp\/v2\/types\/page"}],"author":[{"embeddable":true,"href":"https:\/\/www.musical-ensemble-erft.de\/wordpress\/wp-json\/wp\/v2\/users\/1"}],"replies":[{"embeddable":true,"href":"https:\/\/www.musical-ensemble-erft.de\/wordpress\/wp-json\/wp\/v2\/comments?post=3467"}],"version-history":[{"count":2,"href":"https:\/\/www.musical-ensemble-erft.de\/wordpress\/wp-json\/wp\/v2\/pages\/3467\/revisions"}],"predecessor-version":[{"id":3478,"href":"https:\/\/www.musical-ensemble-erft.de\/wordpress\/wp-json\/wp\/v2\/pages\/3467\/revisions\/3478"}],"up":[{"embeddable":true,"href":"https:\/\/www.musical-ensemble-erft.de\/wordpress\/wp-json\/wp\/v2\/pages\/3228"}],"wp:featuredmedia":[{"embeddable":true,"href":"https:\/\/www.musical-ensemble-erft.de\/wordpress\/wp-json\/wp\/v2\/media\/3468"}],"wp:attachment":[{"href":"https:\/\/www.musical-ensemble-erft.de\/wordpress\/wp-json\/wp\/v2\/media?parent=3467"}],"curies":[{"name":"wp","href":"https:\/\/api.w.org\/{rel}","templated":true}]}}