{"id":3473,"date":"2015-12-30T10:26:46","date_gmt":"2015-12-30T10:26:46","guid":{"rendered":"http:\/\/www.musical-ensemble-erft.de\/wordpress\/?page_id=3473"},"modified":"2016-08-09T15:32:12","modified_gmt":"2016-08-09T15:32:12","slug":"joachim-franck","status":"publish","type":"page","link":"https:\/\/www.musical-ensemble-erft.de\/wordpress\/projekte\/the-addams-family\/cast-crew\/joachim-franck\/","title":{"rendered":"Joachim Franck (Lurch, Lokale Koordination)"},"content":{"rendered":"<div id=\"attachment_3474\" style=\"width: 210px\" class=\"wp-caption alignleft\"><a href=\"https:\/\/www.musical-ensemble-erft.de\/wordpress\/wp-content\/uploads\/2015\/12\/JF.jpg\" rel=\"attachment wp-att-3474\" data-rel=\"lightbox-image-0\" data-rl_title=\"(c) Dominik Huse\" data-rl_caption=\"\" title=\"(c) Dominik Huse\"><img loading=\"lazy\" decoding=\"async\" aria-describedby=\"caption-attachment-3474\" class=\"wp-image-3474 size-medium\" src=\"https:\/\/www.musical-ensemble-erft.de\/wordpress\/wp-content\/uploads\/2015\/12\/JF-200x300.jpg\" alt=\"Joachim Franck - Foto (c) Dominik Huse\" width=\"200\" height=\"300\" srcset=\"https:\/\/www.musical-ensemble-erft.de\/wordpress\/wp-content\/uploads\/2015\/12\/JF-200x300.jpg 200w, https:\/\/www.musical-ensemble-erft.de\/wordpress\/wp-content\/uploads\/2015\/12\/JF.jpg 640w\" sizes=\"auto, (max-width: 200px) 100vw, 200px\" \/><\/a><p id=\"caption-attachment-3474\" class=\"wp-caption-text\">Joachim Franck &#8211; Foto (c) Dominik Huse<\/p><\/div>\n<p>Der pensionierte Oberstudienrat ist als Vorstandsmitglied in unserem Ensemble zust\u00e4ndig f\u00fcr die lokale Koordination und bringt langj\u00e4hrige Erfahrung auf und neben der B\u00fchne mit. Vielseitig k\u00fcnstlerisch interessiert, sang Joachim neben seinem Job als Lehrer f\u00fcr Englisch und Spanisch am Gymnasium Kerpen \u00fcber 20 Jahre lang in verschiedenen Ch\u00f6ren mit Tourneen u.a. nach Spanien, Ungarn und Kroatien. Als Schauspieler war er in vielen Produktionen des Kerpener Lehrertheaters ebenso zu erleben wie im Ensemble des Urania Theater K\u00f6ln. Er leitete zahlreiche Literaturkursprojekte am Gymnasium und war in der Spielzeit 2011\/2012 Co-Dramaturg der \u201aRheinischen Rebellen\u2018 am Schauspielhaus K\u00f6ln.<\/p>\n<p>Sein Interesse an Schauspiel und Musik konnte Joachim schon 1996 vereinen, als er gemeinsam mit Musiklehrerin Monika Theil die Musical-AG am Gymnasium begr\u00fcndete, die er bis 2004 leitete. In diesem Rahmen f\u00fchrte er Regie bei Produktionen wie der \u201aWest Side Story\u2018, \u201aRENT\u2018 oder \u201aMiss Saigon\u2018. Sp\u00e4ter gab er den Regie-Stab an seine Tochter Barbara, war aber als Helfer im Hintergrund in den folgenden Jahren an allen Projekten des Musical Ensemble Erft beteiligt. Seit 2013 engagiert sich Joachim Franck im Vorstand des Vereins, unterst\u00fctzt unsere Produktionen im Bereich der lokalen Koordination und im Team B\u00fchnenbau. Urspr\u00fcnglich auch bei &#8218;The Addams Family&#8216; nur hinter den Kulissen aktiv, freuen wir uns, ihn f\u00fcr dieses Projekt sehr kurzfristig f\u00fcr eine R\u00fcckkehr auf die B\u00fchne gewonnen zu haben und ihn in die Rolle des Butlers &#8218;Lurch&#8216; schl\u00fcpfen zu lassen.<\/p>\n","protected":false},"excerpt":{"rendered":"<p>Der pensionierte Oberstudienrat ist als Vorstandsmitglied in unserem Ensemble zust\u00e4ndig f\u00fcr die lokale Koordination und bringt langj\u00e4hrige Erfahrung auf und neben der B\u00fchne mit. Vielseitig k\u00fcnstlerisch interessiert, sang Joachim neben seinem Job als Lehrer f\u00fcr Englisch und Spanisch am Gymnasium Kerpen \u00fcber 20 Jahre lang in verschiedenen Ch\u00f6ren mit Tourneen u.a. nach Spanien, Ungarn und [&hellip;]<\/p>\n","protected":false},"author":1,"featured_media":3474,"parent":3228,"menu_order":5,"comment_status":"closed","ping_status":"closed","template":"","meta":{"footnotes":""},"class_list":["post-3473","page","type-page","status-publish","has-post-thumbnail","hentry","post-preview"],"_links":{"self":[{"href":"https:\/\/www.musical-ensemble-erft.de\/wordpress\/wp-json\/wp\/v2\/pages\/3473","targetHints":{"allow":["GET"]}}],"collection":[{"href":"https:\/\/www.musical-ensemble-erft.de\/wordpress\/wp-json\/wp\/v2\/pages"}],"about":[{"href":"https:\/\/www.musical-ensemble-erft.de\/wordpress\/wp-json\/wp\/v2\/types\/page"}],"author":[{"embeddable":true,"href":"https:\/\/www.musical-ensemble-erft.de\/wordpress\/wp-json\/wp\/v2\/users\/1"}],"replies":[{"embeddable":true,"href":"https:\/\/www.musical-ensemble-erft.de\/wordpress\/wp-json\/wp\/v2\/comments?post=3473"}],"version-history":[{"count":5,"href":"https:\/\/www.musical-ensemble-erft.de\/wordpress\/wp-json\/wp\/v2\/pages\/3473\/revisions"}],"predecessor-version":[{"id":4048,"href":"https:\/\/www.musical-ensemble-erft.de\/wordpress\/wp-json\/wp\/v2\/pages\/3473\/revisions\/4048"}],"up":[{"embeddable":true,"href":"https:\/\/www.musical-ensemble-erft.de\/wordpress\/wp-json\/wp\/v2\/pages\/3228"}],"wp:featuredmedia":[{"embeddable":true,"href":"https:\/\/www.musical-ensemble-erft.de\/wordpress\/wp-json\/wp\/v2\/media\/3474"}],"wp:attachment":[{"href":"https:\/\/www.musical-ensemble-erft.de\/wordpress\/wp-json\/wp\/v2\/media?parent=3473"}],"curies":[{"name":"wp","href":"https:\/\/api.w.org\/{rel}","templated":true}]}}