{"id":356,"date":"2012-02-04T23:42:44","date_gmt":"2012-02-04T23:42:44","guid":{"rendered":"http:\/\/www.musical-ensemble-erft.de\/wordpress\/?page_id=356"},"modified":"2012-09-05T10:04:11","modified_gmt":"2012-09-05T10:04:11","slug":"fabian-busch","status":"publish","type":"page","link":"https:\/\/www.musical-ensemble-erft.de\/wordpress\/projekte\/rent\/cast\/fabian-busch\/","title":{"rendered":"Fabian Busch (Collins)"},"content":{"rendered":"<p><a href=\"https:\/\/www.musical-ensemble-erft.de\/wordpress\/wp-content\/uploads\/2012\/02\/IMG_5498.jpg\" data-rel=\"lightbox-image-0\" data-rl_title=\"\" data-rl_caption=\"\"><img loading=\"lazy\" decoding=\"async\" class=\"alignleft size-medium wp-image-609\" title=\"\" src=\"https:\/\/www.musical-ensemble-erft.de\/wordpress\/wp-content\/uploads\/2012\/02\/IMG_5498-228x300.jpg\" alt=\"Fabian Busch (Collins)\" width=\"228\" height=\"300\" srcset=\"https:\/\/www.musical-ensemble-erft.de\/wordpress\/wp-content\/uploads\/2012\/02\/IMG_5498-228x300.jpg 228w, https:\/\/www.musical-ensemble-erft.de\/wordpress\/wp-content\/uploads\/2012\/02\/IMG_5498.jpg 380w\" sizes=\"auto, (max-width: 228px) 100vw, 228px\" \/><\/a>Mit &#8218;RENT&#8216; macht Fabian seine ersten Erfahrungen im Musical-Bereich, auf der B\u00fchne f\u00fchlt sich der Medizinstudent jedoch schon seit langem heimisch: Mit 16 Jahren begann er seine Gesangsausbildung bei Sigrid Haverkamp (Vocalcenter Bonn), die er seit 2009 bei Gabi Schmidt (K\u00f6ln) fortsetzt. Als S\u00e4nger der Formation &#8218;Take That Jazz&#8216; war der 23-J\u00e4hrige so etwa auf dem Museumsmeilenfest Bonn oder im Museum Koenig zu sehen, mit der &#8218;EMA Bigband&#8216; trat er auf dem Beethovenfestival und im Bonner Br\u00fcckenforum auf. Ein weiteres musikalisches Projekt ist die Red Hot Chili Peppers-Coverband &#8218;Funky Monks&#8216;.<\/p>\n<p>Auch als Studios\u00e4nger und Synchronsprecher sammelte Fabian bereits Erfahrung: Er sang den Titelsong f\u00fcr den Animationsfilm &#8218;Der Delfin &#8211; Die Geschichte eines Tr\u00e4umers&#8216; ein und ist in den Serien &#8218;Cosmo und Wanda &#8211; wenn Elfen helfen&#8216; sowie &#8218;1001 Nacht&#8216; zu h\u00f6ren.<\/p>\n","protected":false},"excerpt":{"rendered":"<p>Mit &#8218;RENT&#8216; macht Fabian seine ersten Erfahrungen im Musical-Bereich, auf der B\u00fchne f\u00fchlt sich der Medizinstudent jedoch schon seit langem heimisch: Mit 16 Jahren begann er seine Gesangsausbildung bei Sigrid Haverkamp (Vocalcenter Bonn), die er seit 2009 bei Gabi Schmidt (K\u00f6ln) fortsetzt. Als S\u00e4nger der Formation &#8218;Take That Jazz&#8216; war der 23-J\u00e4hrige so etwa auf [&hellip;]<\/p>\n","protected":false},"author":1,"featured_media":0,"parent":188,"menu_order":2,"comment_status":"open","ping_status":"open","template":"","meta":{"footnotes":""},"class_list":["post-356","page","type-page","status-publish","hentry","post-preview"],"_links":{"self":[{"href":"https:\/\/www.musical-ensemble-erft.de\/wordpress\/wp-json\/wp\/v2\/pages\/356","targetHints":{"allow":["GET"]}}],"collection":[{"href":"https:\/\/www.musical-ensemble-erft.de\/wordpress\/wp-json\/wp\/v2\/pages"}],"about":[{"href":"https:\/\/www.musical-ensemble-erft.de\/wordpress\/wp-json\/wp\/v2\/types\/page"}],"author":[{"embeddable":true,"href":"https:\/\/www.musical-ensemble-erft.de\/wordpress\/wp-json\/wp\/v2\/users\/1"}],"replies":[{"embeddable":true,"href":"https:\/\/www.musical-ensemble-erft.de\/wordpress\/wp-json\/wp\/v2\/comments?post=356"}],"version-history":[{"count":0,"href":"https:\/\/www.musical-ensemble-erft.de\/wordpress\/wp-json\/wp\/v2\/pages\/356\/revisions"}],"up":[{"embeddable":true,"href":"https:\/\/www.musical-ensemble-erft.de\/wordpress\/wp-json\/wp\/v2\/pages\/188"}],"wp:attachment":[{"href":"https:\/\/www.musical-ensemble-erft.de\/wordpress\/wp-json\/wp\/v2\/media?parent=356"}],"curies":[{"name":"wp","href":"https:\/\/api.w.org\/{rel}","templated":true}]}}