{"id":364,"date":"2012-02-04T23:43:10","date_gmt":"2012-02-04T23:43:10","guid":{"rendered":"http:\/\/www.musical-ensemble-erft.de\/wordpress\/?page_id=364"},"modified":"2012-02-04T23:53:27","modified_gmt":"2012-02-04T23:53:27","slug":"angela-schlueter","status":"publish","type":"page","link":"https:\/\/www.musical-ensemble-erft.de\/wordpress\/projekte\/rent\/cast\/angela-schlueter\/","title":{"rendered":"Angela Schl\u00fcter (Mimi)"},"content":{"rendered":"<p><a href=\"https:\/\/www.musical-ensemble-erft.de\/wordpress\/wp-content\/uploads\/2012\/02\/IMG_5711.jpg\" data-rel=\"lightbox-image-0\" data-rl_title=\"\" data-rl_caption=\"\"><img loading=\"lazy\" decoding=\"async\" class=\"alignleft size-medium wp-image-619\" title=\"\" src=\"https:\/\/www.musical-ensemble-erft.de\/wordpress\/wp-content\/uploads\/2012\/02\/IMG_5711-228x300.jpg\" alt=\"Angela Schl\u00fcter (Mimi)\" width=\"228\" height=\"300\" srcset=\"https:\/\/www.musical-ensemble-erft.de\/wordpress\/wp-content\/uploads\/2012\/02\/IMG_5711-228x300.jpg 228w, https:\/\/www.musical-ensemble-erft.de\/wordpress\/wp-content\/uploads\/2012\/02\/IMG_5711.jpg 380w\" sizes=\"auto, (max-width: 228px) 100vw, 228px\" \/><\/a>Bereits zu Schulzeiten stand Angela im Theater am Wall Warendorf als &#8218;Geist der Vergangenheit&#8216; in &#8218;Scrooge&#8216; und &#8218;Belle&#8216; in &#8218;Die Sch\u00f6ne und das Biest&#8216; auf der Musicalb\u00fchne. Ausgebildet von der renommierten Mezzosopranistin Ulrike Meyer-Krahmer, feierte die 24-J\u00e4hrige Erfolge auf Regional- und Landesebene im Wettbewerb &#8218;Jugend Musiziert&#8216; (Popgesang und Musical).<\/p>\n<p>Momentan schlie\u00dft Angela ihr Studium der Sonderp\u00e4dagogik mit dem Schwerpunkt Musik (Gesang\/Klavier) in K\u00f6ln ab. Im Rahmen dieses Studiums wurde sie zur Chorleiterin ausgebildet und komponiert eigene Songs f\u00fcr Gesang und Klavier. Inzwischen wird sie im Fach Gesang von Beate Wood unterrichtet. Gemeinsam mit Sascha Kollarz und Philipp Polzin ist Angela aktiv beim Musicalensemble &#8218;4Tunes&#8216;, wo sie Rollen wie &#8218;Lucy&#8216; (&#8218;Jekyll &amp; Hyde&#8216;), &#8218;Magenta\/Columbia&#8216; (&#8218;Rocky Horror Show&#8216;) oder &#8218;Sarah&#8216; (&#8218;Tanz der Vampire&#8216;) \u00fcbernimmt.<\/p>\n","protected":false},"excerpt":{"rendered":"<p>Bereits zu Schulzeiten stand Angela im Theater am Wall Warendorf als &#8218;Geist der Vergangenheit&#8216; in &#8218;Scrooge&#8216; und &#8218;Belle&#8216; in &#8218;Die Sch\u00f6ne und das Biest&#8216; auf der Musicalb\u00fchne. Ausgebildet von der renommierten Mezzosopranistin Ulrike Meyer-Krahmer, feierte die 24-J\u00e4hrige Erfolge auf Regional- und Landesebene im Wettbewerb &#8218;Jugend Musiziert&#8216; (Popgesang und Musical). Momentan schlie\u00dft Angela ihr Studium der [&hellip;]<\/p>\n","protected":false},"author":1,"featured_media":0,"parent":188,"menu_order":5,"comment_status":"open","ping_status":"open","template":"","meta":{"footnotes":""},"class_list":["post-364","page","type-page","status-publish","hentry","post-preview"],"_links":{"self":[{"href":"https:\/\/www.musical-ensemble-erft.de\/wordpress\/wp-json\/wp\/v2\/pages\/364","targetHints":{"allow":["GET"]}}],"collection":[{"href":"https:\/\/www.musical-ensemble-erft.de\/wordpress\/wp-json\/wp\/v2\/pages"}],"about":[{"href":"https:\/\/www.musical-ensemble-erft.de\/wordpress\/wp-json\/wp\/v2\/types\/page"}],"author":[{"embeddable":true,"href":"https:\/\/www.musical-ensemble-erft.de\/wordpress\/wp-json\/wp\/v2\/users\/1"}],"replies":[{"embeddable":true,"href":"https:\/\/www.musical-ensemble-erft.de\/wordpress\/wp-json\/wp\/v2\/comments?post=364"}],"version-history":[{"count":0,"href":"https:\/\/www.musical-ensemble-erft.de\/wordpress\/wp-json\/wp\/v2\/pages\/364\/revisions"}],"up":[{"embeddable":true,"href":"https:\/\/www.musical-ensemble-erft.de\/wordpress\/wp-json\/wp\/v2\/pages\/188"}],"wp:attachment":[{"href":"https:\/\/www.musical-ensemble-erft.de\/wordpress\/wp-json\/wp\/v2\/media?parent=364"}],"curies":[{"name":"wp","href":"https:\/\/api.w.org\/{rel}","templated":true}]}}