{"id":368,"date":"2012-02-04T23:43:27","date_gmt":"2012-02-04T23:43:27","guid":{"rendered":"http:\/\/www.musical-ensemble-erft.de\/wordpress\/?page_id=368"},"modified":"2012-07-19T19:06:11","modified_gmt":"2012-07-19T19:06:11","slug":"michaela-berg","status":"publish","type":"page","link":"https:\/\/www.musical-ensemble-erft.de\/wordpress\/projekte\/rent\/cast\/michaela-berg\/","title":{"rendered":"Michaela Berg (Joanne)"},"content":{"rendered":"<p><a href=\"https:\/\/www.musical-ensemble-erft.de\/wordpress\/wp-content\/uploads\/2012\/02\/IMG_5679.jpg\" data-rel=\"lightbox-image-0\" data-rl_title=\"\" data-rl_caption=\"\"><img loading=\"lazy\" decoding=\"async\" class=\"alignleft size-medium wp-image-618\" title=\"\" src=\"https:\/\/www.musical-ensemble-erft.de\/wordpress\/wp-content\/uploads\/2012\/02\/IMG_5679-228x300.jpg\" alt=\"Michaela Berg (Joanne)\" width=\"228\" height=\"300\" srcset=\"https:\/\/www.musical-ensemble-erft.de\/wordpress\/wp-content\/uploads\/2012\/02\/IMG_5679-228x300.jpg 228w, https:\/\/www.musical-ensemble-erft.de\/wordpress\/wp-content\/uploads\/2012\/02\/IMG_5679.jpg 380w\" sizes=\"auto, (max-width: 228px) 100vw, 228px\" \/><\/a>Ihre klassische Gesangsausbildung bei Maria Halasz begann Michi bereits mit 13 Jahren, nebenbei erhielt sie Tanzunterricht in der Ballettschule KULT. Ein Jahr sp\u00e4ter deb\u00fctierte sie als &#8218;Crissy&#8216; in &#8218;Hair&#8216; bei der Musical-AG Kerpen und hat seitdem umfassende B\u00fchnenerfahrung gesammelt: Es folgten mehrere Solo-Auftritte im &#8218;Forum junger K\u00fcnstler&#8216; und an der Musikschule Heinen, das Schauspiel-Deb\u00fct in &#8218;The Show After&#8216; (2006) sowie zahreiche Produktionen mit der Musical-AG, zuletzt 2007 die &#8218;Nacht der Musicals&#8216;, wo die 24-J\u00e4hrige unter anderem Rollen wie &#8218;Amneris&#8216; (&#8218;Aida&#8216;), &#8218;Nala&#8216; (&#8218;Der K\u00f6nig der L\u00f6wen&#8216;) oder &#8218;Lucy&#8216; (&#8218;Jekyll&amp;Hyde&#8216;) spielte.<\/p>\n<p>Eineinhalb Jahre sp\u00e4ter \u00fcbernahm Michi in der ersten Produktion des Musical Ensemble Erft die Hauptrolle in &#8218;Jeder neue Tag&#8216;; 2010 war die Medienwissenschafts-Absolventin gemeinsam mit Oliver Morschel und Sascha Kollarz in der Deutschlandpremiere von &#8218;tick, tick&#8230;BOOM!&#8216; zu sehen. Dar\u00fcber hinaus tritt Michi regelm\u00e4\u00dfig als S\u00e4ngerin auf gro\u00dfen Gala-Veranstaltungen (u.a. Lions Club Duisburg) auf und setzt ihre stimmliche Ausbildung bei Gabi Schmidt weiter fort.<\/p>\n","protected":false},"excerpt":{"rendered":"<p>Ihre klassische Gesangsausbildung bei Maria Halasz begann Michi bereits mit 13 Jahren, nebenbei erhielt sie Tanzunterricht in der Ballettschule KULT. Ein Jahr sp\u00e4ter deb\u00fctierte sie als &#8218;Crissy&#8216; in &#8218;Hair&#8216; bei der Musical-AG Kerpen und hat seitdem umfassende B\u00fchnenerfahrung gesammelt: Es folgten mehrere Solo-Auftritte im &#8218;Forum junger K\u00fcnstler&#8216; und an der Musikschule Heinen, das Schauspiel-Deb\u00fct in [&hellip;]<\/p>\n","protected":false},"author":1,"featured_media":0,"parent":188,"menu_order":7,"comment_status":"open","ping_status":"open","template":"","meta":{"footnotes":""},"class_list":["post-368","page","type-page","status-publish","hentry","post-preview"],"_links":{"self":[{"href":"https:\/\/www.musical-ensemble-erft.de\/wordpress\/wp-json\/wp\/v2\/pages\/368","targetHints":{"allow":["GET"]}}],"collection":[{"href":"https:\/\/www.musical-ensemble-erft.de\/wordpress\/wp-json\/wp\/v2\/pages"}],"about":[{"href":"https:\/\/www.musical-ensemble-erft.de\/wordpress\/wp-json\/wp\/v2\/types\/page"}],"author":[{"embeddable":true,"href":"https:\/\/www.musical-ensemble-erft.de\/wordpress\/wp-json\/wp\/v2\/users\/1"}],"replies":[{"embeddable":true,"href":"https:\/\/www.musical-ensemble-erft.de\/wordpress\/wp-json\/wp\/v2\/comments?post=368"}],"version-history":[{"count":0,"href":"https:\/\/www.musical-ensemble-erft.de\/wordpress\/wp-json\/wp\/v2\/pages\/368\/revisions"}],"up":[{"embeddable":true,"href":"https:\/\/www.musical-ensemble-erft.de\/wordpress\/wp-json\/wp\/v2\/pages\/188"}],"wp:attachment":[{"href":"https:\/\/www.musical-ensemble-erft.de\/wordpress\/wp-json\/wp\/v2\/media?parent=368"}],"curies":[{"name":"wp","href":"https:\/\/api.w.org\/{rel}","templated":true}]}}