{"id":3967,"date":"2016-06-20T14:55:33","date_gmt":"2016-06-20T14:55:33","guid":{"rendered":"http:\/\/www.musical-ensemble-erft.de\/wordpress\/?page_id=3967"},"modified":"2017-02-08T15:28:17","modified_gmt":"2017-02-08T15:28:17","slug":"kerpener-stadtfest-2016","status":"publish","type":"page","link":"https:\/\/www.musical-ensemble-erft.de\/wordpress\/projekte\/auftritte\/kerpener-stadtfest-2016\/","title":{"rendered":"Kerpener Stadtfest 2016"},"content":{"rendered":"<p>Am Samstag, 2. Juli 2016 waren wir mit einem Solistenprogramm auf dem Stadtfest in Kerpen zu sehen. <\/p>\n<p><strong>Auf der B\u00fchne: <\/strong>Anja Boden, Lydia Bremer, Markus B\u00fcrgel, Laura Hatko, Katrin Janke, Sascha Kollarz, Marco Maciejewski, Barbara Mocha, Saskia Rappenh\u00f6ner, Miguel Schlang, Nadine Schulz, Tim Stranowsky, Sarah Wichmann, Jonas Wender<br \/>\n<strong>Musikalische Leitung:<\/strong> Philipp Schwerhoff<br \/>\n<strong>Projektleitung<\/strong>: Barbara Franck<br \/>\n<strong>Veranstalter<\/strong>: Aktionsgemeinschaft Kolpingstadt Kerpen<\/p>\n<p><strong>Das Programm<\/strong><\/p>\n<p>1) Dies ist die Stunde [Jekyll &#038; Hyde] (Markus, Sascha, Marco, Miguel, Tim, Jonas)<br \/>\n2) Good Morning Baltimore [Hairspray] (Barbara &#038; Ensemble)<br \/>\n3) Jetzt hast du Seymour [Der kleine Horrorladen] (Anja &#038; Marco)<br \/>\n4) Summer Nights [Grease] (Barbara, Miguel &#038; Ensemble)<br \/>\n5) Das ist meine Stadt [Kolpings Traum] (Tim, Miguel &#038; Ensemble)<br \/>\n6) Wenn ich tanzen will [Elisabeth] (Katrin &#038; Markus)<br \/>\n7) Starlight Sequence [Starlight Express] (Sascha, Jonas &#038; Ensemble)<br \/>\n8) So m\u00f6chte ich sein [Shrek] (Jonas, Marco &#038; Sarah)<br \/>\n9) Heute nicht [The Addams Family] (Sascha)<br \/>\n10) Verr\u00fcckter als du [The Addams Family] (Anja, Nadine, Marco &#038; Tim)<br \/>\n11) Bist du ein Addams [The Addams Family] (Laura, Anja, Sascha, Jonas &#038; Ensemble)<br \/>\n12) Lasse dein Ma\u00df die Liebe sein [RENT] (Sarah, Tim &#038; Ensemble)<\/p>\n<p><a href=\"https:\/\/www.musical-ensemble-erft.de\/wordpress\/kerpener-stadtfest\/\">Alle Blog-Eintr\u00e4ge zum Thema \u201aKerpener Stadtfest\u2018<\/a><\/p>\n<p><a href=\"https:\/\/www.musical-ensemble-erft.de\/wordpress\/wp-content\/uploads\/2016\/05\/stadtfest2016-A1.jpg\" data-rel=\"lightbox-image-0\" data-rl_title=\"\" data-rl_caption=\"\" title=\"\"><img loading=\"lazy\" decoding=\"async\" src=\"https:\/\/www.musical-ensemble-erft.de\/wordpress\/wp-content\/uploads\/2016\/05\/stadtfest2016-A1-723x1024.jpg\" alt=\"Das Musical Ensemble Erft auf dem Stadtfest Kerpen 2016\" width=\"723\" height=\"1024\" class=\"aligncenter size-large wp-image-3965\" srcset=\"https:\/\/www.musical-ensemble-erft.de\/wordpress\/wp-content\/uploads\/2016\/05\/stadtfest2016-A1-723x1024.jpg 723w, https:\/\/www.musical-ensemble-erft.de\/wordpress\/wp-content\/uploads\/2016\/05\/stadtfest2016-A1-212x300.jpg 212w, https:\/\/www.musical-ensemble-erft.de\/wordpress\/wp-content\/uploads\/2016\/05\/stadtfest2016-A1-768x1087.jpg 768w, https:\/\/www.musical-ensemble-erft.de\/wordpress\/wp-content\/uploads\/2016\/05\/stadtfest2016-A1.jpg 945w\" sizes=\"auto, (max-width: 723px) 100vw, 723px\" \/><\/a><\/p>\n","protected":false},"excerpt":{"rendered":"<p>Am Samstag, 2. Juli 2016 waren wir mit einem Solistenprogramm auf dem Stadtfest in Kerpen zu sehen. Auf der B\u00fchne: Anja Boden, Lydia Bremer, Markus B\u00fcrgel, Laura Hatko, Katrin Janke, Sascha Kollarz, Marco Maciejewski, Barbara Mocha, Saskia Rappenh\u00f6ner, Miguel Schlang, Nadine Schulz, Tim Stranowsky, Sarah Wichmann, Jonas Wender Musikalische Leitung: Philipp Schwerhoff Projektleitung: Barbara Franck [&hellip;]<\/p>\n","protected":false},"author":1,"featured_media":3965,"parent":2734,"menu_order":2,"comment_status":"closed","ping_status":"closed","template":"","meta":{"footnotes":""},"class_list":["post-3967","page","type-page","status-publish","has-post-thumbnail","hentry","post-preview"],"_links":{"self":[{"href":"https:\/\/www.musical-ensemble-erft.de\/wordpress\/wp-json\/wp\/v2\/pages\/3967","targetHints":{"allow":["GET"]}}],"collection":[{"href":"https:\/\/www.musical-ensemble-erft.de\/wordpress\/wp-json\/wp\/v2\/pages"}],"about":[{"href":"https:\/\/www.musical-ensemble-erft.de\/wordpress\/wp-json\/wp\/v2\/types\/page"}],"author":[{"embeddable":true,"href":"https:\/\/www.musical-ensemble-erft.de\/wordpress\/wp-json\/wp\/v2\/users\/1"}],"replies":[{"embeddable":true,"href":"https:\/\/www.musical-ensemble-erft.de\/wordpress\/wp-json\/wp\/v2\/comments?post=3967"}],"version-history":[{"count":4,"href":"https:\/\/www.musical-ensemble-erft.de\/wordpress\/wp-json\/wp\/v2\/pages\/3967\/revisions"}],"predecessor-version":[{"id":4243,"href":"https:\/\/www.musical-ensemble-erft.de\/wordpress\/wp-json\/wp\/v2\/pages\/3967\/revisions\/4243"}],"up":[{"embeddable":true,"href":"https:\/\/www.musical-ensemble-erft.de\/wordpress\/wp-json\/wp\/v2\/pages\/2734"}],"wp:featuredmedia":[{"embeddable":true,"href":"https:\/\/www.musical-ensemble-erft.de\/wordpress\/wp-json\/wp\/v2\/media\/3965"}],"wp:attachment":[{"href":"https:\/\/www.musical-ensemble-erft.de\/wordpress\/wp-json\/wp\/v2\/media?parent=3967"}],"curies":[{"name":"wp","href":"https:\/\/api.w.org\/{rel}","templated":true}]}}