{"id":402,"date":"2012-09-04T07:11:41","date_gmt":"2012-09-04T07:11:41","guid":{"rendered":"http:\/\/www.musical-ensemble-erft.de\/wordpress\/?page_id=402"},"modified":"2012-09-04T07:11:41","modified_gmt":"2012-09-04T07:11:41","slug":"hennson-noack","status":"publish","type":"page","link":"https:\/\/www.musical-ensemble-erft.de\/wordpress\/projekte\/rent\/band\/hennson-noack\/","title":{"rendered":"Hennson Noack (Gitarre II)"},"content":{"rendered":"<p>Aufgewachsen in K\u00f6ln, lebt Hennson heute in Berlin und Kerpen. Im Lauf seiner musikalischen Karriere hat er bereits umfassende professionelle Erfahrung im Musical-Bereich sammeln k\u00f6nnen: So spielte Hennson unter anderem die Schweizer Tournee von &#8218;Tabaluga &#038; Lilli&#8216; (2006) und war als Gitarrist bei &#8218;Mamma Mia!&#8216; (Berlin 2007\/2008, Tour 2010) und den &#8218;Best of Musical&#8216;-Arenatouren 2011 und 2012 engagiert. <\/p>\n<p>Als Komponist vertonte er Filmmusik f\u00fcr den &#8222;Tatort&#8220;, &#8222;Wilde Engel&#8220; und diverse Dokumentationen, Werbespots und H\u00f6rspiele. Seit 2005 ist Hennson als Solok\u00fcnstler im Bereich Fingerstyle-Gitarre unterwegs und tourt mit seinem Akustik-Programm durch die Lande. Mit der Rock-Cover-Band &#8222;Balance&#8220; spielt er jedes Jahr zahllose Auftritte auf gro\u00dfen Festivals. <\/p>\n<p><a href=\"http:\/\/www.hennsonnoack.de\">www.hennsonnoack.de<\/a><\/p>\n","protected":false},"excerpt":{"rendered":"<p>Aufgewachsen in K\u00f6ln, lebt Hennson heute in Berlin und Kerpen. Im Lauf seiner musikalischen Karriere hat er bereits umfassende professionelle Erfahrung im Musical-Bereich sammeln k\u00f6nnen: So spielte Hennson unter anderem die Schweizer Tournee von &#8218;Tabaluga &#038; Lilli&#8216; (2006) und war als Gitarrist bei &#8218;Mamma Mia!&#8216; (Berlin 2007\/2008, Tour 2010) und den &#8218;Best of Musical&#8216;-Arenatouren 2011 [&hellip;]<\/p>\n","protected":false},"author":1,"featured_media":0,"parent":392,"menu_order":2,"comment_status":"open","ping_status":"open","template":"","meta":{"footnotes":""},"class_list":["post-402","page","type-page","status-publish","hentry","post-preview"],"_links":{"self":[{"href":"https:\/\/www.musical-ensemble-erft.de\/wordpress\/wp-json\/wp\/v2\/pages\/402","targetHints":{"allow":["GET"]}}],"collection":[{"href":"https:\/\/www.musical-ensemble-erft.de\/wordpress\/wp-json\/wp\/v2\/pages"}],"about":[{"href":"https:\/\/www.musical-ensemble-erft.de\/wordpress\/wp-json\/wp\/v2\/types\/page"}],"author":[{"embeddable":true,"href":"https:\/\/www.musical-ensemble-erft.de\/wordpress\/wp-json\/wp\/v2\/users\/1"}],"replies":[{"embeddable":true,"href":"https:\/\/www.musical-ensemble-erft.de\/wordpress\/wp-json\/wp\/v2\/comments?post=402"}],"version-history":[{"count":0,"href":"https:\/\/www.musical-ensemble-erft.de\/wordpress\/wp-json\/wp\/v2\/pages\/402\/revisions"}],"up":[{"embeddable":true,"href":"https:\/\/www.musical-ensemble-erft.de\/wordpress\/wp-json\/wp\/v2\/pages\/392"}],"wp:attachment":[{"href":"https:\/\/www.musical-ensemble-erft.de\/wordpress\/wp-json\/wp\/v2\/media?parent=402"}],"curies":[{"name":"wp","href":"https:\/\/api.w.org\/{rel}","templated":true}]}}