{"id":405,"date":"2012-09-04T07:11:49","date_gmt":"2012-09-04T07:11:49","guid":{"rendered":"http:\/\/www.musical-ensemble-erft.de\/wordpress\/?page_id=405"},"modified":"2012-09-04T07:11:49","modified_gmt":"2012-09-04T07:11:49","slug":"ingo-hunz","status":"publish","type":"page","link":"https:\/\/www.musical-ensemble-erft.de\/wordpress\/projekte\/rent\/band\/ingo-hunz\/","title":{"rendered":"Ingo Hunz (Gitarre I)"},"content":{"rendered":"<p>Seine musikalische Laufbahn begann Ingo als Schlagzeuger, als &#8222;Sp\u00e4tberufener&#8220; fing er schlie\u00dflich mit 14 Jahren mit dem Gitarrenspiel an. Zun\u00e4chst nur als Zweitinstrument gedacht, wurde die Gitarre schnell zu seiner absoluten Leidenschaft. Seine musikalischen Wege f\u00fchrten Ingo schon fr\u00fch zum Musical: Seit 1998 ist er als Sub bei &#8218;Starlight Express&#8216; in Bochum im Einsatz. Im semiprofessionellen Bereich hat er bereits zahlreiche Produktionen gespielt und war mit &#8218;Fame&#8216; (2003) und &#8218;Die Sch\u00f6ne und das Biest&#8216; (2004) auch in Frankreich und der T\u00fcrkei zu h\u00f6ren. Auch in der Rock- und Pop-Musik f\u00fchlt sich Ingo zu Hause: Er war Gitarrist f\u00fcr Support-Acts von Extrabreit und Eros Ramazotti und die erfolgreiche K\u00f6lschrock-Band &#8222;Zollhuus Colonia&#8220;. Momentan ist Ingo auch bei den Musicals &#8222;Aida&#8220; (Musicalkultur Daaden) und &#8222;3 Musketiere&#8220; (Musicalfactory 64853) engagiert.<\/p>\n","protected":false},"excerpt":{"rendered":"<p>Seine musikalische Laufbahn begann Ingo als Schlagzeuger, als &#8222;Sp\u00e4tberufener&#8220; fing er schlie\u00dflich mit 14 Jahren mit dem Gitarrenspiel an. Zun\u00e4chst nur als Zweitinstrument gedacht, wurde die Gitarre schnell zu seiner absoluten Leidenschaft. Seine musikalischen Wege f\u00fchrten Ingo schon fr\u00fch zum Musical: Seit 1998 ist er als Sub bei &#8218;Starlight Express&#8216; in Bochum im Einsatz. Im [&hellip;]<\/p>\n","protected":false},"author":1,"featured_media":0,"parent":392,"menu_order":1,"comment_status":"open","ping_status":"open","template":"","meta":{"footnotes":""},"class_list":["post-405","page","type-page","status-publish","hentry","post-preview"],"_links":{"self":[{"href":"https:\/\/www.musical-ensemble-erft.de\/wordpress\/wp-json\/wp\/v2\/pages\/405","targetHints":{"allow":["GET"]}}],"collection":[{"href":"https:\/\/www.musical-ensemble-erft.de\/wordpress\/wp-json\/wp\/v2\/pages"}],"about":[{"href":"https:\/\/www.musical-ensemble-erft.de\/wordpress\/wp-json\/wp\/v2\/types\/page"}],"author":[{"embeddable":true,"href":"https:\/\/www.musical-ensemble-erft.de\/wordpress\/wp-json\/wp\/v2\/users\/1"}],"replies":[{"embeddable":true,"href":"https:\/\/www.musical-ensemble-erft.de\/wordpress\/wp-json\/wp\/v2\/comments?post=405"}],"version-history":[{"count":0,"href":"https:\/\/www.musical-ensemble-erft.de\/wordpress\/wp-json\/wp\/v2\/pages\/405\/revisions"}],"up":[{"embeddable":true,"href":"https:\/\/www.musical-ensemble-erft.de\/wordpress\/wp-json\/wp\/v2\/pages\/392"}],"wp:attachment":[{"href":"https:\/\/www.musical-ensemble-erft.de\/wordpress\/wp-json\/wp\/v2\/media?parent=405"}],"curies":[{"name":"wp","href":"https:\/\/api.w.org\/{rel}","templated":true}]}}