{"id":411,"date":"2012-09-04T07:12:05","date_gmt":"2012-09-04T07:12:05","guid":{"rendered":"http:\/\/www.musical-ensemble-erft.de\/wordpress\/?page_id=411"},"modified":"2012-09-04T07:12:05","modified_gmt":"2012-09-04T07:12:05","slug":"michael-tiefenbeck","status":"publish","type":"page","link":"https:\/\/www.musical-ensemble-erft.de\/wordpress\/projekte\/rent\/band\/michael-tiefenbeck\/","title":{"rendered":"Michael Tiefenbeck (Bass)"},"content":{"rendered":"<p>Michael wurde in S\u00fcddeutschland geboren, wuchs in S\u00fcdafrika und Griechenland auf und studierte nach ersten musikalischen Erfahrungen im Raum Aachen schlie\u00dflich Bass an der renommierten Jazz- und Rockschule Freiburg. Dort baute er sein Wissen und K\u00f6nnen in den unterschiedlichen Stilrichtungen weiter aus. Heute spielt Michael als gefragter freischaffender Bassist in verschiedenen Formationen vom Jazz \u00fcber Pop zum Rock, in Big Bands und sowie in Theaterproduktionen E- und Kontrabass. <\/p>\n<p><a href=\"http:\/\/mtiefenbeck.de\">www.mtiefenbeck.de<\/a><\/p>\n","protected":false},"excerpt":{"rendered":"<p>Michael wurde in S\u00fcddeutschland geboren, wuchs in S\u00fcdafrika und Griechenland auf und studierte nach ersten musikalischen Erfahrungen im Raum Aachen schlie\u00dflich Bass an der renommierten Jazz- und Rockschule Freiburg. Dort baute er sein Wissen und K\u00f6nnen in den unterschiedlichen Stilrichtungen weiter aus. Heute spielt Michael als gefragter freischaffender Bassist in verschiedenen Formationen vom Jazz \u00fcber [&hellip;]<\/p>\n","protected":false},"author":1,"featured_media":0,"parent":392,"menu_order":3,"comment_status":"open","ping_status":"open","template":"","meta":{"footnotes":""},"class_list":["post-411","page","type-page","status-publish","hentry","post-preview"],"_links":{"self":[{"href":"https:\/\/www.musical-ensemble-erft.de\/wordpress\/wp-json\/wp\/v2\/pages\/411","targetHints":{"allow":["GET"]}}],"collection":[{"href":"https:\/\/www.musical-ensemble-erft.de\/wordpress\/wp-json\/wp\/v2\/pages"}],"about":[{"href":"https:\/\/www.musical-ensemble-erft.de\/wordpress\/wp-json\/wp\/v2\/types\/page"}],"author":[{"embeddable":true,"href":"https:\/\/www.musical-ensemble-erft.de\/wordpress\/wp-json\/wp\/v2\/users\/1"}],"replies":[{"embeddable":true,"href":"https:\/\/www.musical-ensemble-erft.de\/wordpress\/wp-json\/wp\/v2\/comments?post=411"}],"version-history":[{"count":0,"href":"https:\/\/www.musical-ensemble-erft.de\/wordpress\/wp-json\/wp\/v2\/pages\/411\/revisions"}],"up":[{"embeddable":true,"href":"https:\/\/www.musical-ensemble-erft.de\/wordpress\/wp-json\/wp\/v2\/pages\/392"}],"wp:attachment":[{"href":"https:\/\/www.musical-ensemble-erft.de\/wordpress\/wp-json\/wp\/v2\/media?parent=411"}],"curies":[{"name":"wp","href":"https:\/\/api.w.org\/{rel}","templated":true}]}}