{"id":413,"date":"2012-09-04T07:11:31","date_gmt":"2012-09-04T07:11:31","guid":{"rendered":"http:\/\/www.musical-ensemble-erft.de\/wordpress\/?page_id=413"},"modified":"2012-09-04T07:11:31","modified_gmt":"2012-09-04T07:11:31","slug":"patrick-theil","status":"publish","type":"page","link":"https:\/\/www.musical-ensemble-erft.de\/wordpress\/projekte\/rent\/band\/patrick-theil\/","title":{"rendered":"Patrick Theil (Drums &#038; Percussion)"},"content":{"rendered":"<p>Patrick begann mit 13 Jahren Schlagzeug zu spielen, war schon fr\u00fch mit eigenen Bands im Alternative- und Blues-Bereich unterwegs und schloss schlie\u00dflich im vergangenen Jahr sein Schlagzeug-Studium am Konservatorium Maastricht ab. Seit 2006 spielt der 29-J\u00e4hrige schwerpunktm\u00e4\u00dfig in diversen Jazz- und Fusion-Combos in Aachen und Umgebung. <\/p>\n","protected":false},"excerpt":{"rendered":"<p>Patrick begann mit 13 Jahren Schlagzeug zu spielen, war schon fr\u00fch mit eigenen Bands im Alternative- und Blues-Bereich unterwegs und schloss schlie\u00dflich im vergangenen Jahr sein Schlagzeug-Studium am Konservatorium Maastricht ab. Seit 2006 spielt der 29-J\u00e4hrige schwerpunktm\u00e4\u00dfig in diversen Jazz- und Fusion-Combos in Aachen und Umgebung.<\/p>\n","protected":false},"author":1,"featured_media":0,"parent":392,"menu_order":4,"comment_status":"open","ping_status":"open","template":"","meta":{"footnotes":""},"class_list":["post-413","page","type-page","status-publish","hentry","post-preview"],"_links":{"self":[{"href":"https:\/\/www.musical-ensemble-erft.de\/wordpress\/wp-json\/wp\/v2\/pages\/413","targetHints":{"allow":["GET"]}}],"collection":[{"href":"https:\/\/www.musical-ensemble-erft.de\/wordpress\/wp-json\/wp\/v2\/pages"}],"about":[{"href":"https:\/\/www.musical-ensemble-erft.de\/wordpress\/wp-json\/wp\/v2\/types\/page"}],"author":[{"embeddable":true,"href":"https:\/\/www.musical-ensemble-erft.de\/wordpress\/wp-json\/wp\/v2\/users\/1"}],"replies":[{"embeddable":true,"href":"https:\/\/www.musical-ensemble-erft.de\/wordpress\/wp-json\/wp\/v2\/comments?post=413"}],"version-history":[{"count":0,"href":"https:\/\/www.musical-ensemble-erft.de\/wordpress\/wp-json\/wp\/v2\/pages\/413\/revisions"}],"up":[{"embeddable":true,"href":"https:\/\/www.musical-ensemble-erft.de\/wordpress\/wp-json\/wp\/v2\/pages\/392"}],"wp:attachment":[{"href":"https:\/\/www.musical-ensemble-erft.de\/wordpress\/wp-json\/wp\/v2\/media?parent=413"}],"curies":[{"name":"wp","href":"https:\/\/api.w.org\/{rel}","templated":true}]}}