{"id":4271,"date":"2017-04-05T19:09:28","date_gmt":"2017-04-05T17:09:28","guid":{"rendered":"http:\/\/www.musical-ensemble-erft.de\/wordpress\/?page_id=4271"},"modified":"2017-09-25T14:48:41","modified_gmt":"2017-09-25T12:48:41","slug":"magic-to-do","status":"publish","type":"page","link":"https:\/\/www.musical-ensemble-erft.de\/wordpress\/projekte\/magic-to-do\/","title":{"rendered":"Magic To Do"},"content":{"rendered":"<p><strong>Es werden magische Abende: Im Oktober 2017 pr\u00e4sentiert das Musical Ensemble Erft unter dem Motto &#8218;MAGIC TO DO&#8216; zwei gro\u00dfe Jubil\u00e4umskonzerte zu seinem 20-j\u00e4hrigen Bestehen.<\/strong><\/p>\n<p>Schon 1997 feierte mit der &#8218;West Side Story&#8216; die erste Produktion der Musical-AG am Gymnasium Kerpen Premiere, aus der unser Ensemble vor zehn Jahren hervorging. <span class=\"_4n-j _3cht fsl\" data-testid=\"event-permalink-details\"> Das runde Jubil\u00e4um feiern wir mit H\u00f6hepunkten aus unseren vergangenen Shows und Projekten wie &#8218;RENT&#8216;, &#8218;Tanz der Vampire&#8216;, &#8218;Spring Awakening&#8216; oder &#8218;Starlight Express&#8216; und vielen aktuellen Herzenssongs unserer K\u00fcnstlerinnen und K\u00fcnstler <\/span> &#8211; nat\u00fcrlich live begleitet von einer professionellen Band. Unter der musikalischen Leitung von Philipp Schwerhoff probt das Ensemble seit April 2017 an diesem Projekt mit fast 30 Songs. F\u00fcr das Konzert wird unser Team verst\u00e4rkt von einigen G\u00e4sten aus dem Profi-Lager &#8211; <a href=\"https:\/\/www.musical-ensemble-erft.de\/wordpress\/projekte\/magic-to-do\/ensemble-crew\/\">hier erfahren Sie, wer am 7. und 8. Oktober\u00a0 bei &#8218;MAGIC TO DO&#8216; auf der B\u00fchne stehen wird<\/a>.<\/p>\n<p>Tickets f\u00fcr die Konzerte in der Aula des Gymnasiums Kerpen sind <a href=\"https:\/\/www.musical-ensemble-erft.de\/wordpress\/tickets\/\">ab sofort hier erh\u00e4ltlich<\/a>!<\/p>\n<p><a href=\"https:\/\/www.musical-ensemble-erft.de\/wordpress\/magic-to-do\/\">Alle Blog-Eintr\u00e4ge zum Thema &#8218;MAGIC TO DO&#8216;<\/a> und die <a href=\"https:\/\/www.musical-ensemble-erft.de\/wordpress\/projekte\/magic-to-do\/videos\/\">Video-Playlist zum Projekt<\/a>.<\/p>\n<div id=\"attachment_4310\" style=\"width: 1034px\" class=\"wp-caption aligncenter\"><a href=\"https:\/\/www.musical-ensemble-erft.de\/wordpress\/wp-content\/uploads\/2017\/03\/bild-f\u00fcr-hp-1200x675_v2.jpg\" data-rel=\"lightbox-image-0\" data-rl_title=\"Magic To Do - das Jubil\u00e4umskonzert des Musical Ensemble Erft im Oktober 2017.\" data-rl_caption=\"\" title=\"Magic To Do - das Jubil\u00e4umskonzert des Musical Ensemble Erft im Oktober 2017.\"><img loading=\"lazy\" decoding=\"async\" aria-describedby=\"caption-attachment-4310\" class=\"size-large wp-image-4310\" src=\"https:\/\/www.musical-ensemble-erft.de\/wordpress\/wp-content\/uploads\/2017\/03\/bild-f\u00fcr-hp-1200x675_v2-1024x576.jpg\" alt=\"\" width=\"1024\" height=\"576\" srcset=\"https:\/\/www.musical-ensemble-erft.de\/wordpress\/wp-content\/uploads\/2017\/03\/bild-f\u00fcr-hp-1200x675_v2-1024x576.jpg 1024w, https:\/\/www.musical-ensemble-erft.de\/wordpress\/wp-content\/uploads\/2017\/03\/bild-f\u00fcr-hp-1200x675_v2-300x169.jpg 300w, https:\/\/www.musical-ensemble-erft.de\/wordpress\/wp-content\/uploads\/2017\/03\/bild-f\u00fcr-hp-1200x675_v2-768x432.jpg 768w, https:\/\/www.musical-ensemble-erft.de\/wordpress\/wp-content\/uploads\/2017\/03\/bild-f\u00fcr-hp-1200x675_v2.jpg 1200w\" sizes=\"auto, (max-width: 1024px) 100vw, 1024px\" \/><\/a><p id=\"caption-attachment-4310\" class=\"wp-caption-text\">Magic To Do &#8211; das Jubil\u00e4umskonzert des Musical Ensemble Erft im Oktober 2017.<\/p><\/div>\n","protected":false},"excerpt":{"rendered":"<p>Es werden magische Abende: Im Oktober 2017 pr\u00e4sentiert das Musical Ensemble Erft unter dem Motto &#8218;MAGIC TO DO&#8216; zwei gro\u00dfe Jubil\u00e4umskonzerte zu seinem 20-j\u00e4hrigen Bestehen. Schon 1997 feierte mit der &#8218;West Side Story&#8216; die erste Produktion der Musical-AG am Gymnasium Kerpen Premiere, aus der unser Ensemble vor zehn Jahren hervorging. Das runde Jubil\u00e4um feiern wir [&hellip;]<\/p>\n","protected":false},"author":1,"featured_media":4310,"parent":1259,"menu_order":0,"comment_status":"closed","ping_status":"closed","template":"","meta":{"footnotes":""},"class_list":["post-4271","page","type-page","status-publish","has-post-thumbnail","hentry","post-preview"],"_links":{"self":[{"href":"https:\/\/www.musical-ensemble-erft.de\/wordpress\/wp-json\/wp\/v2\/pages\/4271","targetHints":{"allow":["GET"]}}],"collection":[{"href":"https:\/\/www.musical-ensemble-erft.de\/wordpress\/wp-json\/wp\/v2\/pages"}],"about":[{"href":"https:\/\/www.musical-ensemble-erft.de\/wordpress\/wp-json\/wp\/v2\/types\/page"}],"author":[{"embeddable":true,"href":"https:\/\/www.musical-ensemble-erft.de\/wordpress\/wp-json\/wp\/v2\/users\/1"}],"replies":[{"embeddable":true,"href":"https:\/\/www.musical-ensemble-erft.de\/wordpress\/wp-json\/wp\/v2\/comments?post=4271"}],"version-history":[{"count":11,"href":"https:\/\/www.musical-ensemble-erft.de\/wordpress\/wp-json\/wp\/v2\/pages\/4271\/revisions"}],"predecessor-version":[{"id":4842,"href":"https:\/\/www.musical-ensemble-erft.de\/wordpress\/wp-json\/wp\/v2\/pages\/4271\/revisions\/4842"}],"up":[{"embeddable":true,"href":"https:\/\/www.musical-ensemble-erft.de\/wordpress\/wp-json\/wp\/v2\/pages\/1259"}],"wp:featuredmedia":[{"embeddable":true,"href":"https:\/\/www.musical-ensemble-erft.de\/wordpress\/wp-json\/wp\/v2\/media\/4310"}],"wp:attachment":[{"href":"https:\/\/www.musical-ensemble-erft.de\/wordpress\/wp-json\/wp\/v2\/media?parent=4271"}],"curies":[{"name":"wp","href":"https:\/\/api.w.org\/{rel}","templated":true}]}}