{"id":4385,"date":"2017-06-22T13:57:20","date_gmt":"2017-06-22T11:57:20","guid":{"rendered":"http:\/\/www.musical-ensemble-erft.de\/wordpress\/?page_id=4385"},"modified":"2017-09-08T11:32:16","modified_gmt":"2017-09-08T09:32:16","slug":"next-to-normal","status":"publish","type":"page","link":"https:\/\/www.musical-ensemble-erft.de\/wordpress\/projekte\/next-to-normal\/","title":{"rendered":"Next To Normal"},"content":{"rendered":"<p><strong>Ein Meilenstein der Musicalgeschichte kommt nach Kerpen: Das Familiendrama &#8218;Next To Normal&#8216; bewegte den Broadway wie nur wenige St\u00fccke der letzten 20 Jahre, begeisterte Kritiker wie Publikum gleicherma\u00dfen und erobert seit 2009 mit zahllosen internationalen Produktionen eine Fangemeinde in der ganzen Welt. Eine ber\u00fchrende, intensive Handlung gepaart mit pulsierender Rockmusik und intelligentem Humor &#8211; &#8218;Next To Normal&#8216; ist packendes, modernes Musiktheater und eine ganz besondere Herausforderung f\u00fcr unser Ensemble. Umso mehr freuen wir uns, als eines der ersten deutschen Ensembles die Auff\u00fchrungsrechte f\u00fcr das St\u00fcck erhalten zu haben und &#8218;Next To Normal&#8216; vom 16.-19. November 2017 in Kerpen auf die B\u00fchne zu bringen.<\/strong><\/p>\n<p>Hier gibt es alle Infos zum <a href=\"https:\/\/www.musical-ensemble-erft.de\/wordpress\/projekte\/next-to-normal\/stueck-und-hintergrund\/\">St\u00fcck und dem Hintergrund der Produktion<\/a>, zu <a href=\"https:\/\/www.musical-ensemble-erft.de\/wordpress\/projekte\/next-to-normal\/cast-crew\/\">Cast&amp;Crew<\/a>, eine <a href=\"https:\/\/www.musical-ensemble-erft.de\/wordpress\/projekte\/next-to-normal\/videos\/\">Video-Playlist<\/a> und nat\u00fcrlich unseren <a href=\"https:\/\/www.musical-ensemble-erft.de\/wordpress\/next-to-normal\/\">&#8218;Next To Normal&#8216;-Blog<\/a>, in dem wir exklusive Einblicke in die Proben geben. Tickets f\u00fcr &#8218;Next To Normal&#8216; (11-18\u20ac) sind <a href=\"https:\/\/www.musical-ensemble-erft.de\/wordpress\/tickets\/\">ab sofort hier online erh\u00e4ltlich<\/a>!<\/p>\n<blockquote><p>&#8222;Mutig. Atemberaubend. Direkt ins Herz. Mehr als ein Feel-Good-Musical &#8211; ein Feel-Everything-Musical.&#8220; (&#8218;The New York Times&#8216;)<\/p><\/blockquote>\n<p>Musik von Tom Kitt<br \/>\nBuch und Gesangstexte von Brian Yorkey<br \/>\nDeutsch von Titus Hoffmann<br \/>\nOriginal-Broadwayproduktion von David Stone, James L. Nederlander, Barbara Whitman, Patrick Catullo und Second Stage Theatre. Die \u00dcbertragung des Auff\u00fchrungsrechtes erfolgt in \u00dcbereinkunft mit MUSIC THEATRE INTERNATIONAL (EUROPE) LTD, London. B\u00fchnenvertrieb in Deutschland: MUSIK UND B\u00dcHNE Verlagsgesellschaft mbH, Wiesbaden.<\/p>\n<div id=\"attachment_4606\" style=\"width: 778px\" class=\"wp-caption aligncenter\"><img loading=\"lazy\" decoding=\"async\" aria-describedby=\"caption-attachment-4606\" class=\"wp-image-4606 size-large\" src=\"https:\/\/www.musical-ensemble-erft.de\/wordpress\/wp-content\/uploads\/2017\/07\/Next2Normal_Poster_Haus_fb-post_sm-768x1024.jpg\" alt=\"\" width=\"768\" height=\"1024\" srcset=\"https:\/\/www.musical-ensemble-erft.de\/wordpress\/wp-content\/uploads\/2017\/07\/Next2Normal_Poster_Haus_fb-post_sm-768x1024.jpg 768w, https:\/\/www.musical-ensemble-erft.de\/wordpress\/wp-content\/uploads\/2017\/07\/Next2Normal_Poster_Haus_fb-post_sm-300x400.jpg 300w, https:\/\/www.musical-ensemble-erft.de\/wordpress\/wp-content\/uploads\/2017\/07\/Next2Normal_Poster_Haus_fb-post_sm-375x500.jpg 375w, https:\/\/www.musical-ensemble-erft.de\/wordpress\/wp-content\/uploads\/2017\/07\/Next2Normal_Poster_Haus_fb-post_sm.jpg 800w\" sizes=\"auto, (max-width: 768px) 100vw, 768px\" \/><p id=\"caption-attachment-4606\" class=\"wp-caption-text\">Next To Normal &#8211; Musical Ensemble Erft &#8211; (c)Thomas Atzenbeck Design<\/p><\/div>\n","protected":false},"excerpt":{"rendered":"<p>Ein Meilenstein der Musicalgeschichte kommt nach Kerpen: Das Familiendrama &#8218;Next To Normal&#8216; bewegte den Broadway wie nur wenige St\u00fccke der letzten 20 Jahre, begeisterte Kritiker wie Publikum gleicherma\u00dfen und erobert seit 2009 mit zahllosen internationalen Produktionen eine Fangemeinde in der ganzen Welt. Eine ber\u00fchrende, intensive Handlung gepaart mit pulsierender Rockmusik und intelligentem Humor &#8211; &#8218;Next [&hellip;]<\/p>\n","protected":false},"author":1,"featured_media":4535,"parent":1259,"menu_order":0,"comment_status":"closed","ping_status":"closed","template":"","meta":{"footnotes":""},"class_list":["post-4385","page","type-page","status-publish","has-post-thumbnail","hentry","post-preview"],"_links":{"self":[{"href":"https:\/\/www.musical-ensemble-erft.de\/wordpress\/wp-json\/wp\/v2\/pages\/4385","targetHints":{"allow":["GET"]}}],"collection":[{"href":"https:\/\/www.musical-ensemble-erft.de\/wordpress\/wp-json\/wp\/v2\/pages"}],"about":[{"href":"https:\/\/www.musical-ensemble-erft.de\/wordpress\/wp-json\/wp\/v2\/types\/page"}],"author":[{"embeddable":true,"href":"https:\/\/www.musical-ensemble-erft.de\/wordpress\/wp-json\/wp\/v2\/users\/1"}],"replies":[{"embeddable":true,"href":"https:\/\/www.musical-ensemble-erft.de\/wordpress\/wp-json\/wp\/v2\/comments?post=4385"}],"version-history":[{"count":33,"href":"https:\/\/www.musical-ensemble-erft.de\/wordpress\/wp-json\/wp\/v2\/pages\/4385\/revisions"}],"predecessor-version":[{"id":4814,"href":"https:\/\/www.musical-ensemble-erft.de\/wordpress\/wp-json\/wp\/v2\/pages\/4385\/revisions\/4814"}],"up":[{"embeddable":true,"href":"https:\/\/www.musical-ensemble-erft.de\/wordpress\/wp-json\/wp\/v2\/pages\/1259"}],"wp:featuredmedia":[{"embeddable":true,"href":"https:\/\/www.musical-ensemble-erft.de\/wordpress\/wp-json\/wp\/v2\/media\/4535"}],"wp:attachment":[{"href":"https:\/\/www.musical-ensemble-erft.de\/wordpress\/wp-json\/wp\/v2\/media?parent=4385"}],"curies":[{"name":"wp","href":"https:\/\/api.w.org\/{rel}","templated":true}]}}