{"id":4462,"date":"2017-06-26T16:48:47","date_gmt":"2017-06-26T14:48:47","guid":{"rendered":"http:\/\/www.musical-ensemble-erft.de\/wordpress\/?page_id=4462"},"modified":"2017-07-26T10:50:03","modified_gmt":"2017-07-26T08:50:03","slug":"stueck-und-hintergrund","status":"publish","type":"page","link":"https:\/\/www.musical-ensemble-erft.de\/wordpress\/projekte\/next-to-normal\/stueck-und-hintergrund\/","title":{"rendered":"St\u00fcck und Hintergrund"},"content":{"rendered":"<blockquote><p>&#8222;Mutig. Atemberaubend. Direkt ins Herz. Mehr als ein Feel-Good-Musical &#8211; ein Feel-Everything-Musical.&#8220; (&#8218;The New York Times&#8216;)<\/p><\/blockquote>\n<p><strong>Ein Meilenstein der Musicalgeschichte kommt nach Kerpen: Das Familiendrama &#8218;Next To Normal&#8216; bewegte den Broadway wie nur wenige St\u00fccke der letzten 20 Jahre, begeisterte Kritiker wie Publikum gleicherma\u00dfen und erobert seit 2009 mit zahllosen internationalen Produktionen eine Fangemeinde in der ganzen Welt. Eine ber\u00fchrende, intensive Handlung gepaart mit pulsierender Rockmusik und intelligentem Humor &#8211; &#8218;Next To Normal&#8216; ist packendes, modernes Musiktheater und eine ganz besondere Herausforderung f\u00fcr unser Ensemble.<br \/>\n<\/strong><\/p>\n<p>&#8218;Next To Normal&#8216; erz\u00e4hlt die Geschichte der Familie Goodman. Auf den ersten Blick leben Vater Dan, Mutter Diana und die beiden halbw\u00fcchsigen Kinder Natalie und Gabe den amerikanischen Traum in gut gepflegter Vorstadt-Idylle. Doch hinter der Fassade br\u00f6ckelt die heile Welt und es zeigt sich, dass die Goodmans nur &#8218;fast normal&#8216; sind: Diana leidet an einer schweren bipolaren St\u00f6rung &#8211; ihre Stimmungsschwankungen zwischen Manie und Depression und die zahllosen fehlgeschlagenen Therapien von Antidepressiva bis Elektroschocks stellen das Familienleben auf eine harte Probe. Vater Dan stellt seine eigenen Bed\u00fcrfnisse seit Jahren zur\u00fcck, die hochbegabte Tochter Natalie zerbricht langsam am eigenen Perfektionismus und auch der smarte Gabe ist bei weitem nicht der Mustersohn, der er zun\u00e4chst zu sein scheint. Dianas Krankheit droht nicht nur sie, sondern auch ihre Familie zu verzehren &#8211; kann es noch ein Happy End f\u00fcr die Goodmans geben?<\/p>\n<p>Das sensible, teilweise immer noch tabuisierte Thema einer psychischen Erkrankung und der Kampf einer Familie gegen ein scheinbar auswegloses Schicksal &#8211; das klingt zun\u00e4chst nicht nach Material f\u00fcr die Theaterb\u00fchne. Doch &#8218;Next To Normal&#8216; schafft die schwierige Gratwanderung:\u00a0Das Publikum schaut nicht nur zu, sondern f\u00fchlt mit. Dramatisch, humorvoll, realit\u00e4tsnah und vor allem jederzeit sensibel werden in &#8218;Next To Normal&#8216; die H\u00f6hen und Tiefen erz\u00e4hlt, durch die eine psychisch kranke Mutter mit ihrer Familie geht &#8211; immer auf der Suche nach einem hoffnungsvollen Blick in die Zukunft. Musical-Macher Tom Kitt (Musik) und Brian Yorkey (Buch) haben so ein Meisterwerk geschaffen, das den Nerv der Zeit voll getroffen hat: Die Broadway-Premiere im April 2009 l\u00f6ste wahre Begeisterungsst\u00fcrme aus, die Show war \u00fcber Monate im Voraus ausverkauft.<\/p>\n<blockquote><p>&#8222;Rock-Musik lebt und bricht wie ein Donner los in &#8218;Next To Normal&#8216;. Es ist bei weitem das beste Musical der Saison, ein emotionales Kraftwerk mit Feuer in der Seele und bei\u00dfendem Witz, der ebenso hei\u00df brennt.&#8220; (&#8218;Rolling Stone&#8216;)<\/p><\/blockquote>\n<p>&#8218;Next To Normal&#8216; erhielt gleich elf Nominierungen f\u00fcr die &#8218;Tony Awards&#8216;, den &#8218;Oscar&#8216; der Theaterwelt. 2010 wurde das St\u00fcck mit dem Pulitzer-Preis ausgezeichnet, dem wichtigsten amerikanischen Literaturpreis &#8211; erst neun Musicals wurde in den letzten 100 Jahren diese Ehre zuteil. Auch die Musik konnte begeistern (&#8218;Tonys&#8216; f\u00fcr Komposition und Orchestrierung): mitrei\u00dfende Rock- und Popmusik, Folk und Country, freche Uptempo-Songs, ber\u00fchrende Balladen.<\/p>\n<p>Bei so viel Erfolg war es kein Wunder, dass &#8218;Next To Normal&#8216; schnell auch die internationalen B\u00fchnen eroberte: Produktionen in S\u00fcdamerika, Asien, Skandinavien, Israel und Holland folgten, ehe das St\u00fcck im Oktober 2013 seine deutschsprachige Erstauff\u00fchrung am Stadttheater F\u00fcrth feierte. Sechs ganz gro\u00dfe Stars der deutschen Musicalszene &#8211; neben Pia Douwes (&#8218;Elisabeth&#8216;), Thomas Borchert (&#8218;Tanz der Vampire&#8216;) und Sabrina Weckerlin (&#8218;Wicked&#8216;) auch Dominik Hees, bis 2010 ausgebildet in unserem Ensemble &#8211; wollten unbedingt dabei sein und sorgten f\u00fcr komplett ausverkaufte Shows, Standing Ovations und mehrere Wiederaufnahmen und Gastspiele in den folgenden Spielzeiten.<\/p>\n<p>Auch die deutschsprachige Produktion wurde geradezu mit Lobeshymnen \u00fcbersch\u00fcttet. <strong>&#8222;Da rei\u00dft ein St\u00fcck 700 Leute aus den Sitzen, weil es an die Lebenswirklichkeit des 21.Jahrhunderts andockt&#8220;<\/strong>, schreiben die &#8218;N\u00fcrnberger Nachrichten&#8216;, die Wiener &#8218;Presse&#8216; stellt fest, &#8222;<strong>wie gut es tut, in einem Musical zu sitzen, das ein aktuelles Thema ehrlich behandelt &#8211; mit Musik und sogar Humor. G\u00e4nsehaut-Feeling!<\/strong>&#8222;. &#8218;Nordbayern&#8216; lobt die &#8222;<strong>kongeniale deutschsprachige Fassung, die einen von der ersten Sekunde an fesselnd soghaften Drive gibt<\/strong>&#8220; und &#8218;News&#8216; vernahm einen &#8222;<strong>Sturm der Begeisterung<\/strong>&#8222;.<\/p>\n<p>Auch uns begeistert &#8218;Next To Normal&#8216; seit vielen Jahren und sp\u00e4testens seit einem Besuch der Produktion in F\u00fcrth war es ein Herzenswunsch unseres Kreativteams, dieses ganz besondere St\u00fcck einmal mit dem Musical Ensemble Erft auf die B\u00fchne bringen zu d\u00fcrfen. Als eines der ersten deutschen Ensembles erhielten wir nun eine Auff\u00fchrungslizenz und begannen mit den intensiven Vorbereitungen f\u00fcr das zweite Projekt unseres Vereins im gro\u00dfen Jubli\u00e4umsjahr. Die Regie bei &#8218;Next To Normal&#8216; liegt in den bew\u00e4hrten H\u00e4nden unserer k\u00fcnstlerischen Leiterin <strong>Barbara Franck<\/strong>, erneut unterst\u00fctzt von <strong>Laura Hatko<\/strong> (t\u00e4nzerische Leitung und Choreographien) und <strong>Marco Maciejewski<\/strong>\u00a0(Lichtdesign und Rollenarbeit). Die Darsteller m\u00fcssen in &#8218;Next To Normal&#8216; an ihre Grenzen gehen &#8211; schauspielerisch und auch gesanglich ist das St\u00fcck eine Herausforderung, wie sie es im Genre Musical nur sehr selten gibt. Schnell wurde klar: Hierf\u00fcr w\u00fcrde unser Ensemble weitere professionelle Unterst\u00fctzung gut gebrauchen k\u00f6nnen.<\/p>\n<p>F\u00fcr die Hauptrolle der bipolaren Hausfrau &#8218;Diana Goodman&#8216; konnten wir so zu unserer gro\u00dfen Freude eine Darstellerin gewinnen, die lange auf den ganz gro\u00dfen B\u00fchnen Deutschlands zu Hause war: Ausgebildet an der Hochschule f\u00fcr Musik und Theater Leipzig, war Musical-Profi <strong>Gabi Schmidt <\/strong>seit 1999 f\u00fcr zahlreiche Hauptrollen wie etwa &#8218;Evita&#8216; (Landestheater Innsbruck), &#8218;Kate&#8216; (&#8218;Kiss me, Kate&#8216;, Oper Chemnitz), &#8218;Carmen Diaz&#8216; (&#8218;Fame&#8216;, Oper Chemnitz), &#8218;Reno Sweeney&#8216; (&#8218;Anything Goes&#8216;, Theater Hof), &#8218;Victoria&#8216; (&#8218;Victor\/Victoria&#8216;, Landestheater Innsbruck) oder &#8218;Jeanie&#8216; (&#8218;Hair&#8216;, Theater Bielefeld) engagiert. Seit einigen Jahren konzentriert sich Gabi nun auf ihre Arbeit als Theater- und Gesangsp\u00e4dagogin und bildet in diesem Rahmen auch zahlreiche unserer Darsteller stimmlich fort. Das St\u00fcck &#8218;Next To Normal&#8216; und ihre langj\u00e4hrige, vertrauensvolle Zusammenarbeit mit vielen unserer Ensemble-Mitglieder haben sie jedoch so so \u00fcberzeugt, dass sie selbst als erfahrener Profi nun mit unseren talentierten Amateuren auf der B\u00fchne stehen m\u00f6chte &#8211; ein gro\u00dfer Vertrauensbeweis f\u00fcr das k\u00fcnstlerische Profil des Musical Ensemble Erft.<\/p>\n<p>Doch auch die f\u00fcnf anderen Darsteller bringen schon sehr viel Erfahrung mit: <strong>Jonas Wender<\/strong>, zuletzt gefeiert als &#8218;Fester&#8216; in der &#8218;Addams Family&#8216;, schl\u00fcpft in die Rolle von Dianas verl\u00e4sslichem Ehemann Dan; <strong>Laura Hatko<\/strong>, unsere hei\u00dfbl\u00fctige &#8218;Morticia&#8216; der &#8218;Addams Family&#8216; und &#8218;Maureen&#8216; in &#8218;RENT&#8216;, \u00fcbernimmt den Part der perfektionistischen Tochter Natalie. Natalies Freund Henry wird gespielt von <strong>Tim Stranowsky<\/strong>, zuletzt &#8218;Lucas Beineke&#8216; in der &#8218;Addams Family&#8216;. Als Sohn &#8218;Gabe Goodman&#8216; gibt es ein neues Gesicht auf unserer B\u00fchne zu sehen, das aber schon lange mit unseren K\u00fcnstlern arbeitet: <strong>Philipp Schwerhoff<\/strong>, seit 2014 musikalischer Leiter unseres Ensembles, feiert in &#8218;Next To Normal&#8216; sein Deb\u00fct als Darsteller. Gesanglich wird der 24-J\u00e4hrige an der K\u00f6lner Musikhochschule ausgebildet und konnte in Bands, Ch\u00f6ren und A-Cappella-Ensembles bereits viel B\u00fchnenerfahrung sammeln. Die Doppelrolle der Psychiater &#8218;Dr. Fine&#8216; und &#8218;Dr. Madden&#8216; \u00fcbernimmt der Tenor <strong>Alexander Geiger<\/strong> &#8211; als Doktorand der Neurowissenschaften ist der 30-J\u00e4hrige geradezu pr\u00e4destiniert f\u00fcr diese Rolle, die das Spannungsfeld moderner Psychiatrie aufzeigt.<\/p>\n<p>Die musikalische Leitung von &#8218;Next To Normal&#8216; liegt in den H\u00e4nden von <strong>David Mertin<\/strong>. Der 30-J\u00e4hrige ist in der Szene kein Unbekannter: Als Gr\u00fcnder und langj\u00e4hriger musikalischer Leiter des &#8218;Jungen Musical Leverkusen&#8216; hat David schon zahlreiche Produktionen wie etwa &#8218;Die Sch\u00f6ne und das Biest&#8216;, &#8218;AIDA&#8216; oder &#8218;Nat\u00fcrlich Blond&#8216; verantwortet und ist so die perfekte Besetzung f\u00fcr den anspruchsvollen Job, der auch den Piano-Part und die Leitung der Band bei den Auff\u00fchrungen umfasst. Auch die f\u00fcnf weiteren Musiker, die an Gitarre, Bass, Schlangzeug, Cello und Violine die spannende Partitur erarbeiten, bringen bereits jahrelange Musical-Erfahrung mit &#8211; wir freuen uns auf die Zusammenarbeit!<\/p>\n","protected":false},"excerpt":{"rendered":"<p>&#8222;Mutig. Atemberaubend. Direkt ins Herz. Mehr als ein Feel-Good-Musical &#8211; ein Feel-Everything-Musical.&#8220; (&#8218;The New York Times&#8216;) Ein Meilenstein der Musicalgeschichte kommt nach Kerpen: Das Familiendrama &#8218;Next To Normal&#8216; bewegte den Broadway wie nur wenige St\u00fccke der letzten 20 Jahre, begeisterte Kritiker wie Publikum gleicherma\u00dfen und erobert seit 2009 mit zahllosen internationalen Produktionen eine Fangemeinde in [&hellip;]<\/p>\n","protected":false},"author":1,"featured_media":0,"parent":4385,"menu_order":0,"comment_status":"closed","ping_status":"closed","template":"","meta":{"footnotes":""},"class_list":["post-4462","page","type-page","status-publish","hentry","post-preview"],"_links":{"self":[{"href":"https:\/\/www.musical-ensemble-erft.de\/wordpress\/wp-json\/wp\/v2\/pages\/4462","targetHints":{"allow":["GET"]}}],"collection":[{"href":"https:\/\/www.musical-ensemble-erft.de\/wordpress\/wp-json\/wp\/v2\/pages"}],"about":[{"href":"https:\/\/www.musical-ensemble-erft.de\/wordpress\/wp-json\/wp\/v2\/types\/page"}],"author":[{"embeddable":true,"href":"https:\/\/www.musical-ensemble-erft.de\/wordpress\/wp-json\/wp\/v2\/users\/1"}],"replies":[{"embeddable":true,"href":"https:\/\/www.musical-ensemble-erft.de\/wordpress\/wp-json\/wp\/v2\/comments?post=4462"}],"version-history":[{"count":17,"href":"https:\/\/www.musical-ensemble-erft.de\/wordpress\/wp-json\/wp\/v2\/pages\/4462\/revisions"}],"predecessor-version":[{"id":4744,"href":"https:\/\/www.musical-ensemble-erft.de\/wordpress\/wp-json\/wp\/v2\/pages\/4462\/revisions\/4744"}],"up":[{"embeddable":true,"href":"https:\/\/www.musical-ensemble-erft.de\/wordpress\/wp-json\/wp\/v2\/pages\/4385"}],"wp:attachment":[{"href":"https:\/\/www.musical-ensemble-erft.de\/wordpress\/wp-json\/wp\/v2\/media?parent=4462"}],"curies":[{"name":"wp","href":"https:\/\/api.w.org\/{rel}","templated":true}]}}