{"id":4482,"date":"2017-07-17T10:33:54","date_gmt":"2017-07-17T08:33:54","guid":{"rendered":"http:\/\/www.musical-ensemble-erft.de\/wordpress\/?page_id=4482"},"modified":"2017-10-20T10:53:13","modified_gmt":"2017-10-20T08:53:13","slug":"alexander-geiger-dr-finedr-madden","status":"publish","type":"page","link":"https:\/\/www.musical-ensemble-erft.de\/wordpress\/projekte\/next-to-normal\/alexander-geiger-dr-finedr-madden\/","title":{"rendered":"Alexander Geiger (Dr. Fine\/Dr. Madden)"},"content":{"rendered":"<div id=\"attachment_4506\" style=\"width: 277px\" class=\"wp-caption alignleft\"><a href=\"https:\/\/www.musical-ensemble-erft.de\/wordpress\/wp-content\/uploads\/2017\/06\/outdoor_alex_facebook.jpg\" data-rel=\"lightbox-image-0\" data-rl_title=\"Alexander Geiger - (c)Fabian B\u00f6hle Fotografie\" data-rl_caption=\"\" title=\"Alexander Geiger - (c)Fabian B\u00f6hle Fotografie\"><img loading=\"lazy\" decoding=\"async\" aria-describedby=\"caption-attachment-4506\" class=\"size-medium wp-image-4506\" src=\"https:\/\/www.musical-ensemble-erft.de\/wordpress\/wp-content\/uploads\/2017\/06\/outdoor_alex_facebook-267x400.jpg\" alt=\"Alexander Geiger - (c)Fabian B\u00f6hle Fotografie\" width=\"267\" height=\"400\" srcset=\"https:\/\/www.musical-ensemble-erft.de\/wordpress\/wp-content\/uploads\/2017\/06\/outdoor_alex_facebook-267x400.jpg 267w, https:\/\/www.musical-ensemble-erft.de\/wordpress\/wp-content\/uploads\/2017\/06\/outdoor_alex_facebook-683x1024.jpg 683w, https:\/\/www.musical-ensemble-erft.de\/wordpress\/wp-content\/uploads\/2017\/06\/outdoor_alex_facebook-333x500.jpg 333w, https:\/\/www.musical-ensemble-erft.de\/wordpress\/wp-content\/uploads\/2017\/06\/outdoor_alex_facebook.jpg 720w\" sizes=\"auto, (max-width: 267px) 100vw, 267px\" \/><\/a><p id=\"caption-attachment-4506\" class=\"wp-caption-text\">Alexander Geiger &#8211; (c)Fabian B\u00f6hle Fotografie<\/p><\/div>\n<p>In der Doppelrolle der Psychiater &#8218;Dr. Fine&#8216; und &#8218;Dr. Madden&#8216; feiert Alexander Geiger in &#8218;Next To Normal&#8216; sein Deb\u00fct auf der Kerpener B\u00fchne. Als Doktorand der Neurowissenschaften ist der 30-J\u00e4hrige geradezu pr\u00e4destiniert f\u00fcr das besondere Thema des Musicals und seine Rolle, die das Spannungsfeld moderner Psychiatrie aufzeigt.<\/p>\n<p>Alex bringt viel musikalische Erfahrung mit: Bereits im Alter von f\u00fcnf Jahren begann er eine klassische Akkordeon-Ausbildung im &#8218;Akkordeon Club Haltingen&#8216; und wurde sp\u00e4ter ins Jugendorchester sowie den Chor der &#8218;Weiler Musikschule&#8216; aufgenommen. Sein Wunsch, sich k\u00fcnstlerisch weiterzubilden, f\u00fchrte ihn schlie\u00dflich zum Musiktheater &#8211; 2008 begann der Tenor eine Gesangsausbildung mit Schwerpunkt Musical bei Juliane Knoppek.<\/p>\n<p>Alexander ist dabei nicht nur musikalisch begabt, er begeistert sich auch f\u00fcr Tanz. Zwischen 1997 und 2004 lie\u00df er sich in der Tanzschule &#8218;Dance Factory L\u00f6rrach&#8216; ausbilden, u.a. in den Bereichen Hip Hop, Pop Locking und Formationstanz und tanzte in diesem Rahmen mit Stars wie DJ Bobo. Im Anschluss folgten zahlreiche Kurse in Standard-T\u00e4nzen wie Walzer, Foxtrott, Rumba und Cha-Cha-Cha in der &#8218;Tanzschule Neugebauer&#8216; in L\u00f6rrach.<\/p>\n<p><iframe loading=\"lazy\" src=\"https:\/\/www.youtube.com\/embed\/ems5tIU2kk0?VQ=HD720\" width=\"600\" height=\"338\" frameborder=\"0\" allowfullscreen=\"allowfullscreen\"><\/p>\n","protected":false},"excerpt":{"rendered":"<p>In der Doppelrolle der Psychiater &#8218;Dr. Fine&#8216; und &#8218;Dr. Madden&#8216; feiert Alexander Geiger in &#8218;Next To Normal&#8216; sein Deb\u00fct auf der Kerpener B\u00fchne. Als Doktorand der Neurowissenschaften ist der 30-J\u00e4hrige geradezu pr\u00e4destiniert f\u00fcr das besondere Thema des Musicals und seine Rolle, die das Spannungsfeld moderner Psychiatrie aufzeigt. Alex bringt viel musikalische Erfahrung mit: Bereits im [&hellip;]<\/p>\n","protected":false},"author":1,"featured_media":0,"parent":4385,"menu_order":0,"comment_status":"closed","ping_status":"closed","template":"","meta":{"footnotes":""},"class_list":["post-4482","page","type-page","status-publish","hentry","post-preview"],"_links":{"self":[{"href":"https:\/\/www.musical-ensemble-erft.de\/wordpress\/wp-json\/wp\/v2\/pages\/4482","targetHints":{"allow":["GET"]}}],"collection":[{"href":"https:\/\/www.musical-ensemble-erft.de\/wordpress\/wp-json\/wp\/v2\/pages"}],"about":[{"href":"https:\/\/www.musical-ensemble-erft.de\/wordpress\/wp-json\/wp\/v2\/types\/page"}],"author":[{"embeddable":true,"href":"https:\/\/www.musical-ensemble-erft.de\/wordpress\/wp-json\/wp\/v2\/users\/1"}],"replies":[{"embeddable":true,"href":"https:\/\/www.musical-ensemble-erft.de\/wordpress\/wp-json\/wp\/v2\/comments?post=4482"}],"version-history":[{"count":9,"href":"https:\/\/www.musical-ensemble-erft.de\/wordpress\/wp-json\/wp\/v2\/pages\/4482\/revisions"}],"predecessor-version":[{"id":4899,"href":"https:\/\/www.musical-ensemble-erft.de\/wordpress\/wp-json\/wp\/v2\/pages\/4482\/revisions\/4899"}],"up":[{"embeddable":true,"href":"https:\/\/www.musical-ensemble-erft.de\/wordpress\/wp-json\/wp\/v2\/pages\/4385"}],"wp:attachment":[{"href":"https:\/\/www.musical-ensemble-erft.de\/wordpress\/wp-json\/wp\/v2\/media?parent=4482"}],"curies":[{"name":"wp","href":"https:\/\/api.w.org\/{rel}","templated":true}]}}