{"id":4485,"date":"2017-07-22T10:00:35","date_gmt":"2017-07-22T08:00:35","guid":{"rendered":"http:\/\/www.musical-ensemble-erft.de\/wordpress\/?page_id=4485"},"modified":"2017-10-20T10:53:35","modified_gmt":"2017-10-20T08:53:35","slug":"philipp-schwerhoff-gabe-goodman","status":"publish","type":"page","link":"https:\/\/www.musical-ensemble-erft.de\/wordpress\/projekte\/next-to-normal\/philipp-schwerhoff-gabe-goodman\/","title":{"rendered":"Philipp Schwerhoff (Gabe Goodman)"},"content":{"rendered":"<div id=\"attachment_4686\" style=\"width: 277px\" class=\"wp-caption alignleft\"><a href=\"https:\/\/www.musical-ensemble-erft.de\/wordpress\/wp-content\/uploads\/2017\/07\/outdoor_phil_facebook.jpg\" data-rel=\"lightbox-image-0\" data-rl_title=\"Philipp Schwerhoff - (c)Barbara Franck\" data-rl_caption=\"\" title=\"Philipp Schwerhoff - (c)Barbara Franck\"><img loading=\"lazy\" decoding=\"async\" aria-describedby=\"caption-attachment-4686\" class=\"size-medium wp-image-4686\" src=\"https:\/\/www.musical-ensemble-erft.de\/wordpress\/wp-content\/uploads\/2017\/07\/outdoor_phil_facebook-267x400.jpg\" alt=\"\" width=\"267\" height=\"400\" srcset=\"https:\/\/www.musical-ensemble-erft.de\/wordpress\/wp-content\/uploads\/2017\/07\/outdoor_phil_facebook-267x400.jpg 267w, https:\/\/www.musical-ensemble-erft.de\/wordpress\/wp-content\/uploads\/2017\/07\/outdoor_phil_facebook-683x1024.jpg 683w, https:\/\/www.musical-ensemble-erft.de\/wordpress\/wp-content\/uploads\/2017\/07\/outdoor_phil_facebook-333x500.jpg 333w, https:\/\/www.musical-ensemble-erft.de\/wordpress\/wp-content\/uploads\/2017\/07\/outdoor_phil_facebook.jpg 720w\" sizes=\"auto, (max-width: 267px) 100vw, 267px\" \/><\/a><p id=\"caption-attachment-4686\" class=\"wp-caption-text\">Philipp Schwerhoff &#8211; (c)Barbara Franck<\/p><\/div>\n<p>Anfang 2014 \u00fcbernahm Philipp die musikalische Leitung unseres Ensembles \u2013 in &#8218;Next To Normal \u2013 Fast normal&#8216; wechselt er nun die Seiten und feiert sein Deb\u00fct als Darsteller. Gesangserfahrung bringt der 24-J\u00e4hrige jedoch reichlich mit: Als Tenor singt er seit mehreren Jahren beim Pop\/Jazz\/Gospelchor &#8218;Vocal Journey&#8216; der K\u00f6lner Musikhochschule und im A Cappella-Quintett &#8218;Klangheimlich&#8216;. Tanz- und Improvisationskurse an der HfMT K\u00f6ln haben Philipp in den letzten Jahren auch die weiteren Ausdrucksformen des Genres Musical n\u00e4her kennen lernen lassen.<\/p>\n<p>Philipp studiert Franz\u00f6sisch und Musik (Klavier\/Gesang) an der Uni K\u00f6ln und der Musikhochschule K\u00f6ln und wird dort von renommierten Dozenten wie Hubert Nuss, Eva Mayerhofer, Erik Sohn und Stephan G\u00f6rg ausgebildet. Mit seiner Coverband &#8218;Joey Vegas&#8216; tritt er regelm\u00e4\u00dfig auf gro\u00dfen B\u00fchnen auf, u.a. als Vorband von &#8218;Brings&#8216;. An Klavier und Saxophon spielt Philipp in diversen Big Bands (&#8218;TroJazz&#8216;, &#8218;Big Band New Era&#8216;) und arbeitete in diesem Rahmen mit bekannten Bandleadern wie Klaus Osterloh und Michael Kuhl. Als Sessionmusiker hat er mit verschiedenen Combos zudem schon Erfahrung in der CD-Produktion und bei Bandwettbewerben sammeln k\u00f6nnen.<\/p>\n<p>Philipps erstes Projekt mit dem Musical Ensemble Erft war die musikalische Leitung des Gala-Programms &#8218;From the Soul&#8216; im Oktober 2014. Seitdem \u00fcbernahm er die gesangliche Einstudierung und Klavierbegleitung bei zahlreichen unserer Auftritte, wie 2016 bei &#8218;The Addams Family&#8216; und aktuell beim Jubil\u00e4umskonzert &#8218;MAGIC TO DO&#8216;. In &#8218;Next To Normal \u2013 Fast normal&#8216; verk\u00f6rpert Philipp Schwerhoff &#8218;Gabe Goodman&#8216;, den Sohn der Familie.<\/p>\n<p><a href=\"https:\/\/www.facebook.com\/PhilippSchwerhoff\/\" target=\"_blank\" rel=\"noopener\">Philipps Facebook-K\u00fcnstlerseite <\/a><\/p>\n<p><iframe loading=\"lazy\" src=\"https:\/\/www.youtube.com\/embed\/BkxT683TnnU?VQ=HD720\" width=\"600\" height=\"338\" frameborder=\"0\" allowfullscreen=\"allowfullscreen\"><\/iframe><\/p>\n","protected":false},"excerpt":{"rendered":"<p>Anfang 2014 \u00fcbernahm Philipp die musikalische Leitung unseres Ensembles \u2013 in &#8218;Next To Normal \u2013 Fast normal&#8216; wechselt er nun die Seiten und feiert sein Deb\u00fct als Darsteller. Gesangserfahrung bringt der 24-J\u00e4hrige jedoch reichlich mit: Als Tenor singt er seit mehreren Jahren beim Pop\/Jazz\/Gospelchor &#8218;Vocal Journey&#8216; der K\u00f6lner Musikhochschule und im A Cappella-Quintett &#8218;Klangheimlich&#8216;. Tanz- [&hellip;]<\/p>\n","protected":false},"author":1,"featured_media":0,"parent":4385,"menu_order":0,"comment_status":"closed","ping_status":"closed","template":"","meta":{"footnotes":""},"class_list":["post-4485","page","type-page","status-publish","hentry","post-preview"],"_links":{"self":[{"href":"https:\/\/www.musical-ensemble-erft.de\/wordpress\/wp-json\/wp\/v2\/pages\/4485","targetHints":{"allow":["GET"]}}],"collection":[{"href":"https:\/\/www.musical-ensemble-erft.de\/wordpress\/wp-json\/wp\/v2\/pages"}],"about":[{"href":"https:\/\/www.musical-ensemble-erft.de\/wordpress\/wp-json\/wp\/v2\/types\/page"}],"author":[{"embeddable":true,"href":"https:\/\/www.musical-ensemble-erft.de\/wordpress\/wp-json\/wp\/v2\/users\/1"}],"replies":[{"embeddable":true,"href":"https:\/\/www.musical-ensemble-erft.de\/wordpress\/wp-json\/wp\/v2\/comments?post=4485"}],"version-history":[{"count":10,"href":"https:\/\/www.musical-ensemble-erft.de\/wordpress\/wp-json\/wp\/v2\/pages\/4485\/revisions"}],"predecessor-version":[{"id":4900,"href":"https:\/\/www.musical-ensemble-erft.de\/wordpress\/wp-json\/wp\/v2\/pages\/4485\/revisions\/4900"}],"up":[{"embeddable":true,"href":"https:\/\/www.musical-ensemble-erft.de\/wordpress\/wp-json\/wp\/v2\/pages\/4385"}],"wp:attachment":[{"href":"https:\/\/www.musical-ensemble-erft.de\/wordpress\/wp-json\/wp\/v2\/media?parent=4485"}],"curies":[{"name":"wp","href":"https:\/\/api.w.org\/{rel}","templated":true}]}}