{"id":4487,"date":"2017-07-26T10:00:12","date_gmt":"2017-07-26T08:00:12","guid":{"rendered":"http:\/\/www.musical-ensemble-erft.de\/wordpress\/?page_id=4487"},"modified":"2017-10-20T10:52:48","modified_gmt":"2017-10-20T08:52:48","slug":"gabi-schmidt-diana-goodman","status":"publish","type":"page","link":"https:\/\/www.musical-ensemble-erft.de\/wordpress\/projekte\/next-to-normal\/gabi-schmidt-diana-goodman\/","title":{"rendered":"Gabi Schmidt (Diana Goodman)"},"content":{"rendered":"<div id=\"attachment_4693\" style=\"width: 277px\" class=\"wp-caption alignleft\"><a href=\"https:\/\/www.musical-ensemble-erft.de\/wordpress\/wp-content\/uploads\/2017\/07\/outdoor_gabi.jpg\" data-rel=\"lightbox-image-0\" data-rl_title=\"Gabi Schmidt - (c)Fabian B\u00f6hle Fotografie\" data-rl_caption=\"\" title=\"Gabi Schmidt - (c)Fabian B\u00f6hle Fotografie\"><img loading=\"lazy\" decoding=\"async\" aria-describedby=\"caption-attachment-4693\" class=\"size-medium wp-image-4693\" src=\"https:\/\/www.musical-ensemble-erft.de\/wordpress\/wp-content\/uploads\/2017\/07\/outdoor_gabi-267x400.jpg\" alt=\"\" width=\"267\" height=\"400\" srcset=\"https:\/\/www.musical-ensemble-erft.de\/wordpress\/wp-content\/uploads\/2017\/07\/outdoor_gabi-267x400.jpg 267w, https:\/\/www.musical-ensemble-erft.de\/wordpress\/wp-content\/uploads\/2017\/07\/outdoor_gabi-683x1024.jpg 683w, https:\/\/www.musical-ensemble-erft.de\/wordpress\/wp-content\/uploads\/2017\/07\/outdoor_gabi-333x500.jpg 333w, https:\/\/www.musical-ensemble-erft.de\/wordpress\/wp-content\/uploads\/2017\/07\/outdoor_gabi.jpg 720w\" sizes=\"auto, (max-width: 267px) 100vw, 267px\" \/><\/a><p id=\"caption-attachment-4693\" class=\"wp-caption-text\">Gabi Schmidt &#8211; (c)Fabian B\u00f6hle Fotografie<\/p><\/div>\n<p>Sie war lange auf den gro\u00dfen B\u00fchnen Deutschlands zuhause &#8211; nun freuen wir uns, in der Hauptrolle der bipolaren Hausfrau &#8218;Diana Goodman&#8216; mit Gabi Schmidt einen echten Musical-Profi bei &#8218;Next To Normal&#8216; mit an Bord zu haben. Ausgebildet an der Hochschule f\u00fcr Musik und Theater Leipzig, war die Sopranistin seit 1999 f\u00fcr zahlreiche Hauptrollen wie etwa &#8218;Evita&#8216; (Landestheater Innsbruck, <a href=\"https:\/\/vimeo.com\/51937533\" target=\"_blank\" rel=\"noopener\">Zusammenschnitt hier<\/a>), &#8218;Kate&#8216; (&#8218;Kiss me, Kate&#8216;, Opernhaus Chemnitz), &#8218;Carmen Diaz&#8216; (&#8218;Fame&#8216;, Operhaus Chemnitz), &#8218;Reno Sweeney&#8216; (&#8218;Anything Goes&#8216;, Theater Hof), &#8218;Victoria&#8216; (&#8218;Victor\/Victoria&#8216;, Landestheater Innsbruck) oder &#8218;Jeanie&#8216; (&#8218;Hair&#8216;, Theater Bielefeld) engagiert.<\/p>\n<p>Zwischen 2001 und 2007 arbeitete Gabi zudem als freie Radiojournalistin (Autorin, Sprecherin, Moderatorin) f\u00fcr MDR Kultur, Deutschlandfunk und Schweizer Radio DRS2 und gewann 2007 bei den Columbus-Radioawards in der Kategorie &#8218;Langes Feature&#8216; den 1. Preis. Seit einigen Jahren konzentriert sich das k\u00fcnstlerische Multitalent nun auf ihre Arbeit als Theater- und Gesangsp\u00e4dagogin und bildet in diesem Rahmen auch zahlreiche unserer Darsteller stimmlich fort. Neben eigenen Regie-Arbeiten (z.B. &#8218;Nichts&#8216; von Janne Teller, Alte Feuerwache K\u00f6ln; &#8218;Struwwelpeter&#8216;, Reihe &#8218;Abenteuer Kultur&#8216;, Ludwigshafen; &#8218;Vom Sehen und Suchen&#8230;&#8216;, Arturo Schauspielschule K\u00f6ln) steht Gabi seit 2011 regelm\u00e4\u00dfig mit den Duo &#8218;NOIRROUGE&#8216; auf der B\u00fchne.<\/p>\n<p>Das St\u00fcck &#8218;Next To Normal&#8216; und ihre langj\u00e4hrige, vertrauensvolle Zusammenarbeit mit vielen unserer Ensemble-Mitglieder haben Gabi so \u00fcberzeugt, dass sie selbst als erfahrener Profi nun mit unseren talentierten Amateuren auf der B\u00fchne stehen m\u00f6chte &#8211; ein gro\u00dfer Vertrauensbeweis f\u00fcr das k\u00fcnstlerische Profil des Musical Ensemble Erft. Wir freuen uns auf die gemeinsame Arbeit!<\/p>\n<p><iframe loading=\"lazy\" src=\"https:\/\/www.youtube.com\/embed\/C9CAGfl51G4?VQ=HD720\" width=\"600\" height=\"338\" frameborder=\"0\" allowfullscreen=\"allowfullscreen\"><\/iframe><\/p>\n","protected":false},"excerpt":{"rendered":"<p>Sie war lange auf den gro\u00dfen B\u00fchnen Deutschlands zuhause &#8211; nun freuen wir uns, in der Hauptrolle der bipolaren Hausfrau &#8218;Diana Goodman&#8216; mit Gabi Schmidt einen echten Musical-Profi bei &#8218;Next To Normal&#8216; mit an Bord zu haben. Ausgebildet an der Hochschule f\u00fcr Musik und Theater Leipzig, war die Sopranistin seit 1999 f\u00fcr zahlreiche Hauptrollen wie [&hellip;]<\/p>\n","protected":false},"author":1,"featured_media":0,"parent":4385,"menu_order":0,"comment_status":"closed","ping_status":"closed","template":"","meta":{"footnotes":""},"class_list":["post-4487","page","type-page","status-publish","hentry","post-preview"],"_links":{"self":[{"href":"https:\/\/www.musical-ensemble-erft.de\/wordpress\/wp-json\/wp\/v2\/pages\/4487","targetHints":{"allow":["GET"]}}],"collection":[{"href":"https:\/\/www.musical-ensemble-erft.de\/wordpress\/wp-json\/wp\/v2\/pages"}],"about":[{"href":"https:\/\/www.musical-ensemble-erft.de\/wordpress\/wp-json\/wp\/v2\/types\/page"}],"author":[{"embeddable":true,"href":"https:\/\/www.musical-ensemble-erft.de\/wordpress\/wp-json\/wp\/v2\/users\/1"}],"replies":[{"embeddable":true,"href":"https:\/\/www.musical-ensemble-erft.de\/wordpress\/wp-json\/wp\/v2\/comments?post=4487"}],"version-history":[{"count":13,"href":"https:\/\/www.musical-ensemble-erft.de\/wordpress\/wp-json\/wp\/v2\/pages\/4487\/revisions"}],"predecessor-version":[{"id":4898,"href":"https:\/\/www.musical-ensemble-erft.de\/wordpress\/wp-json\/wp\/v2\/pages\/4487\/revisions\/4898"}],"up":[{"embeddable":true,"href":"https:\/\/www.musical-ensemble-erft.de\/wordpress\/wp-json\/wp\/v2\/pages\/4385"}],"wp:attachment":[{"href":"https:\/\/www.musical-ensemble-erft.de\/wordpress\/wp-json\/wp\/v2\/media?parent=4487"}],"curies":[{"name":"wp","href":"https:\/\/api.w.org\/{rel}","templated":true}]}}