{"id":4489,"date":"2017-07-25T10:00:06","date_gmt":"2017-07-25T08:00:06","guid":{"rendered":"http:\/\/www.musical-ensemble-erft.de\/wordpress\/?page_id=4489"},"modified":"2017-11-15T16:29:34","modified_gmt":"2017-11-15T14:29:34","slug":"jonas-wender-dan-goodman","status":"publish","type":"page","link":"https:\/\/www.musical-ensemble-erft.de\/wordpress\/projekte\/next-to-normal\/jonas-wender-dan-goodman\/","title":{"rendered":"Jonas Wender (Dan Goodman)"},"content":{"rendered":"<div id=\"attachment_4510\" style=\"width: 277px\" class=\"wp-caption alignleft\"><a href=\"https:\/\/www.musical-ensemble-erft.de\/wordpress\/wp-content\/uploads\/2017\/06\/outdoor_jonas_facebook.jpg\" data-rel=\"lightbox-image-0\" data-rl_title=\"Jonas Wender - (c)Fabian B\u00f6hle Fotografie\" data-rl_caption=\"\" title=\"Jonas Wender - (c)Fabian B\u00f6hle Fotografie\"><img loading=\"lazy\" decoding=\"async\" aria-describedby=\"caption-attachment-4510\" class=\"size-medium wp-image-4510\" src=\"https:\/\/www.musical-ensemble-erft.de\/wordpress\/wp-content\/uploads\/2017\/06\/outdoor_jonas_facebook-267x400.jpg\" alt=\"\" width=\"267\" height=\"400\" srcset=\"https:\/\/www.musical-ensemble-erft.de\/wordpress\/wp-content\/uploads\/2017\/06\/outdoor_jonas_facebook-267x400.jpg 267w, https:\/\/www.musical-ensemble-erft.de\/wordpress\/wp-content\/uploads\/2017\/06\/outdoor_jonas_facebook-683x1024.jpg 683w, https:\/\/www.musical-ensemble-erft.de\/wordpress\/wp-content\/uploads\/2017\/06\/outdoor_jonas_facebook-333x500.jpg 333w, https:\/\/www.musical-ensemble-erft.de\/wordpress\/wp-content\/uploads\/2017\/06\/outdoor_jonas_facebook.jpg 720w\" sizes=\"auto, (max-width: 267px) 100vw, 267px\" \/><\/a><p id=\"caption-attachment-4510\" class=\"wp-caption-text\">Jonas Wender &#8211; (c)Fabian B\u00f6hle Fotografie<\/p><\/div>\n<p>Schon seit Kindesbeinen steht Jonas auf der B\u00fchne und f\u00fchlt sich dabei in Gesang und Schauspiel genauso wohl wie im Orchestergraben. Nach zahlreichen Projekten in Theater-AGs und als Pianist des Schulorchesters des Gymnasiums H\u00fcckelhoven fand der 28-J\u00e4hrige 2008 zum Musical. In den Inszenierungen der Musicalgruppe &#8218;SHOWTIME!&#8216; \u00fcbernahm er sechs Jahre lang diverse Haupt- und Nebenrollen wie &#8218;Melchior Gabor&#8216; (&#8218;Fr\u00fchlings Erwachen&#8216;) oder &#8218;Chagal&#8216; (&#8218;Tanz der Vampire&#8216;) und war als Solist bei Konzerten und Galas zu erleben. Bei der Rheinisch-Bergischen Musik-AG spielte der Erzieher 2011 die Rolle des &#8218;Frollo&#8216; im Musical &#8218;Der Gl\u00f6ckner von Notre Dame&#8216;. Seine Gesangsausbildung setzt Jonas mit Unterricht bei Sarah Dieder und in Workshops bei Musical-Star Chris Murray fort. Als S\u00e4nger und Multi-Instrumentalist (Klavier, Akkordeon und Percussion) ist er zudem beim Bandprojekt &#8218;Querbeat&#8216; aktiv und gestaltet eine eigene Konzertreihe.<\/p>\n<p>Im Sommer 2015 wurde Jonas Wender Mitglied des Musical Ensemble Erft. In diesem Rahmen unterst\u00fctzte der Baritenor zun\u00e4chst den Chor des Musicals &#8218;Kolpings Traum&#8216; in der LANXESS Arena und war Solist bei der &#8218;Schreibwerkstatt&#8216; in der Stadtbibliothek Bergheim. 2016 begeisterte Jonas als &#8218;Onkel Fester&#8216; in &#8218;The Addams Family&#8216; das Publikum und gestaltete den Videoblog zur Produktion. In &#8218;Next To Normal&#8216; schl\u00fcpft er nun in die Rolle des aufopfernden Familienvaters &#8218;Dan Goodman&#8216;.<\/p>\n<p><iframe loading=\"lazy\" src=\"https:\/\/www.youtube.com\/embed\/3j7BJIS9_so?VQ=HD720\" width=\"600\" height=\"338\" frameborder=\"0\" allowfullscreen=\"allowfullscreen\"><\/iframe><\/p>\n","protected":false},"excerpt":{"rendered":"<p>Schon seit Kindesbeinen steht Jonas auf der B\u00fchne und f\u00fchlt sich dabei in Gesang und Schauspiel genauso wohl wie im Orchestergraben. Nach zahlreichen Projekten in Theater-AGs und als Pianist des Schulorchesters des Gymnasiums H\u00fcckelhoven fand der 28-J\u00e4hrige 2008 zum Musical. In den Inszenierungen der Musicalgruppe &#8218;SHOWTIME!&#8216; \u00fcbernahm er sechs Jahre lang diverse Haupt- und Nebenrollen [&hellip;]<\/p>\n","protected":false},"author":1,"featured_media":0,"parent":4385,"menu_order":0,"comment_status":"closed","ping_status":"closed","template":"","meta":{"footnotes":""},"class_list":["post-4489","page","type-page","status-publish","hentry","post-preview"],"_links":{"self":[{"href":"https:\/\/www.musical-ensemble-erft.de\/wordpress\/wp-json\/wp\/v2\/pages\/4489","targetHints":{"allow":["GET"]}}],"collection":[{"href":"https:\/\/www.musical-ensemble-erft.de\/wordpress\/wp-json\/wp\/v2\/pages"}],"about":[{"href":"https:\/\/www.musical-ensemble-erft.de\/wordpress\/wp-json\/wp\/v2\/types\/page"}],"author":[{"embeddable":true,"href":"https:\/\/www.musical-ensemble-erft.de\/wordpress\/wp-json\/wp\/v2\/users\/1"}],"replies":[{"embeddable":true,"href":"https:\/\/www.musical-ensemble-erft.de\/wordpress\/wp-json\/wp\/v2\/comments?post=4489"}],"version-history":[{"count":13,"href":"https:\/\/www.musical-ensemble-erft.de\/wordpress\/wp-json\/wp\/v2\/pages\/4489\/revisions"}],"predecessor-version":[{"id":4962,"href":"https:\/\/www.musical-ensemble-erft.de\/wordpress\/wp-json\/wp\/v2\/pages\/4489\/revisions\/4962"}],"up":[{"embeddable":true,"href":"https:\/\/www.musical-ensemble-erft.de\/wordpress\/wp-json\/wp\/v2\/pages\/4385"}],"wp:attachment":[{"href":"https:\/\/www.musical-ensemble-erft.de\/wordpress\/wp-json\/wp\/v2\/media?parent=4489"}],"curies":[{"name":"wp","href":"https:\/\/api.w.org\/{rel}","templated":true}]}}