{"id":4491,"date":"2017-07-23T10:00:39","date_gmt":"2017-07-23T08:00:39","guid":{"rendered":"http:\/\/www.musical-ensemble-erft.de\/wordpress\/?page_id=4491"},"modified":"2017-10-20T10:55:28","modified_gmt":"2017-10-20T08:55:28","slug":"laura-hatko-natalie-goodman-taenzerische-leitung","status":"publish","type":"page","link":"https:\/\/www.musical-ensemble-erft.de\/wordpress\/projekte\/next-to-normal\/laura-hatko-natalie-goodman-taenzerische-leitung\/","title":{"rendered":"Laura Hatko (Natalie Goodman &#038; t\u00e4nzerische Leitung)"},"content":{"rendered":"<div id=\"attachment_4511\" style=\"width: 277px\" class=\"wp-caption alignleft\"><a href=\"https:\/\/www.musical-ensemble-erft.de\/wordpress\/wp-content\/uploads\/2017\/06\/outdoor_laura_facebook.jpg\" data-rel=\"lightbox-image-0\" data-rl_title=\"Laura Hatko - (c)Fabian B\u00f6hle Fotografie\" data-rl_caption=\"\" title=\"Laura Hatko - (c)Fabian B\u00f6hle Fotografie\"><img loading=\"lazy\" decoding=\"async\" aria-describedby=\"caption-attachment-4511\" class=\"size-medium wp-image-4511\" src=\"https:\/\/www.musical-ensemble-erft.de\/wordpress\/wp-content\/uploads\/2017\/06\/outdoor_laura_facebook-267x400.jpg\" alt=\"\" width=\"267\" height=\"400\" srcset=\"https:\/\/www.musical-ensemble-erft.de\/wordpress\/wp-content\/uploads\/2017\/06\/outdoor_laura_facebook-267x400.jpg 267w, https:\/\/www.musical-ensemble-erft.de\/wordpress\/wp-content\/uploads\/2017\/06\/outdoor_laura_facebook-683x1024.jpg 683w, https:\/\/www.musical-ensemble-erft.de\/wordpress\/wp-content\/uploads\/2017\/06\/outdoor_laura_facebook-333x500.jpg 333w, https:\/\/www.musical-ensemble-erft.de\/wordpress\/wp-content\/uploads\/2017\/06\/outdoor_laura_facebook.jpg 720w\" sizes=\"auto, (max-width: 267px) 100vw, 267px\" \/><\/a><p id=\"caption-attachment-4511\" class=\"wp-caption-text\">Laura Hatko &#8211; (c)Fabian B\u00f6hle Fotografie<\/p><\/div>\n<p>Laura ist eine echte Allrounderin: Nicht nur im Tanz, auch im Gesang und Schauspiel f\u00fchlt sie sich zuhause. Bereits mit 9 Jahren begann die 27-J\u00e4hrige ihre t\u00e4nzerische Ausbildung in den Bereichen Jazz, Modern und Street-Dance. Mit ihrer Tanz-Formation trat sie zwischen 2003 und 2007 europaweit auf und gewann zahlreiche Preise, u.a. den 4. Platz bei der EM und den Vize-Titel bei den Deutschen Meisterschaften. Zwischen 2011 und 2013 erweiterte sie ihr t\u00e4nzerisches K\u00f6nnen um den Bereich Ballett in der Tanzschule &#8218;Tanz Fabrik Paulo Franco&#8216;.<\/p>\n<p>Ab 2005 sammelte Laura in der Musical-AG Kerpen erste gesangliche Erfahrungen. Solistisch war sie 2007 bei der &#8218;Nacht der Musicals&#8216; zu h\u00f6ren, unter anderem als &#8218;Elphaba&#8216; (&#8218;Wicked&#8216;) oder &#8218;Velma Kelly&#8216; (&#8218;Chicago&#8216;). 2008 \u00fcbernahm sie die Hauptrolle der &#8218;Doris&#8216; im Woody Allen-Theaterprojekt &#8218;Gott&#8216; und trat ein Jahr sp\u00e4ter bei der Porta-Musical-Gala in Frechen auf. Als Gr\u00fcndungsmitglied des Musical Ensemble Erft spielte die Projektmanagerin 2009 &#8218;Wendla Bergmann&#8216; in &#8218;Jeder neue Tag&#8216;; in &#8218;RENT&#8216; \u00fcberzeugte sie 2012 als Performance-K\u00fcnstlerin &#8218;Maureen Johnson&#8216;. 2014 stand Laura im Rahmen der Musical-Gala &#8218;From the Soul \u2013 Musical Unplugged&#8216; auf der Kerpener B\u00fchne; ein Jahr sp\u00e4ter unterst\u00fctzte sie den Chor bei der Benefiz-Show des Musicals &#8218;STARLIGHT EXPRESS&#8216; in Bochum. Zuletzt begeisterte Laura 2016 in der Hauptrolle der hei\u00dfbl\u00fctigen &#8218;Morticia Addams&#8216; in &#8218;The Addams Family&#8216;. Ihre solistische Gesangsausbildung, begonnen 2008 bei Renate Rietberg-Singer, setzt die Mezzosopranistin seit 2012 bei Musical-Darstellerin Gabi Schmidt fort.<\/p>\n<p>Seit \u00fcber zehn Jahren zeichnet Laura als t\u00e4nzerische Leitung auch f\u00fcr die Choreographien unserer Produktionen verantwortlich. Auch bei &#8218;Next To Normal \u2013 Fast normal&#8216; wird sie diese Aufgabe neben ihrer Rolle als Tochter &#8218;Natalie Goodman&#8216; \u00fcbernehmen. Zudem engagiert sich die studierte Medienwissenschaftlerin seit 2014 im Vorstand des Vereins und koordiniert die PR und Marketing-Aktivit\u00e4ten des Ensembles.<\/p>\n<p><iframe loading=\"lazy\" src=\"https:\/\/www.youtube.com\/embed\/9UNDo4UOffo?VQ=HD720\" width=\"600\" height=\"338\" frameborder=\"0\" allowfullscreen=\"allowfullscreen\"><\/iframe><\/p>\n","protected":false},"excerpt":{"rendered":"<p>Laura ist eine echte Allrounderin: Nicht nur im Tanz, auch im Gesang und Schauspiel f\u00fchlt sie sich zuhause. Bereits mit 9 Jahren begann die 27-J\u00e4hrige ihre t\u00e4nzerische Ausbildung in den Bereichen Jazz, Modern und Street-Dance. Mit ihrer Tanz-Formation trat sie zwischen 2003 und 2007 europaweit auf und gewann zahlreiche Preise, u.a. den 4. Platz bei [&hellip;]<\/p>\n","protected":false},"author":1,"featured_media":0,"parent":4385,"menu_order":0,"comment_status":"closed","ping_status":"closed","template":"","meta":{"footnotes":""},"class_list":["post-4491","page","type-page","status-publish","hentry","post-preview"],"_links":{"self":[{"href":"https:\/\/www.musical-ensemble-erft.de\/wordpress\/wp-json\/wp\/v2\/pages\/4491","targetHints":{"allow":["GET"]}}],"collection":[{"href":"https:\/\/www.musical-ensemble-erft.de\/wordpress\/wp-json\/wp\/v2\/pages"}],"about":[{"href":"https:\/\/www.musical-ensemble-erft.de\/wordpress\/wp-json\/wp\/v2\/types\/page"}],"author":[{"embeddable":true,"href":"https:\/\/www.musical-ensemble-erft.de\/wordpress\/wp-json\/wp\/v2\/users\/1"}],"replies":[{"embeddable":true,"href":"https:\/\/www.musical-ensemble-erft.de\/wordpress\/wp-json\/wp\/v2\/comments?post=4491"}],"version-history":[{"count":6,"href":"https:\/\/www.musical-ensemble-erft.de\/wordpress\/wp-json\/wp\/v2\/pages\/4491\/revisions"}],"predecessor-version":[{"id":4904,"href":"https:\/\/www.musical-ensemble-erft.de\/wordpress\/wp-json\/wp\/v2\/pages\/4491\/revisions\/4904"}],"up":[{"embeddable":true,"href":"https:\/\/www.musical-ensemble-erft.de\/wordpress\/wp-json\/wp\/v2\/pages\/4385"}],"wp:attachment":[{"href":"https:\/\/www.musical-ensemble-erft.de\/wordpress\/wp-json\/wp\/v2\/media?parent=4491"}],"curies":[{"name":"wp","href":"https:\/\/api.w.org\/{rel}","templated":true}]}}