{"id":4493,"date":"2017-07-20T10:00:59","date_gmt":"2017-07-20T08:00:59","guid":{"rendered":"http:\/\/www.musical-ensemble-erft.de\/wordpress\/?page_id=4493"},"modified":"2017-10-20T10:56:00","modified_gmt":"2017-10-20T08:56:00","slug":"tim-stranowsky-henry","status":"publish","type":"page","link":"https:\/\/www.musical-ensemble-erft.de\/wordpress\/projekte\/next-to-normal\/tim-stranowsky-henry\/","title":{"rendered":"Tim Stranowsky (Henry)"},"content":{"rendered":"<div id=\"attachment_4689\" style=\"width: 277px\" class=\"wp-caption alignleft\"><a href=\"https:\/\/www.musical-ensemble-erft.de\/wordpress\/wp-content\/uploads\/2017\/07\/outdoor_1_fb.jpg\" data-rel=\"lightbox-image-0\" data-rl_title=\"Tim Stranowsky - (c)Barbara Franck\" data-rl_caption=\"\" title=\"Tim Stranowsky - (c)Barbara Franck\"><img loading=\"lazy\" decoding=\"async\" aria-describedby=\"caption-attachment-4689\" class=\"size-medium wp-image-4689\" src=\"https:\/\/www.musical-ensemble-erft.de\/wordpress\/wp-content\/uploads\/2017\/07\/outdoor_1_fb-267x400.jpg\" alt=\"\" width=\"267\" height=\"400\" srcset=\"https:\/\/www.musical-ensemble-erft.de\/wordpress\/wp-content\/uploads\/2017\/07\/outdoor_1_fb-267x400.jpg 267w, https:\/\/www.musical-ensemble-erft.de\/wordpress\/wp-content\/uploads\/2017\/07\/outdoor_1_fb-683x1024.jpg 683w, https:\/\/www.musical-ensemble-erft.de\/wordpress\/wp-content\/uploads\/2017\/07\/outdoor_1_fb-333x500.jpg 333w, https:\/\/www.musical-ensemble-erft.de\/wordpress\/wp-content\/uploads\/2017\/07\/outdoor_1_fb.jpg 720w\" sizes=\"auto, (max-width: 267px) 100vw, 267px\" \/><\/a><p id=\"caption-attachment-4689\" class=\"wp-caption-text\">Tim Stranowsky &#8211; (c)Barbara Franck<\/p><\/div>\n<p>Tim durfte schon fr\u00fch B\u00fchnenluft schnuppern: Bereits im Kindergartenalter machte der 26-J\u00e4hrige seine ersten Schritte auf der B\u00fchne, u.a. als &#8218;Tabaluga&#8216;. Verschiedene Tanzprojekte folgten, sp\u00e4ter entwickelte sich ein Interesse an Gesang. 2010 \u00fcbernahm der studierte Industriemanager seine erste Hauptrolle als Zaubermeister im Musical &#8218;Krabat&#8216; nach Otfried Preu\u00dfler am Bedburger Gymnasium. Zwischen 2010 und 2012 war Tim beim Bedburger Dekanatsjugendchor &#8218;San Francesco&#8216; aktiv. Im Rahmen der &#8218;Musical Highlights&#8216;-Gala sang er dort Rollen wie &#8218;Enjolras&#8216; (&#8218;Les Mis\u00e9rables&#8216;) oder den &#8218;Tod&#8216; (&#8218;Elisabeth&#8216;). In &#8218;Jekyll&amp;Hyde&#8216; war er 2011 als &#8218;John Utterson&#8216; und &#8218;Bischof von Basingstoke&#8216; zu sehen und \u00fcbernahm in der zweiten Staffel dieser Produktion zus\u00e4tzlich die Rolle des &#8218;Simon Stride&#8216;. Als Gastsolist bereicherte er mehrere Konzerte des MGV Bedburg und war bei &#8218;Rock f\u00fcr P\u00e4nz&#8216; in Frechen zu erleben.<\/p>\n<p>Seine solistische Gesangsausbildung setzt Tim nach Musical-Workshops &#8211; unter anderem bei Star-Darsteller Chris Murray &#8211; seit 2013 bei Gabi Schmidt fort. Seit 2011 ist er Mitglied des Musical Ensemble Erft und stand zun\u00e4chst als &#8218;Gordon&#8216; und &#8218;Mr. Grey&#8216; in &#8218;RENT&#8216; auf der Kerpener B\u00fchne. Als Solist war der Tenor seitdem bei zahlreichen konzertanten Auftritten des Ensembles zu h\u00f6ren und verst\u00e4rkte den Chor des Musicals &#8218;Kolpings Traum&#8216; in der LANXESS Arena und der Benefiz-Show von &#8218;STARLIGHT EXPRESS&#8216;. Zwischen 2013 und 2016 engagierte sich Tim zudem im Vorstand des Ensembles. Im Oktober 2016 war er als &#8218;Lucas Beineke&#8216; in der Kerpener Produktion von &#8218;The Addams Family&#8216; zu erleben. In &#8218;Next To Normal \u2013 Fast normal&#8216; wird Tim Stranowsky als Natalies Freund &#8218;Henry&#8216; zu sehen sein.<\/p>\n<p><iframe loading=\"lazy\" src=\"https:\/\/www.youtube.com\/embed\/YcMAJ5Ovpb4?VQ=HD720\" width=\"600\" height=\"338\" frameborder=\"0\" allowfullscreen=\"allowfullscreen\"><\/iframe><\/p>\n","protected":false},"excerpt":{"rendered":"<p>Tim durfte schon fr\u00fch B\u00fchnenluft schnuppern: Bereits im Kindergartenalter machte der 26-J\u00e4hrige seine ersten Schritte auf der B\u00fchne, u.a. als &#8218;Tabaluga&#8216;. Verschiedene Tanzprojekte folgten, sp\u00e4ter entwickelte sich ein Interesse an Gesang. 2010 \u00fcbernahm der studierte Industriemanager seine erste Hauptrolle als Zaubermeister im Musical &#8218;Krabat&#8216; nach Otfried Preu\u00dfler am Bedburger Gymnasium. Zwischen 2010 und 2012 war [&hellip;]<\/p>\n","protected":false},"author":1,"featured_media":0,"parent":4385,"menu_order":0,"comment_status":"closed","ping_status":"closed","template":"","meta":{"footnotes":""},"class_list":["post-4493","page","type-page","status-publish","hentry","post-preview"],"_links":{"self":[{"href":"https:\/\/www.musical-ensemble-erft.de\/wordpress\/wp-json\/wp\/v2\/pages\/4493","targetHints":{"allow":["GET"]}}],"collection":[{"href":"https:\/\/www.musical-ensemble-erft.de\/wordpress\/wp-json\/wp\/v2\/pages"}],"about":[{"href":"https:\/\/www.musical-ensemble-erft.de\/wordpress\/wp-json\/wp\/v2\/types\/page"}],"author":[{"embeddable":true,"href":"https:\/\/www.musical-ensemble-erft.de\/wordpress\/wp-json\/wp\/v2\/users\/1"}],"replies":[{"embeddable":true,"href":"https:\/\/www.musical-ensemble-erft.de\/wordpress\/wp-json\/wp\/v2\/comments?post=4493"}],"version-history":[{"count":12,"href":"https:\/\/www.musical-ensemble-erft.de\/wordpress\/wp-json\/wp\/v2\/pages\/4493\/revisions"}],"predecessor-version":[{"id":4905,"href":"https:\/\/www.musical-ensemble-erft.de\/wordpress\/wp-json\/wp\/v2\/pages\/4493\/revisions\/4905"}],"up":[{"embeddable":true,"href":"https:\/\/www.musical-ensemble-erft.de\/wordpress\/wp-json\/wp\/v2\/pages\/4385"}],"wp:attachment":[{"href":"https:\/\/www.musical-ensemble-erft.de\/wordpress\/wp-json\/wp\/v2\/media?parent=4493"}],"curies":[{"name":"wp","href":"https:\/\/api.w.org\/{rel}","templated":true}]}}