{"id":4495,"date":"2017-07-21T10:00:32","date_gmt":"2017-07-21T08:00:32","guid":{"rendered":"http:\/\/www.musical-ensemble-erft.de\/wordpress\/?page_id=4495"},"modified":"2017-10-11T14:38:09","modified_gmt":"2017-10-11T12:38:09","slug":"barbara-franck-kuenstlerische-gesamtleitung-regie","status":"publish","type":"page","link":"https:\/\/www.musical-ensemble-erft.de\/wordpress\/projekte\/next-to-normal\/barbara-franck-kuenstlerische-gesamtleitung-regie\/","title":{"rendered":"Barbara Franck (K\u00fcnstlerische Gesamtleitung &#038; Regie)"},"content":{"rendered":"<div id=\"attachment_4507\" style=\"width: 277px\" class=\"wp-caption alignleft\"><a href=\"https:\/\/www.musical-ensemble-erft.de\/wordpress\/wp-content\/uploads\/2017\/06\/outdoor_barbara_facebook.jpg\" data-rel=\"lightbox-image-0\" data-rl_title=\"Barbara Franck - (c)Fabian B\u00f6hle Fotografie\" data-rl_caption=\"\" title=\"Barbara Franck - (c)Fabian B\u00f6hle Fotografie\"><img loading=\"lazy\" decoding=\"async\" aria-describedby=\"caption-attachment-4507\" class=\"size-medium wp-image-4507\" src=\"https:\/\/www.musical-ensemble-erft.de\/wordpress\/wp-content\/uploads\/2017\/06\/outdoor_barbara_facebook-267x400.jpg\" alt=\"\" width=\"267\" height=\"400\" srcset=\"https:\/\/www.musical-ensemble-erft.de\/wordpress\/wp-content\/uploads\/2017\/06\/outdoor_barbara_facebook-267x400.jpg 267w, https:\/\/www.musical-ensemble-erft.de\/wordpress\/wp-content\/uploads\/2017\/06\/outdoor_barbara_facebook-683x1024.jpg 683w, https:\/\/www.musical-ensemble-erft.de\/wordpress\/wp-content\/uploads\/2017\/06\/outdoor_barbara_facebook-333x500.jpg 333w, https:\/\/www.musical-ensemble-erft.de\/wordpress\/wp-content\/uploads\/2017\/06\/outdoor_barbara_facebook.jpg 720w\" sizes=\"auto, (max-width: 267px) 100vw, 267px\" \/><\/a><p id=\"caption-attachment-4507\" class=\"wp-caption-text\">Barbara Franck &#8211; (c)Fabian B\u00f6hle Fotografie<\/p><\/div>\n<p>Seit fast 15 Jahren verantwortet Barbara die k\u00fcnstlerische Gesamtleitung unseres Ensembles: Nach einer Jugend voller Chor-, Musical- und Theaterprojekte am Gymnasium Kerpen wechselte sie 2004 die Seiten und \u00fcbernahm die Leitung der Musical-AG der Schule, aus der das Musical Ensemble Erft hervorging. In diesem Rahmen f\u00fchrte die 35-J\u00e4hrige Regie und entwickelte Stagings f\u00fcr zahlreiche B\u00fchnenprojekte wie etwa &#8218;Tanz der Vampire&#8216; (2005), die &#8218;Nacht der Musicals&#8216; (2007) oder &#8218;Jeder neue Tag&#8216; (2009).<\/p>\n<p>Im Anschluss erstellte Barbara die deutsche Dialogfassung von Jonathan Larsons &#8218;tick, tick&#8230;BOOM!&#8216; und f\u00fchrte gemeinsam mit Marco Maciejewski 2010 Regie bei dieser Deutschlandpremiere. Mit der Regie bei &#8218;RENT&#8216; erf\u00fcllte sich die studierte Medienwissenschaftlerin 2012 einen lang gehegten Traum, nachdem sie in diesem St\u00fcck elf Jahre zuvor selber auf der B\u00fchne gestanden hatte. Nach der Projektleitung f\u00fcr mehrere konzertante Projekte \u00fcbernahm Barbara 2015\/2016 die k\u00fcnstlerische Gesamtleitung und Regie bei der &#8218;Addams Family&#8216;. Nun freut sie sich sehr, mit &#8218;Next To Normal&#8216; erneut ein St\u00fcck inszenieren zu d\u00fcrfen, das ihrem Idealbild eines Musicals sehr nahe kommt. Nur zu besonderen Anl\u00e4ssen zieht es Barbara neben der Projektsteuerung noch selbst ins aktive Geschehen, zuletzt im Chor von &#8218;Kolpings Traum&#8216; in der LANXESS Arena, beim Kolpingtag Kerpen und der Benefiz-Show von &#8218;STARLIGHT EXPRESS&#8216;.<\/p>\n<p>Neben der k\u00fcnstlerischen Leitung engagiert sich Barbara Franck seit der Vereinsgr\u00fcndung im Vorstand des Musical Ensemble Erft mit den Arbeitsschwerpunkten Finanzen und Presse. Hauptberuflich arbeitet sie als Projektleiterin in einer Digitalredaktion und schreibt hin und wieder einige Zeilen f\u00fcr ihre Promotion \u00fcber die Kulturgeschichte des Broadway-Musicals.<\/p>\n","protected":false},"excerpt":{"rendered":"<p>Seit fast 15 Jahren verantwortet Barbara die k\u00fcnstlerische Gesamtleitung unseres Ensembles: Nach einer Jugend voller Chor-, Musical- und Theaterprojekte am Gymnasium Kerpen wechselte sie 2004 die Seiten und \u00fcbernahm die Leitung der Musical-AG der Schule, aus der das Musical Ensemble Erft hervorging. In diesem Rahmen f\u00fchrte die 35-J\u00e4hrige Regie und entwickelte Stagings f\u00fcr zahlreiche B\u00fchnenprojekte [&hellip;]<\/p>\n","protected":false},"author":1,"featured_media":0,"parent":4385,"menu_order":0,"comment_status":"closed","ping_status":"closed","template":"","meta":{"footnotes":""},"class_list":["post-4495","page","type-page","status-publish","hentry","post-preview"],"_links":{"self":[{"href":"https:\/\/www.musical-ensemble-erft.de\/wordpress\/wp-json\/wp\/v2\/pages\/4495","targetHints":{"allow":["GET"]}}],"collection":[{"href":"https:\/\/www.musical-ensemble-erft.de\/wordpress\/wp-json\/wp\/v2\/pages"}],"about":[{"href":"https:\/\/www.musical-ensemble-erft.de\/wordpress\/wp-json\/wp\/v2\/types\/page"}],"author":[{"embeddable":true,"href":"https:\/\/www.musical-ensemble-erft.de\/wordpress\/wp-json\/wp\/v2\/users\/1"}],"replies":[{"embeddable":true,"href":"https:\/\/www.musical-ensemble-erft.de\/wordpress\/wp-json\/wp\/v2\/comments?post=4495"}],"version-history":[{"count":7,"href":"https:\/\/www.musical-ensemble-erft.de\/wordpress\/wp-json\/wp\/v2\/pages\/4495\/revisions"}],"predecessor-version":[{"id":4874,"href":"https:\/\/www.musical-ensemble-erft.de\/wordpress\/wp-json\/wp\/v2\/pages\/4495\/revisions\/4874"}],"up":[{"embeddable":true,"href":"https:\/\/www.musical-ensemble-erft.de\/wordpress\/wp-json\/wp\/v2\/pages\/4385"}],"wp:attachment":[{"href":"https:\/\/www.musical-ensemble-erft.de\/wordpress\/wp-json\/wp\/v2\/media?parent=4495"}],"curies":[{"name":"wp","href":"https:\/\/api.w.org\/{rel}","templated":true}]}}